{"id":1064,"date":"2022-07-20T09:59:56","date_gmt":"2022-07-20T09:59:56","guid":{"rendered":"https:\/\/pizzerianotris.es\/?page_id=1064"},"modified":"2022-09-12T17:58:01","modified_gmt":"2022-09-12T17:58:01","slug":"aviso-legal-y-condiciones","status":"publish","type":"page","link":"https:\/\/pizzerianotris.es\/ca\/aviso-legal-y-condiciones\/","title":{"rendered":"Av\u00eds legal i condicions"},"content":{"rendered":"<p>GENERALS D&#039;\u00daS<\/p>\n\n\n\n<p>pizzerianotris.es<\/p>\n\n\n\n<p>I. INFORMACI\u00d3 GENERAL<br>En compliment amb el deure informaci\u00f3 disposat a la Llei 34\/2002 de Serveis de la Societat de<br>la Informaci\u00f3 i el Comer\u00e7 Electr\u00f2nic (LSSI-CE) d&#039;11 de juliol, es faciliten a continuaci\u00f3 els seg\u00fcents<br>dades d&#039;informaci\u00f3 general d&#039;aquest lloc web:<br>La titularitat d&#039;aquest lloc web, pizzerianotris.es (d&#039;ara endavant, Lloc Web) l&#039;ostenta: NOTRIS DEL\u00cdCIES<br>MEDITERR\u00c0NIES, prove\u00efda de NIF: B66929878 i inscrita a: Registre Mercantil A Barcelona amb els<br>seg\u00fcents dades registrals: Tom 0, P\u00e0gina 1, el representant del qual \u00e9s: Nino Ziu, i les dades de contacte del qual<br>s\u00f3n:<br>Adre\u00e7a: Pla\u00e7a Maria Assumpte n\u00b03<br>Tel\u00e8fon de contacte: 637648185<br>Email de contacte: notrisb10@gmail.com<br>II. TERMES I CONDICIONS GENERALS D&#039;\u00daS<br>L&#039;objecte de les condicions: El Lloc Web<br>L&#039;objecte de les presents Condicions Generals d&#039;\u00das (d&#039;ara endavant, Condicions) \u00e9s regular l&#039;acc\u00e9s i<br>la utilitzaci\u00f3 del Lloc Web. Als efectes de les presents Condicions s&#039;entendr\u00e0 com a Lloc Web: la<br>aparen\u00e7a externa de les interf\u00edcies de pantalla, tant de forma est\u00e0tica com de forma din\u00e0mica, \u00e9s<br>dir, l&#039;arbre de navegaci\u00f3; i tots els elements integrats tant a les interf\u00edcies de pantalla com a<br>l&#039;arbre de navegaci\u00f3 (d&#039;ara endavant, Continguts) i tots aquells serveis o recursos en l\u00ednia que a la seva<br>cas ofereixi als Usuaris (d&#039;ara endavant, Serveis).<br>PIZZER\u00cdA NOTRIS es reserva la facultat de modificar, en qualsevol moment, i sense av\u00eds previ, la<br>presentaci\u00f3 i configuraci\u00f3 del Lloc Web i dels Continguts i Serveis que hi poguessin estar<br>incorporats. L&#039;Usuari reconeix i accepta que en qualsevol moment PIZZER\u00cdA NOTRIS pugui<br>interrompre, desactivar i\/o cancel\u00b7lar qualsevol d&#039;aquests elements que s&#039;integren al Lloc Web o el<br>acc\u00e9s a aquests.<br>L&#039;acc\u00e9s al Lloc Web per l&#039;Usuari t\u00e9 car\u00e0cter lliure i, per regla general, \u00e9s gratu\u00eft sense que l&#039;Usuari<br>hagi de proporcionar una contraprestaci\u00f3 per poder gaudir-ne, excepte pel que fa al cost de<br>connexi\u00f3 a trav\u00e9s de la xarxa de telecomunicacions subministrada pel prove\u00efdor d&#039;acc\u00e9s que hi hagu\u00e9s<br>contractat l&#039;usuari.<br>La utilitzaci\u00f3 d&#039;algun dels Continguts o Serveis del Lloc Web es pot fer mitjan\u00e7ant la subscripci\u00f3<br>o registre previ de l&#039;Usuari.<\/p>\n\n\n\n<p>L&#039;Usuari<br>L&#039;acc\u00e9s, la navegaci\u00f3 i l&#039;\u00fas del Lloc Web, aix\u00ed com pels espais habilitats per interactuar entre<br>els Usuaris, i l&#039;Usuari i PIZZERIA NOTRIS, com els comentaris i\/o espais de blogging, confereix la<br>condici\u00f3 d&#039;Usuari, per la qual cosa s&#039;accepten, des que s&#039;inicia la navegaci\u00f3 pel Lloc Web, totes les<br>Condicions aqu\u00ed establertes, aix\u00ed com les seves ulteriors modificacions, sens perjudici de l&#039;aplicaci\u00f3 de la<br>corresponent normativa legal de compliment obligat segons el cas. Donada la rellev\u00e0ncia del<br>anterior, es recomana a l&#039;Usuari llegir-les cada vegada que visiteu el Lloc Web.<br>El Lloc Web de PIZZER\u00cdA NOTRIS proporciona gran diversitat d&#039;informaci\u00f3, serveis i dades. L&#039;Usuari<br>assumeix la seva responsabilitat per fer un \u00fas correcte del Lloc Web. Aquesta responsabilitat s&#039;estendr\u00e0 a:<br>Un \u00fas de la informaci\u00f3, Continguts i\/o Serveis i dades ofertes per PIZZER\u00cdA NOTRIS sense que<br>sigui contrari al que disposen aquestes Condicions, la Llei, la moral o l&#039;ordre p\u00fablic, o que<br>de qualsevol altra manera puguin suposar lesi\u00f3 dels drets de tercers o del mateix<br>funcionament del Lloc Web.<br>La veracitat i licitud de les informacions aportades per l&#039;Usuari als formularis estesos<br>per PIZZERIA NOTRIS per a l&#039;acc\u00e9s a certs Continguts o Serveis oferts pel Lloc Web. A<br>tot cas, l&#039;Usuari notificar\u00e0 de forma immediata a PIZZERIA NOTRIS sobre qualsevol fet<br>que permeti l&#039;\u00fas indegut de la informaci\u00f3 registrada en aquests formularis, com ara, per\u00f2 no<br>sol, el robatori, p\u00e8rdua, o l&#039;acc\u00e9s no autoritzat a identificadors i\/o contrasenyes, per tal de<br>procedir a cancel\u00b7lar-la immediatament.<br>PISSERIA NOTRIS es reserva el dret de retirar tots aquells comentaris i aportacions que vulnerin<br>la llei, el respecte a la dignitat de la persona, que siguin discriminatoris, xen\u00f2fobs, racistes, pornogr\u00e0fics,<br>spamming, que atemptin contra la joventut o la inf\u00e0ncia, l&#039;ordre o la seguretat p\u00fablica o que, al seu parer,<br>no resultaran adequats per a la publicaci\u00f3.<br>En qualsevol cas, PIZZER\u00cdA NOTRIS no ser\u00e0 responsable de les opinions abocades pels Usuaris a<br>mitjan\u00e7ant comentaris o altres eines de blogging o de participaci\u00f3 que hi pugui haver.<br>El mer acc\u00e9s a aquest Lloc Web no suposa entaular cap tipus de relaci\u00f3 de car\u00e0cter comercial entre<br>PISSERIA NOTRIS i l&#039;Usuari.<br>Sempre en el respecte de la legislaci\u00f3 vigent, aquest Lloc Web de PIZZER\u00cdA NOTRIS s&#039;adre\u00e7a a totes les<br>persones, sense importar-ne l&#039;edat, que puguin accedir i\/o navegar per les p\u00e0gines del Lloc Web.<br>El Lloc Web est\u00e0 dirigit principalment a Usuaris residents a Espanya. PISSERIA NOTRIS no assegura<br>que el Lloc Web compleixi amb legislacions d&#039;altres pa\u00efsos, ja sigui totalment o parcialment. Si l&#039;usuari resideix<br>o t\u00e9 el domiciliat en un altre lloc i decideix accedir i\/o navegar al Lloc Web ho far\u00e0 sota la seva pr\u00f2pia<br>responsabilitat, assegureu-vos que aquest acc\u00e9s i navegaci\u00f3 compleix amb la legislaci\u00f3 local que us<br>\u00e9s aplicable, no assumint cap PISSERIA NOTRIS cap responsabilitat que se&#039;n pugui derivar<br>acc\u00e9s.<br>III. ACC\u00c9S I NAVEGACI\u00d3 AL LLOC WEB:<br>EXCLUSI\u00d3 DE GARANTIES I RESPONSABILITAT<br>PISSERIA NOTRIS no garanteix la continu\u00eftat, disponibilitat i utilitat del Lloc Web, ni dels Continguts o<br>Serveis. PISSERIA NOTRIS far\u00e0 tot el possible pel bon funcionament del Lloc Web, per\u00f2, no<br>es responsabilitza ni garanteix que l&#039;acc\u00e9s a aquest Lloc Web no sigui ininterromput o que estigui lliure<br>derror.<\/p>\n\n\n\n<p>Tampoc no es responsabilitza o garanteix que el contingut o programari al qual es pugui accedir a trav\u00e9s de<br>aquest Lloc Web, estigui lliure derror o causi un dany al sistema inform\u00e0tic (programari i maquinari) del<br>Usuari. En cap cas PIZZERIA NOTRIS ser\u00e0 responsable per les p\u00e8rdues, danys o perjudicis de<br>qualsevol tipus que sorgeixin per l&#039;acc\u00e9s, navegaci\u00f3 i \u00fas del Lloc Web, incloent-hi, per\u00f2 no<br>limitant-se, als ocasionats als sistemes inform\u00e0tics o els provocats per la introducci\u00f3 de virus.<br>PISSERIA NOTRIS tampoc no es fa responsable dels danys que poguessin ocasionar-se als usuaris per<br>\u00fas inadequat d&#039;aquest Lloc Web. En particular, no es fa responsable de cap manera de les caigudes,<br>interrupcions, manca o defecte de les telecomunicacions que poguessin oc\u00f3rrer.<br>IV. POL\u00cdTICA D&#039;ENLLA\u00c7OS<br>S&#039;informa que el Lloc Web de PIZZER\u00cdA NOTRIS posa o pot posar a disposici\u00f3 dels Usuaris mitjans<br>d&#039;enlla\u00e7 (com, entre d&#039;altres, links, banners, botons), directoris i motors de cerca que permeten a<br>els Usuaris accedir a llocs web pertanyents i\/o gestionats per tercers.<br>La instal\u00b7laci\u00f3 d&#039;aquests enlla\u00e7os, directoris i motors de cerca al Lloc Web t\u00e9 per objecte facilitar<br>als Usuaris la cerca de i acc\u00e9s a la informaci\u00f3 disponible a Internet, sense que es pugui considerar<br>un suggeriment, recomanaci\u00f3 o invitaci\u00f3 per a la visita dels mateixos.<br>PISSERIA NOTRIS no ofereix ni comercialitza per si ni per mitj\u00e0 de tercers els productes i\/o serveis<br>disponibles en aquests llocs enlla\u00e7ats.<br>Aix\u00ed mateix, tampoc garantir\u00e0 la disponibilitat t\u00e8cnica, exactitud, veracitat, validesa o legalitat de llocs<br>aliens a la seva propietat a qu\u00e8 es pugui accedir per mitj\u00e0 dels enlla\u00e7os.<br>PISSERIA NOTRIS en cap cas revisar\u00e0 o controlar\u00e0 el contingut d&#039;altres llocs web, aix\u00ed com tampoc<br>aprova, examina ni fa propis els productes i serveis, continguts, arxius i qualsevol altre material<br>existent en els referits llocs enlla\u00e7ats.<br>PISSERIA NOTRIS no assumeix cap responsabilitat pels danys i perjudicis que poguessin produir-se<br>per l&#039;acc\u00e9s, \u00fas, qualitat o licitud dels continguts, comunicacions, opinions, productes i serveis de<br>els llocs web no gestionats per PIZZER\u00cdA NOTRIS i que siguin enlla\u00e7ats en aquest Lloc Web.<br>L&#039;Usuari o tercer que faci un hiperenlla\u00e7 des d&#039;una p\u00e0gina web d&#039;un altre, diferent, lloc web al Lloc<br>Web de PIZZERIA NOTRIS haur\u00e0 de saber que:<br>No es permet la reproducci\u00f3 \u2014totalment o parcialment\u2014 de cap dels Continguts i\/o Serveis del Lloc<br>Web sense autoritzaci\u00f3 expressa de PIZZERIA NOTRIS.<br>No es permet tampoc cap manifestaci\u00f3 falsa, inexacta o incorrecta sobre el Lloc Web de PIZZER\u00cdA<br>NOTRIS, ni sobre els continguts i\/o serveis del mateix.<br>A excepci\u00f3 de l&#039;hiperenlla\u00e7, el lloc web on s&#039;estableixi aquest hiperenlla\u00e7 no contindr\u00e0 cap<br>element, d&#039;aquest Lloc Web, protegit com a propietat intel\u00b7lectual per l&#039;ordenament jur\u00eddic espanyol,<br>excepte autoritzaci\u00f3 expressa de PIZZERIA NOTRIS.<br>L&#039;establiment de l&#039;hipervincle no implicar\u00e0 l&#039;exist\u00e8ncia de relacions entre PIZZERIA NOTRIS i el<br>titular del lloc web des del qual es realitzi, ni el coneixement i acceptaci\u00f3 de PIZZER\u00cdA NOTRIS dels<br>continguts, serveis i\/o activitats ofertes en aquest lloc web, i viceversa.<\/p>\n\n\n\n<p>V. PROPIETAT INTEL\u00b7LECTUAL I INDUSTRIAL<br>PISSERIA NOTRIS per si o com a part cession\u00e0ria, \u00e9s titular de tots els drets de propietat intel\u00b7lectual<br>i industrial del Lloc Web, aix\u00ed com dels elements continguts en aquest (a t\u00edtol enunciatiu i no<br>exhaustiu, imatges, so, \u00e0udio, v\u00eddeo, programari o textos, marques o logotips, combinacions de<br>colors, estructura i disseny, selecci\u00f3 de materials usats, programes d&#039;ordinador necessaris per al vostre<br>funcionament, acc\u00e9s i \u00fas, etc.). Seran, per tant, obres protegides com a propietat intel\u00b7lectual<br>per l&#039;ordenament jur\u00eddic espanyol, sent-los aplicables tant la normativa espanyola i comunit\u00e0ria a<br>aquest camp, com els tractats internacionals relatius a la mat\u00e8ria i subscrits per Espanya.<br>Tots els drets reservats. En virtut del que disposa la Llei de Propietat Intel\u00b7lectual, queden<br>expressament prohibides la reproducci\u00f3, la distribuci\u00f3 i la comunicaci\u00f3 p\u00fablica, inclosa la seva modalitat<br>de posada a disposici\u00f3, de la totalitat o part dels continguts d&#039;aquesta p\u00e0gina web, amb finalitat<br>comercials, en qualsevol suport i per qualsevol mitj\u00e0 t\u00e8cnic, sense lautoritzaci\u00f3 de PIZZERIA NOTRIS.<br>L&#039;Usuari es compromet a respectar els drets de propietat intel\u00b7lectual i industrial de PIZZER\u00cdA<br>NOTRIS. Podreu visualitzar els elements del Lloc Web o fins i tot imprimir-los, copiar-los i emmagatzemar-los al<br>disc dur del vostre ordinador o en qualsevol altre suport f\u00edsic sempre que sigui, exclusivament, per<br>\u00fas personal. L&#039;Usuari, per\u00f2, no podr\u00e0 suprimir, alterar, o manipular qualsevol dispositiu de<br>protecci\u00f3 o sistema de seguretat que estigu\u00e9s instal\u00b7lat al Lloc Web.<br>En cas que l&#039;Usuari o tercer consideri que qualsevol dels Continguts del Lloc Web suposi una<br>violaci\u00f3 dels drets de protecci\u00f3 de la propietat intel\u00b7lectual, ho haur\u00e0 de comunicar immediatament a<br>PISSERIA NOTRIS a trav\u00e9s de les dades de contacte de l&#039;apartat d&#039;INFORMACI\u00d3 GENERAL d&#039;aquest Av\u00eds<br>Legal i Condicions Generals d\u00das.<br>VI. ACCIONS LEGALS, LEGISLACI\u00d3 APLICABLE I<br>JURISDICCI\u00d3<br>PISSERIA NOTRIS es reserva la facultat de presentar les accions civils o penals que consideri<br>necess\u00e0ries per la utilitzaci\u00f3 indeguda del Lloc Web i Continguts, o per l&#039;incompliment de les presents<br>Condicions.<br>La relaci\u00f3 entre l&#039;Usuari i PIZZERIA NOTRIS es regir\u00e0 per la normativa vigent i aplicable al<br>territori espanyol. De sorgir qualsevol controv\u00e8rsia en relaci\u00f3 amb la interpretaci\u00f3 i\/oa l&#039;aplicaci\u00f3 de<br>aquestes Condicions les parts sotmetran els seus conflictes a la jurisdicci\u00f3 ordin\u00e0ria sotmetent-se als jutges<br>i tribunals que corresponguin conforme a dret.<br>Aquest document d&#039;Av\u00eds Legal i Condicions Generals d&#039;\u00fas del lloc web ha estat creat mitjan\u00e7ant el<br>generador de plantilla d&#039;av\u00eds legal i condicions d&#039;\u00fas en l\u00ednia el dia 19\/07\/2022.<\/p>","protected":false},"excerpt":{"rendered":"<p>GENERALS D&#039;\u00daS pizzerianotris.es I. INFORMACI\u00d3 GENERAL En compliment amb el deure informaci\u00f3 disposat a la Llei 34\/2002 de Serveis de la Societat de la Informaci\u00f3 i el Comer\u00e7 Electr\u00f2nic (LSSI-CE) d&#039;11 de juliol, es faciliten a continuaci\u00f3 les dades seg\u00fcents d&#039;informaci\u00f3 general d&#039;aquest lloc web: La titularitat d&#039;aquest lloc web, pizzerianotris.es, (d&#039;ara endavant, \u2026<\/p>\n<p class=\"read-more\"> <a class=\"\" href=\"https:\/\/pizzerianotris.es\/ca\/aviso-legal-y-condiciones\/\"> <span class=\"screen-reader-text\">Av\u00eds legal i condicions<\/span> Llegeix m\u00e9s \u00bb<\/a><\/p>","protected":false},"author":1,"featured_media":0,"parent":0,"menu_order":0,"comment_status":"closed","ping_status":"closed","template":"","meta":{"om_disable_all_campaigns":false,"_monsterinsights_skip_tracking":false,"_monsterinsights_sitenote_active":false,"_monsterinsights_sitenote_note":"","_monsterinsights_sitenote_category":0,"site-sidebar-layout":"default","site-content-layout":"default","ast-global-header-display":"","ast-main-header-display":"","ast-hfb-above-header-display":"","ast-hfb-below-header-display":"","ast-hfb-mobile-header-display":"","site-post-title":"","ast-breadcrumbs-content":"","ast-featured-img":"","footer-sml-layout":"","theme-transparent-header-meta":"","adv-header-id-meta":"","stick-header-meta":"","header-above-stick-meta":"","header-main-stick-meta":"","header-below-stick-meta":""},"yoast_head":"<!-- This site is optimized with the Yoast SEO plugin v20.5 - https:\/\/yoast.com\/wordpress\/plugins\/seo\/ -->\n<title>Aviso legal y condiciones -<\/title>\n<meta name=\"robots\" content=\"index, follow, max-snippet:-1, max-image-preview:large, max-video-preview:-1\" \/>\n<link rel=\"canonical\" href=\"https:\/\/pizzerianotris.es\/ca\/aviso-legal-y-condiciones\/\" \/>\n<meta property=\"og:locale\" content=\"ca_ES\" \/>\n<meta property=\"og:type\" content=\"article\" \/>\n<meta property=\"og:title\" content=\"Aviso legal y condiciones -\" \/>\n<meta property=\"og:description\" content=\"GENERALES DE USO pizzerianotris.es I. INFORMACI\u00d3N GENERALEn cumplimiento con el deber de informaci\u00f3n dispuesto en la Ley 34\/2002 de Servicios de la Sociedad dela Informaci\u00f3n y el Comercio Electr\u00f3nico (LSSI-CE) de 11 de julio, se facilitan a continuaci\u00f3n los siguientesdatos de informaci\u00f3n general de este sitio web:La titularidad de este sitio web, pizzerianotris.es, (en adelante, &hellip; Aviso legal y condiciones Llegeix m\u00e9s &raquo;\" \/>\n<meta property=\"og:url\" content=\"https:\/\/pizzerianotris.es\/ca\/aviso-legal-y-condiciones\/\" \/>\n<meta property=\"article:modified_time\" content=\"2022-09-12T17:58:01+00:00\" \/>\n<meta name=\"twitter:card\" content=\"summary_large_image\" \/>\n<meta name=\"twitter:label1\" content=\"Temps estimat de lectura\" \/>\n\t<meta name=\"twitter:data1\" content=\"9 minuts\" \/>\n<script type=\"application\/ld+json\" class=\"yoast-schema-graph\">{\"@context\":\"https:\/\/schema.org\",\"@graph\":[{\"@type\":\"WebPage\",\"@id\":\"https:\/\/pizzerianotris.es\/aviso-legal-y-condiciones\/\",\"url\":\"https:\/\/pizzerianotris.es\/aviso-legal-y-condiciones\/\",\"name\":\"Aviso legal y condiciones -\",\"isPartOf\":{\"@id\":\"https:\/\/pizzerianotris.es\/#website\"},\"datePublished\":\"2022-07-20T09:59:56+00:00\",\"dateModified\":\"2022-09-12T17:58:01+00:00\",\"breadcrumb\":{\"@id\":\"https:\/\/pizzerianotris.es\/aviso-legal-y-condiciones\/#breadcrumb\"},\"inLanguage\":\"ca\",\"potentialAction\":[{\"@type\":\"ReadAction\",\"target\":[\"https:\/\/pizzerianotris.es\/aviso-legal-y-condiciones\/\"]}]},{\"@type\":\"BreadcrumbList\",\"@id\":\"https:\/\/pizzerianotris.es\/aviso-legal-y-condiciones\/#breadcrumb\",\"itemListElement\":[{\"@type\":\"ListItem\",\"position\":1,\"name\":\"Portada\",\"item\":\"https:\/\/pizzerianotris.es\/\"},{\"@type\":\"ListItem\",\"position\":2,\"name\":\"Aviso legal y condiciones\"}]},{\"@type\":\"WebSite\",\"@id\":\"https:\/\/pizzerianotris.es\/#website\",\"url\":\"https:\/\/pizzerianotris.es\/\",\"name\":\"\",\"description\":\"Otro sitio realizado con WordPress\",\"potentialAction\":[{\"@type\":\"SearchAction\",\"target\":{\"@type\":\"EntryPoint\",\"urlTemplate\":\"https:\/\/pizzerianotris.es\/?s={search_term_string}\"},\"query-input\":\"required name=search_term_string\"}],\"inLanguage\":\"ca\"}]}<\/script>\n<!-- \/ Yoast SEO plugin. -->","yoast_head_json":{"title":"Aviso legal y condiciones -","robots":{"index":"index","follow":"follow","max-snippet":"max-snippet:-1","max-image-preview":"max-image-preview:large","max-video-preview":"max-video-preview:-1"},"canonical":"https:\/\/pizzerianotris.es\/ca\/aviso-legal-y-condiciones\/","og_locale":"ca_ES","og_type":"article","og_title":"Aviso legal y condiciones -","og_description":"GENERALES DE USO pizzerianotris.es I. INFORMACI\u00d3N GENERALEn cumplimiento con el deber de informaci\u00f3n dispuesto en la Ley 34\/2002 de Servicios de la Sociedad dela Informaci\u00f3n y el Comercio Electr\u00f3nico (LSSI-CE) de 11 de julio, se facilitan a continuaci\u00f3n los siguientesdatos de informaci\u00f3n general de este sitio web:La titularidad de este sitio web, pizzerianotris.es, (en adelante, &hellip; Aviso legal y condiciones Llegeix m\u00e9s &raquo;","og_url":"https:\/\/pizzerianotris.es\/ca\/aviso-legal-y-condiciones\/","article_modified_time":"2022-09-12T17:58:01+00:00","twitter_card":"summary_large_image","twitter_misc":{"Temps estimat de lectura":"9 minuts"},"schema":{"@context":"https:\/\/schema.org","@graph":[{"@type":"WebPage","@id":"https:\/\/pizzerianotris.es\/aviso-legal-y-condiciones\/","url":"https:\/\/pizzerianotris.es\/aviso-legal-y-condiciones\/","name":"Aviso legal y condiciones -","isPartOf":{"@id":"https:\/\/pizzerianotris.es\/#website"},"datePublished":"2022-07-20T09:59:56+00:00","dateModified":"2022-09-12T17:58:01+00:00","breadcrumb":{"@id":"https:\/\/pizzerianotris.es\/aviso-legal-y-condiciones\/#breadcrumb"},"inLanguage":"ca","potentialAction":[{"@type":"ReadAction","target":["https:\/\/pizzerianotris.es\/aviso-legal-y-condiciones\/"]}]},{"@type":"BreadcrumbList","@id":"https:\/\/pizzerianotris.es\/aviso-legal-y-condiciones\/#breadcrumb","itemListElement":[{"@type":"ListItem","position":1,"name":"Portada","item":"https:\/\/pizzerianotris.es\/"},{"@type":"ListItem","position":2,"name":"Aviso legal y condiciones"}]},{"@type":"WebSite","@id":"https:\/\/pizzerianotris.es\/#website","url":"https:\/\/pizzerianotris.es\/","name":"","description":"Otro sitio realizado con WordPress","potentialAction":[{"@type":"SearchAction","target":{"@type":"EntryPoint","urlTemplate":"https:\/\/pizzerianotris.es\/?s={search_term_string}"},"query-input":"required name=search_term_string"}],"inLanguage":"ca"}]}},"_links":{"self":[{"href":"https:\/\/pizzerianotris.es\/ca\/wp-json\/wp\/v2\/pages\/1064"}],"collection":[{"href":"https:\/\/pizzerianotris.es\/ca\/wp-json\/wp\/v2\/pages"}],"about":[{"href":"https:\/\/pizzerianotris.es\/ca\/wp-json\/wp\/v2\/types\/page"}],"author":[{"embeddable":true,"href":"https:\/\/pizzerianotris.es\/ca\/wp-json\/wp\/v2\/users\/1"}],"replies":[{"embeddable":true,"href":"https:\/\/pizzerianotris.es\/ca\/wp-json\/wp\/v2\/comments?post=1064"}],"version-history":[{"count":2,"href":"https:\/\/pizzerianotris.es\/ca\/wp-json\/wp\/v2\/pages\/1064\/revisions"}],"predecessor-version":[{"id":1272,"href":"https:\/\/pizzerianotris.es\/ca\/wp-json\/wp\/v2\/pages\/1064\/revisions\/1272"}],"wp:attachment":[{"href":"https:\/\/pizzerianotris.es\/ca\/wp-json\/wp\/v2\/media?parent=1064"}],"curies":[{"name":"wp","href":"https:\/\/api.w.org\/{rel}","templated":true}]}}