{"id":3,"date":"2022-06-07T09:13:45","date_gmt":"2022-06-07T09:13:45","guid":{"rendered":"http:\/\/pizzerianotris.es\/?page_id=3"},"modified":"2023-04-24T13:53:44","modified_gmt":"2023-04-24T13:53:44","slug":"politica-privacidad","status":"publish","type":"page","link":"https:\/\/pizzerianotris.es\/ca\/politica-privacidad\/","title":{"rendered":"Pol\u00edtica de privadesa"},"content":{"rendered":"<p>I. POL\u00cdTICA DE PRIVACITAT I PROTECCI\u00d3 DE DADES<br>Respectant el que estableix la legislaci\u00f3 vigent, PIZZERIA NOTRIS (d&#039;ara endavant, tamb\u00e9 Lloc Web) es<br>compromet a adoptar les mesures t\u00e8cniques i organitzatives necess\u00e0ries, segons el nivell de seguretat<br>adequat al risc de les dades recollides.<br>Lleis que incorpora aquesta pol\u00edtica de privadesa<br>Aquesta pol\u00edtica de privadesa est\u00e0 adaptada a la normativa espanyola i europea vigent en mat\u00e8ria de<br>protecci\u00f3 de dades personals a internet. En concret, aquesta respecta les seg\u00fcents normes:<br>El Reglament (UE) 2016\/679 del Parlament Europeu i del Consell, de 27 d&#039;abril del 2016, relatiu<br>a la protecci\u00f3 de les persones f\u00edsiques pel que fa al tractament de dades personals ia la<br>lliure circulaci\u00f3 daquestes dades (RGPD).<br>La Llei Org\u00e0nica 3\/2018, de 5 de desembre, de Protecci\u00f3 de Dades Personals i garantia dels<br>drets digitals (LOPD-GDD).<br>El Reial decret 1720\/2007, de 21 de desembre, pel qual saprova el Reglament de desenvolupament<br>de la Llei Org\u00e0nica 15\/1999, del 13 de desembre, de Protecci\u00f3 de Dades de Car\u00e0cter Personal<br>(RDLOPD).<br>La Llei 34\/2002, d&#039;11 de juliol, de serveis de la societat de la informaci\u00f3 i de comer\u00e7<br>Electr\u00f2nic (LSSI-CE).<br>Identitat del responsable del tractament de les dades personals<br>El responsable del tractament de les dades personals recollides a PIZZER\u00cdA NOTRIS \u00e9s: NOTRIS<br>DEL\u00cdCIES MEDITERR\u00c0NIES, prove\u00efda de NIF\/CIF: B66929878 i inscrit a: Registre Mercantil A de<br>Barcelona amb les dades registrals seg\u00fcents: Tom\u00f3 0, P\u00e0gina 1, el representant del qual \u00e9s: Nino Ziu (en<br>endavant, Responsable del tractament). Les vostres dades de contacte s\u00f3n les seg\u00fcents:<br>Adre\u00e7a: Pla\u00e7a Maria Assumpte n\u00b0 3<br>Tel\u00e8fon de contacte: 637648155<br>Email de contacte: notrisb10@gmail.com<br>Registre de Dades de Car\u00e0cter Personal<br>En compliment del que estableix el RGPD i la LOPD-GDD, us informem que les dades personals<br>demanats per PIZZERIA NOTRIS, mitjan\u00e7ant els formularis estesos a les seves p\u00e0gines quedaran<br>incorporats i seran tractats al nostre fitxer per tal de poder facilitar, agilitzar i complir els<br>compromisos establerts entre PIZZERIA NOTRIS i l&#039;Usuari o el manteniment de la relaci\u00f3 que es<\/p>\n\n\n\n<p>estableixi als formularis que aquest empleni, o per atendre una sol\u00b7licitud o consulta del mateix.<br>Aix\u00ed mateix, de conformitat amb el que preveu el RGPD i la LOPD-GDD, llevat que sigui aplicable<br>excepci\u00f3 prevista a l&#039;article 30.5 del RGPD, es mant\u00e9 un registre d&#039;activitats de tractament<br>que especifica, segons les seves finalitats, les activitats de tractament dutes a terme i les altres<br>circumst\u00e0ncies establertes al RGPD.<br>Principis aplicables al tractament de les dades personals<br>El tractament de les dades personals de l&#039;Usuari se sotmetr\u00e0 als seg\u00fcents principis recollits al<br>article 5 del RGPD i en l&#039;article 4 i seg\u00fcents de la Llei Org\u00e0nica 3\/2018, de 5 de desembre, de<br>Protecci\u00f3 de Dades Personals i garantia dels drets digitals:<br>Principi de licitud, lleialtat i transpar\u00e8ncia: es requerir\u00e0 en tot moment el consentiment del<br>Usuari pr\u00e8via informaci\u00f3 completament transparent de les finalitats per a les quals es recullen els<br>dades personals.<br>Principi de limitaci\u00f3 de la finalitat: les dades personals seran recollides amb fins determinats,<br>expl\u00edcits i leg\u00edtims.<br>Principi de minimitzaci\u00f3 de dades: les dades personals recollides seran \u00fanicament les<br>estrictament necessaris en relaci\u00f3 amb els fins per als quals s\u00f3n tractats.<br>Principi d&#039;exactitud: les dades personals han de ser exactes i estar sempre actualitzades.<br>Principi de limitaci\u00f3 del termini de conservaci\u00f3: les dades personals nom\u00e9s seran mantingudes de<br>manera que es permeti la identificaci\u00f3 de l&#039;Usuari durant el temps necessari per als fins del seu<br>tractament.<br>Principi d&#039;integritat i confidencialitat: les dades personals seran tractades de manera que es<br>en garanteixi la seguretat i la confidencialitat.<br>Principi de responsabilitat proactiva: el responsable del tractament ser\u00e0 responsable d&#039;assegurar<br>que els principis anteriors es compleixen.<br>Categories de dades personals<br>Les categories de dades que es tracten a PIZZER\u00cdA NOTRIS s\u00f3n \u00fanicament dades identificatives. En cap<br>cas, es tracten categories especials de dades personals en el sentit de larticle 9 del RGPD.<br>Base legal per al tractament de les dades personals<br>La base legal per al tractament de les dades personals \u00e9s el consentiment. PISSERIA NOTRIS es<br>compromet a demanar el consentiment expr\u00e9s i verificable de l&#039;Usuari per al tractament dels seus<br>dades personals per a un o diversos fins espec\u00edfics.<br>L&#039;Usuari tindr\u00e0 dret a retirar el consentiment en qualsevol moment. Ser\u00e0 tan f\u00e0cil retirar el<br>consentiment com donar-ho. Com a regla general, la retirada del consentiment no condicionar\u00e0 l&#039;\u00fas del<br>Lloc Web.<br>En les ocasions en qu\u00e8 l&#039;Usuari degui o pugui facilitar les vostres dades a trav\u00e9s de formularis per<br>realitzar consultes, sol\u00b7licitar informaci\u00f3 o per motius relacionats amb el contingut del Lloc Web, se li<br>informar\u00e0 en cas que l&#039;emplenament d&#039;algun d&#039;ells sigui obligat\u00f2ria pel fet que aquests<br>siguin imprescindibles per al desenvolupament correcte de l&#039;operaci\u00f3 realitzada.<br>Fins del tractament a qu\u00e8 es destinen les dades personals<br>Les dades personals s\u00f3n recollides i gestionades per PIZZER\u00cdA NOTRIS amb la finalitat de poder facilitar,<br>agilitzar i complir els compromisos establerts entre el Lloc Web i l&#039;Usuari o el manteniment de la<\/p>\n\n\n\n<p>relaci\u00f3 que s&#039;estableixi als formularis que aquest darrer ompli o per atendre una sol\u00b7licitud o<br>consulta.<br>Igualment, les dades podran ser utilitzades amb una finalitat comercial de personalitzaci\u00f3, operativa i<br>estad\u00edstica, i activitats pr\u00f2pies de l&#039;objecte social de PIZZERIA NOTRIS, aix\u00ed com per a l&#039;extracci\u00f3,<br>emmagatzematge de dades i estudis de m\u00e0rqueting per adequar el Contingut ofert a l&#039;Usuari, aix\u00ed<br>com millorar la qualitat, funcionament i navegaci\u00f3 pel Lloc Web.<br>En el moment en qu\u00e8 s&#039;obtinguin les dades personals, s&#039;informar\u00e0 l&#039;Usuari sobre la finalitat o les finalitats<br>espec\u00edfics del tractament a qu\u00e8 es destinaran les dades personals; \u00e9s a dir, de l&#039;\u00fas o usos que es donar\u00e0<br>a la informaci\u00f3 recopilada.<br>Per\u00edodes de retenci\u00f3 de les dades personals<br>Les dades personals nom\u00e9s seran retingudes durant el temps m\u00ednim necessari per als fins de la seva<br>tractament i, en tot cas, \u00fanicament durant el termini seg\u00fcent: 18 mesos, o fins que l&#039;Usuari<br>sol\u00b7liciteu la supressi\u00f3.<br>En el moment en qu\u00e8 s&#039;obtinguin les dades personals, s&#039;informar\u00e0 l&#039;usuari sobre el termini durant<br>el qual es conservaran les dades personals o, quan aix\u00f2 no sigui possible, els criteris utilitzats per<br>determinar aquest termini.<br>Destinataris de les dades personals<br>Les dades personals de l&#039;Usuari seran compartides amb els seg\u00fcents destinataris o categories de<br>destinataris:<\/p>\n\n\n\n<p>En cas que el Responsable del tractament tingui la intenci\u00f3 de transferir dades personals a un<br>tercer pa\u00eds o organitzaci\u00f3 internacional, en el moment en qu\u00e8 s&#039;obtinguin les dades personals,<br>informar\u00e0 l&#039;Usuari sobre el tercer pa\u00eds o organitzaci\u00f3 internacional al qual es t\u00e9 la intenci\u00f3 de<br>transferir les dades, aix\u00ed com de l\u201fexist\u00e8ncia o abs\u00e8ncia d\u201funa decisi\u00f3 d\u201fadequaci\u00f3 de la Comissi\u00f3.<br>Dades personals de menors d&#039;edat<br>Respectant el que estableixen els articles 8 del RGPD i 7 de la Llei Org\u00e0nica 3\/2018, de 5 de desembre,<br>de Protecci\u00f3 de Dades Personals i garantia dels drets digitals, nom\u00e9s els m\u00e9s grans de 14 anys<br>podran atorgar el seu consentiment per al tractament de les seves dades personals de forma l\u00edcita per PIZZER\u00cdA<br>NOTRIS. Si es tracta d&#039;un menor de 14 anys, caldr\u00e0 el consentiment dels pares o tutors per<br>el tractament, i aquest nom\u00e9s es considerar\u00e0 l\u00edcit en la mesura que aquests ho hagin autoritzat.<br>Secret i seguretat de les dades personals<br>PISSERIA NOTRIS es compromet a adoptar les mesures t\u00e8cniques i organitzatives necess\u00e0ries, segons el nivell<br>de seguretat adequat al risc de les dades recollides, de manera que es garanteixi la seguretat dels<br>dades de car\u00e0cter personal i s&#039;eviti la destrucci\u00f3, p\u00e8rdua o alteraci\u00f3 accidental o il\u00b7l\u00edcita de dades<br>personals transmesos, conservats o tractats altrament, o la comunicaci\u00f3 o acc\u00e9s no autoritzats<br>aquestes dades.<br>El Lloc Web compta amb un certificat SSL (Secure Socket Layer), que assegura que les dades personals es<br>transmeten de forma segura i confidencial, en ser la transmissi\u00f3 de les dades entre el servidor i l&#039;Usuari,<\/p>\n\n\n\n<p>i en retroalimentaci\u00f3, totalment xifrada o encriptada.<br>Tot i aix\u00f2, pel fet que PISSERIA NOTRIS no pot garantir la inexpugnabilitat d&#039;internet ni la<br>abs\u00e8ncia total de hackers o altres que accedeixin de manera fraudulent a les dades personals, el Responsable<br>del tractament es compromet a comunicar a l&#039;Usuari sense dilaci\u00f3 indeguda quan passi una violaci\u00f3<br>de la seguretat de les dades personals que sigui probable que comporti un alt risc per als drets i<br>llibertats de les persones f\u00edsiques. Seguint all\u00f2 establert a l&#039;article 4 del RGPD, s&#039;ent\u00e9n per<br>violaci\u00f3 de la seguretat de les dades personals tota violaci\u00f3 de la seguretat que ocasioni la<br>destrucci\u00f3, p\u00e8rdua o alteraci\u00f3 accidental o il\u00b7l\u00edcita de dades personals transmeses, conservades o<br>tractats d&#039;una altra manera, o la comunicaci\u00f3 o acc\u00e9s no autoritzats a les dades esmentades.<br>Les dades personals seran tractades com a confidencials pel Responsable del tractament, qui es<br>compromet a informar de ia garantir per mitj\u00e0 d&#039;una obligaci\u00f3 legal o contractual que aquesta<br>confidencialitat sigui respectada pels seus empleats, associats, i tota persona a qui li faci accessible la<br>informaci\u00f3.<br>Drets derivats del tractament de les dades personals<br>L&#039;Usuari t\u00e9 sobre PIZZER\u00cdA NOTRIS i podr\u00e0, per tant, exercir davant del Responsable del tractament<br>els seg\u00fcents drets reconeguts al RGPD i la Llei Org\u00e0nica 3\/2018, de 5 de desembre, de<br>Protecci\u00f3 de Dades Personals i garantia dels drets digitals:<br>Dret d&#039;acc\u00e9s: \u00c9s el dret de l&#039;Usuari a obtenir confirmaci\u00f3 de si PIZZER\u00cdA NOTRIS est\u00e0<br>tractant o no les vostres dades personals i, en cas afirmatiu, obtenir informaci\u00f3 sobre les vostres dades<br>concrets de car\u00e0cter personal i del tractament que PIZZER\u00cdA NOTRIS hagi realitzat o realitzi, aix\u00ed<br>com, entre una altra, de la informaci\u00f3 disponible sobre l&#039;origen d&#039;aquestes dades i els destinataris de<br>les comunicacions realitzades o previstes dels mateixos.<br>Dret de rectificaci\u00f3: \u00c9s el dret de l&#039;Usuari a modificar les vostres dades personals que<br>resultin ser inexactes o, tenint en compte els fins del tractament, incomplets.<br>Dret de supressi\u00f3 (\\&quot;el dret a l&#039;oblit\\&quot;): \u00c9s el dret de l&#039;Usuari, sempre que la legislaci\u00f3<br>vigent no estableixi el contrari, a obtenir la supressi\u00f3 de les seves dades personals quan aquestes ja<br>no siguin necessaris per als fins per als quals van ser recollits o tractats; l&#039;Usuari hagi<br>retirat el seu consentiment al tractament i aquest no compti amb una altra base legal; l&#039;Usuari s&#039;hi oposi<br>al tractament i no hi hagi cap altre motiu leg\u00edtim per continuar amb el mateix; les dades personals<br>hagin estat tractats il\u00b7l\u00edcitament; les dades personals s&#039;han de suprimir en compliment d&#039;una<br>obligaci\u00f3 legal; o les dades personals hagin estat obtingudes producte d&#039;una oferta directa de<br>serveis de la societat de la informaci\u00f3 a un menor de 14 anys. A m\u00e9s de suprimir les dades, el<br>Responsable del tractament, tenint en compte la tecnologia disponible i el cost de la seva<br>aplicaci\u00f3, haur\u00e0 d&#039;adoptar mesures raonables per informar els responsables que estiguin tractant<br>les dades personals de la sol\u00b7licitud de l&#039;interessat de supressi\u00f3 de qualsevol enlla\u00e7 a aquestes dades<br>personals.<br>Dret a la limitaci\u00f3 del tractament: \u00c9s el dret de l&#039;Usuari a limitar el tractament dels seus<br>dades personals. L&#039;Usuari t\u00e9 dret a obtenir la limitaci\u00f3 del tractament quan impugni<br>l&#039;exactitud de les vostres dades personals; el tractament sigui il\u00b7l\u00edcit; el Responsable del tractament ja no<br>necessiteu les dades personals, per\u00f2 l&#039;Usuari ho necessiti per fer reclamacions; i quan el<br>Usuari s&#039;hagi oposat al tractament.<br>Dret a la portabilitat de les dades: En cas que el tractament s&#039;efectu\u00ef per mitjans<br>automatitzats, l&#039;Usuari tindr\u00e0 dret a rebre del Responsable del tractament les vostres dades<br>personals en un format estructurat, d&#039;\u00fas com\u00fa i lectura mec\u00e0nica, ia transmetre&#039;ls a un altre<br>responsable del tractament. Sempre que sigui t\u00e8cnicament possible, el Responsable del tractament<br>transmetr\u00e0 directament les dades a aquest altre responsable.<br>Dret d&#039;oposici\u00f3: \u00c9s el dret de l&#039;Usuari que no es dugui a terme el tractament de les vostres dades<br>de car\u00e0cter personal o se&#039;n cessi el tractament per part de PIZZER\u00cdA NOTRIS.<\/p>\n\n\n\n<p>Dret a no ser objecte d&#039;una decisi\u00f3 basada \u00fanicament en el tractament automatitzat,<br>inclosa l&#039;elaboraci\u00f3 de perfils: \u00c9s el dret de l&#039;usuari a no ser objecte d&#039;una decisi\u00f3<br>individualitzada basada \u00fanicament en el tractament automatitzat de les vostres dades personals,<br>inclosa lelaboraci\u00f3 de perfils, existent llevat que la legislaci\u00f3 vigent estableixi el contrari.<br>Aix\u00ed, doncs, l&#039;Usuari podr\u00e0 exercitar els seus drets mitjan\u00e7ant comunicaci\u00f3 escrita dirigida al Responsable<br>del tractament amb la refer\u00e8ncia \\&quot;RGPD-pizzerianotris.es\\&quot;, especificant:<br>Nom, cognoms de l&#039;usuari i c\u00f2pia del DNI. En els casos en qu\u00e8 s&#039;admeti la representaci\u00f3, ser\u00e0<br>tamb\u00e9 necess\u00e0ria la identificaci\u00f3 pel mateix mitj\u00e0 de la persona que representa l&#039;Usuari, aix\u00ed<br>com el document acreditatiu de la representaci\u00f3. La fotoc\u00f2pia del DNI podr\u00e0 ser substitu\u00efda, per<br>qualsevol altre mitj\u00e0 v\u00e0lid en dret que acrediti la identitat.<br>Petici\u00f3 amb els motius espec\u00edfics de la sol\u00b7licitud o informaci\u00f3 a qu\u00e8 es vol accedir.<br>Domicili a efectes de notificacions.<br>Data i signatura del sol\u00b7licitant.<br>Tot document que acrediti la petici\u00f3 que formula.<br>Aquesta sol\u00b7licitud i qualsevol altre document adjunt podr\u00e0 enviar-se a la seg\u00fcent adre\u00e7a i\/o correu electr\u00f2nic:<br>Adre\u00e7a postal: Pla\u00e7a Maria Assumpte n\u00b0 3<br>Correu electr\u00f2nic: notrisb10@gmail.com<br>Enlla\u00e7os a llocs web de tercers<br>El Lloc Web pot incloure hipervincles o enlla\u00e7os que permeten accedir a p\u00e0gines web de tercers<br>diferents de PIZZER\u00cdA NOTRIS, i que per tant no s\u00f3n operats per PIZZER\u00cdA NOTRIS. Els titulars de<br>aquests llocs web disposaran de les seves pr\u00f2pies pol\u00edtiques de protecci\u00f3 de dades, sent ells mateixos, a cada<br>cas, responsables dels seus propis fitxers i de les pr\u00f2pies pr\u00e0ctiques de privadesa.<br>Reclamacions davant de l&#039;autoritat de control<br>En cas que l&#039;Usuari consideri que hi ha un problema o infracci\u00f3 de la normativa vigent a la<br>forma en qu\u00e8 s&#039;estan tractant les seves dades personals, tindr\u00e0 dret a la tutela judicial efectiva ja<br>presentar una reclamaci\u00f3 davant d&#039;una autoritat de control, en particular, a l&#039;Estat on tingui la seva<br>resid\u00e8ncia habitual, lloc de treball o lloc de la suposada infracci\u00f3. En el cas d&#039;Espanya, l&#039;autoritat<br>de control \u00e9s l&#039;Ag\u00e8ncia Espanyola de Protecci\u00f3 de Dades (https:\/\/www.aepd.es\/).<br>II. ACCEPTACI\u00d3 I CANVIS EN AQUESTA POL\u00cdTICA DE<br>PRIVACITAT<br>Cal que l&#039;Usuari hagi llegit i estigui conforme amb les condicions sobre la protecci\u00f3 de dades<br>de car\u00e0cter personal contingudes en aquesta Pol\u00edtica de Privadesa, aix\u00ed com que accepti el tractament dels seus<br>dades personals perqu\u00e8 el Responsable del tractament pugui procedir-hi en la forma, durant<br>els terminis i per a les finalitats indicades. L&#039;\u00fas del Lloc Web implicar\u00e0 l&#039;acceptaci\u00f3 de la Pol\u00edtica de<br>Privadesa del mateix.<br>PIZZER\u00cdA NOTRIS es reserva el dret a modificar la seva Pol\u00edtica de Privadesa, d&#039;acord amb el seu propi<br>criteri, o motivat per un canvi legislatiu, jurisprudencial o doctrinal de l&#039;Ag\u00e8ncia Espanyola de<br>Protecci\u00f3 de dades. Els canvis o actualitzacions d&#039;aquesta Pol\u00edtica de Privadesa no seran notificats de<br>forma expl\u00edcita a l&#039;Usuari. Es recomana a l&#039;Usuari consultar aquesta p\u00e0gina de forma peri\u00f2dica per estar al<br>tant dels darrers canvis o actualitzacions.<\/p>\n\n\n\n<p>Aquesta Pol\u00edtica de Privadesa va ser actualitzada per adaptar-se al Reglament (UE) 2016\/679 del Parlament<br>Europeu i del Consell, de 27 d&#039;abril de 2016, relatiu a la protecci\u00f3 de les persones f\u00edsiques en all\u00f2 que<br>pel que fa al tractament de dades personals ia la lliure circulaci\u00f3 d&#039;aquestes dades (RGPD) ia la Llei<br>Org\u00e0nica 3\/2018, de 5 de desembre, de protecci\u00f3 de dades personals i garantia dels drets<br>digitals.<br>Aquest document de Pol\u00edtica de Privadesa d&#039;un lloc web ha estat creat mitjan\u00e7ant el generador de plantilla<br>de pol\u00edtica de privadesa en l\u00ednia el dia 19\/07\/2022.<\/p>","protected":false},"excerpt":{"rendered":"<p>I. POL\u00cdTICA DE PRIVACITAT I PROTECCI\u00d3 DE DADESRespectant el que estableix la legislaci\u00f3 vigent, PISSERIA NOTRIS (d&#039;ara endavant, tamb\u00e9 Lloc Web) es compromet a adoptar les mesures t\u00e8cniques i organitzatives necess\u00e0ries, segons el nivell de seguretat adequat al risc de les dades recollides. incorpora aquesta pol\u00edtica de privadesaAquesta pol\u00edtica de privadesa est\u00e0 adaptada a la normativa \u2026<\/p>\n<p class=\"read-more\"> <a class=\"\" href=\"https:\/\/pizzerianotris.es\/ca\/politica-privacidad\/\"> <span class=\"screen-reader-text\">Pol\u00edtica de privadesa<\/span> Llegeix m\u00e9s \u00bb<\/a><\/p>","protected":false},"author":1,"featured_media":0,"parent":0,"menu_order":0,"comment_status":"closed","ping_status":"closed","template":"","meta":{"om_disable_all_campaigns":false,"_monsterinsights_skip_tracking":false,"_monsterinsights_sitenote_active":false,"_monsterinsights_sitenote_note":"","_monsterinsights_sitenote_category":0,"site-sidebar-layout":"default","site-content-layout":"default","ast-global-header-display":"","ast-main-header-display":"","ast-hfb-above-header-display":"","ast-hfb-below-header-display":"","ast-hfb-mobile-header-display":"","site-post-title":"","ast-breadcrumbs-content":"","ast-featured-img":"","footer-sml-layout":"","theme-transparent-header-meta":"","adv-header-id-meta":"","stick-header-meta":"","header-above-stick-meta":"","header-main-stick-meta":"","header-below-stick-meta":""},"yoast_head":"<!-- This site is optimized with the Yoast SEO plugin v20.5 - https:\/\/yoast.com\/wordpress\/plugins\/seo\/ -->\n<title>Pol\u00edtica de privacidad -<\/title>\n<meta name=\"robots\" content=\"index, follow, max-snippet:-1, max-image-preview:large, max-video-preview:-1\" \/>\n<link rel=\"canonical\" href=\"https:\/\/pizzerianotris.es\/ca\/politica-privacidad\/\" \/>\n<meta property=\"og:locale\" content=\"ca_ES\" \/>\n<meta property=\"og:type\" content=\"article\" \/>\n<meta property=\"og:title\" content=\"Pol\u00edtica de privacidad -\" \/>\n<meta property=\"og:description\" content=\"I. POL\u00cdTICA DE PRIVACIDAD Y PROTECCI\u00d3N DE DATOSRespetando lo establecido en la legislaci\u00f3n vigente, PIZZER\u00cdA NOTRIS (en adelante, tambi\u00e9n Sitio Web) secompromete a adoptar las medidas t\u00e9cnicas y organizativas necesarias, seg\u00fan el nivel de seguridadadecuado al riesgo de los datos recogidos.Leyes que incorpora esta pol\u00edtica de privacidadEsta pol\u00edtica de privacidad est\u00e1 adaptada a la normativa &hellip; Pol\u00edtica de privacidad Llegeix m\u00e9s &raquo;\" \/>\n<meta property=\"og:url\" content=\"https:\/\/pizzerianotris.es\/ca\/politica-privacidad\/\" \/>\n<meta property=\"article:modified_time\" content=\"2023-04-24T13:53:44+00:00\" \/>\n<meta name=\"twitter:card\" content=\"summary_large_image\" \/>\n<meta name=\"twitter:label1\" content=\"Temps estimat de lectura\" \/>\n\t<meta name=\"twitter:data1\" content=\"13 minuts\" \/>\n<script type=\"application\/ld+json\" class=\"yoast-schema-graph\">{\"@context\":\"https:\/\/schema.org\",\"@graph\":[{\"@type\":\"WebPage\",\"@id\":\"https:\/\/pizzerianotris.es\/politica-privacidad\/\",\"url\":\"https:\/\/pizzerianotris.es\/politica-privacidad\/\",\"name\":\"Pol\u00edtica de privacidad -\",\"isPartOf\":{\"@id\":\"https:\/\/pizzerianotris.es\/#website\"},\"datePublished\":\"2022-06-07T09:13:45+00:00\",\"dateModified\":\"2023-04-24T13:53:44+00:00\",\"breadcrumb\":{\"@id\":\"https:\/\/pizzerianotris.es\/politica-privacidad\/#breadcrumb\"},\"inLanguage\":\"ca\",\"potentialAction\":[{\"@type\":\"ReadAction\",\"target\":[\"https:\/\/pizzerianotris.es\/politica-privacidad\/\"]}]},{\"@type\":\"BreadcrumbList\",\"@id\":\"https:\/\/pizzerianotris.es\/politica-privacidad\/#breadcrumb\",\"itemListElement\":[{\"@type\":\"ListItem\",\"position\":1,\"name\":\"Portada\",\"item\":\"https:\/\/pizzerianotris.es\/\"},{\"@type\":\"ListItem\",\"position\":2,\"name\":\"Pol\u00edtica de privacidad\"}]},{\"@type\":\"WebSite\",\"@id\":\"https:\/\/pizzerianotris.es\/#website\",\"url\":\"https:\/\/pizzerianotris.es\/\",\"name\":\"\",\"description\":\"Otro sitio realizado con WordPress\",\"potentialAction\":[{\"@type\":\"SearchAction\",\"target\":{\"@type\":\"EntryPoint\",\"urlTemplate\":\"https:\/\/pizzerianotris.es\/?s={search_term_string}\"},\"query-input\":\"required name=search_term_string\"}],\"inLanguage\":\"ca\"}]}<\/script>\n<!-- \/ Yoast SEO plugin. -->","yoast_head_json":{"title":"Pol\u00edtica de privacidad -","robots":{"index":"index","follow":"follow","max-snippet":"max-snippet:-1","max-image-preview":"max-image-preview:large","max-video-preview":"max-video-preview:-1"},"canonical":"https:\/\/pizzerianotris.es\/ca\/politica-privacidad\/","og_locale":"ca_ES","og_type":"article","og_title":"Pol\u00edtica de privacidad -","og_description":"I. POL\u00cdTICA DE PRIVACIDAD Y PROTECCI\u00d3N DE DATOSRespetando lo establecido en la legislaci\u00f3n vigente, PIZZER\u00cdA NOTRIS (en adelante, tambi\u00e9n Sitio Web) secompromete a adoptar las medidas t\u00e9cnicas y organizativas necesarias, seg\u00fan el nivel de seguridadadecuado al riesgo de los datos recogidos.Leyes que incorpora esta pol\u00edtica de privacidadEsta pol\u00edtica de privacidad est\u00e1 adaptada a la normativa &hellip; Pol\u00edtica de privacidad Llegeix m\u00e9s &raquo;","og_url":"https:\/\/pizzerianotris.es\/ca\/politica-privacidad\/","article_modified_time":"2023-04-24T13:53:44+00:00","twitter_card":"summary_large_image","twitter_misc":{"Temps estimat de lectura":"13 minuts"},"schema":{"@context":"https:\/\/schema.org","@graph":[{"@type":"WebPage","@id":"https:\/\/pizzerianotris.es\/politica-privacidad\/","url":"https:\/\/pizzerianotris.es\/politica-privacidad\/","name":"Pol\u00edtica de privacidad -","isPartOf":{"@id":"https:\/\/pizzerianotris.es\/#website"},"datePublished":"2022-06-07T09:13:45+00:00","dateModified":"2023-04-24T13:53:44+00:00","breadcrumb":{"@id":"https:\/\/pizzerianotris.es\/politica-privacidad\/#breadcrumb"},"inLanguage":"ca","potentialAction":[{"@type":"ReadAction","target":["https:\/\/pizzerianotris.es\/politica-privacidad\/"]}]},{"@type":"BreadcrumbList","@id":"https:\/\/pizzerianotris.es\/politica-privacidad\/#breadcrumb","itemListElement":[{"@type":"ListItem","position":1,"name":"Portada","item":"https:\/\/pizzerianotris.es\/"},{"@type":"ListItem","position":2,"name":"Pol\u00edtica de privacidad"}]},{"@type":"WebSite","@id":"https:\/\/pizzerianotris.es\/#website","url":"https:\/\/pizzerianotris.es\/","name":"","description":"Otro sitio realizado con WordPress","potentialAction":[{"@type":"SearchAction","target":{"@type":"EntryPoint","urlTemplate":"https:\/\/pizzerianotris.es\/?s={search_term_string}"},"query-input":"required name=search_term_string"}],"inLanguage":"ca"}]}},"_links":{"self":[{"href":"https:\/\/pizzerianotris.es\/ca\/wp-json\/wp\/v2\/pages\/3"}],"collection":[{"href":"https:\/\/pizzerianotris.es\/ca\/wp-json\/wp\/v2\/pages"}],"about":[{"href":"https:\/\/pizzerianotris.es\/ca\/wp-json\/wp\/v2\/types\/page"}],"author":[{"embeddable":true,"href":"https:\/\/pizzerianotris.es\/ca\/wp-json\/wp\/v2\/users\/1"}],"replies":[{"embeddable":true,"href":"https:\/\/pizzerianotris.es\/ca\/wp-json\/wp\/v2\/comments?post=3"}],"version-history":[{"count":1,"href":"https:\/\/pizzerianotris.es\/ca\/wp-json\/wp\/v2\/pages\/3\/revisions"}],"predecessor-version":[{"id":1062,"href":"https:\/\/pizzerianotris.es\/ca\/wp-json\/wp\/v2\/pages\/3\/revisions\/1062"}],"wp:attachment":[{"href":"https:\/\/pizzerianotris.es\/ca\/wp-json\/wp\/v2\/media?parent=3"}],"curies":[{"name":"wp","href":"https:\/\/api.w.org\/{rel}","templated":true}]}}