{"id":1064,"date":"2022-07-20T09:59:56","date_gmt":"2022-07-20T09:59:56","guid":{"rendered":"https:\/\/pizzerianotris.es\/?page_id=1064"},"modified":"2022-09-12T17:58:01","modified_gmt":"2022-09-12T17:58:01","slug":"aviso-legal-y-condiciones","status":"publish","type":"page","link":"https:\/\/pizzerianotris.es\/en\/aviso-legal-y-condiciones\/","title":{"rendered":"Legal notice and conditions"},"content":{"rendered":"<p>GENERAL USE<\/p>\n\n\n\n<p>pizzerianotris.es<\/p>\n\n\n\n<p>I. GENERAL INFORMATION<br>In compliance with the duty of information provided in Law 34\/2002 of Services of the Society of<br>Information and Electronic Commerce (LSSI-CE) of July 11, the following are provided below<br>general information data of this website:<br>The ownership of this website, pizzerianotris.es, (hereinafter, Website) is held by: NOTRIS DELICIAS<br>MEDITERR\u00c1NEAS, provided with NIF: B66929878 and registered in: Mercantile Registry A Barcelona with the<br>following registry data: Volume 0, Page 1, whose representative is: Nino Ziu, and whose contact information<br>are:<br>Address: Plaza Mar\u00eda Assumpte n\u00b03<br>Contact phone: 637648185<br>Contact email: notrisb10@gmail.com<br>II. GENERAL TERMS AND CONDITIONS OF USE<br>The object of the conditions: The Website<br>The purpose of these General Conditions of Use (hereinafter, Conditions) is to regulate access and<br>the use of the Website. For the purposes of these Conditions, a Website shall be understood as: the<br>external appearance of screen interfaces, both statically and dynamically, is<br>say, the navigation tree; and all the elements integrated both in the screen interfaces and in<br>the navigation tree (hereinafter, Contents) and all those services or online resources that in their<br>offer to Users (hereinafter, Services).<br>PIZZER\u00cdA NOTRIS reserves the right to modify, at any time, and without prior notice, the<br>presentation and configuration of the Website and the Contents and Services that may be on it<br>incorporated. The User acknowledges and accepts that at any time PIZZER\u00cdA NOTRIS may<br>interrupt, deactivate and\/or cancel any of these elements that are integrated into the Website or the<br>access to them.<br>Access to the Website by the User is free and, as a general rule, is free without the User<br>have to provide a consideration to be able to enjoy it, except in relation to the cost of<br>connection through the telecommunications network provided by the access provider that may have<br>contracted the User.<br>The use of any of the Contents or Services of the Website may be done by subscribing<br>or prior registration of the User.<\/p>\n\n\n\n<p>The user<br>The access, navigation and use of the Website, as well as the spaces enabled to interact between<br>the Users, and the User and PIZZER\u00cdA NOTRIS, such as the comments and\/or blogging spaces, confers the<br>condition of User, for which reason they are accepted, from the moment the navigation through the Website begins, all the<br>Conditions established here, as well as their subsequent modifications, without prejudice to the application of the<br>corresponding legal regulations of obligatory compliance as the case may be. Given the relevance of<br>above, the User is recommended to read them each time they visit the Website.<br>The PIZZER\u00cdA NOTRIS Website provides a wide variety of information, services and data. The user<br>assumes its responsibility to make correct use of the Website. This responsibility will extend to:<br>A use of the information, Contents and\/or Services and data offered by PIZZER\u00cdA NOTRIS without<br>is contrary to the provisions of these Conditions, the Law, morality or public order, or that<br>In any other way, they may suppose an infringement of the rights of third parties or of the same<br>operation of the Website.<br>The veracity and legality of the information provided by the User in the extended forms<br>by PIZZER\u00cdA NOTRIS for access to certain Content or Services offered by the Website. In<br>In any case, the User will immediately notify PIZZER\u00cdA NOTRIS about any fact<br>that allows the improper use of the information registered in said forms, such as, but not<br>alone, the theft, loss, or unauthorized access to identifiers and\/or passwords, in order to<br>proceed to its immediate cancellation.<br>PIZZER\u00cdA NOTRIS reserves the right to withdraw all comments and contributions that violate<br>the law, respect for the dignity of the person, that are discriminatory, xenophobic, racist, pornographic,<br>spamming, that threaten youth or childhood, public order or safety or that, in their opinion,<br>will not be suitable for publication.<br>In any case, PIZZER\u00cdA NOTRIS will not be responsible for the opinions expressed by Users to<br>through comments or other blogging or participation tools that may exist.<br>Mere access to this Website does not imply any type of commercial relationship between<br>PIZZER\u00cdA NOTRIS and the User.<br>Always in compliance with current legislation, this PIZZER\u00cdA NOTRIS Website is addressed to all<br>people, regardless of their age, who can access and\/or browse the pages of the Website.<br>The Website is mainly aimed at Users residing in Spain. PIZZER\u00cdA NOTRIS does not insure<br>that the Website complies with the laws of other countries, either totally or partially. If the User resides<br>or is domiciled elsewhere and decides to access and\/or browse the Website, he will do so at his own<br>responsibility, you must ensure that such access and navigation complies with the local legislation that<br>is applicable, not assuming PIZZER\u00cdA NOTRIS any responsibility that may derive from said<br>access.<br>III. ACCESS AND NAVIGATION ON THE WEBSITE:<br>EXCLUSION OF GUARANTEES AND RESPONSIBILITY<br>PIZZER\u00cdA NOTRIS does not guarantee the continuity, availability and usefulness of the Website, nor of the Contents or<br>Services. PIZZER\u00cdA NOTRIS will do everything possible for the proper functioning of the Website, however, it will not<br>is not responsible or guarantees that access to this Website will not be uninterrupted or that it will be free<br>of mistake.<\/p>\n\n\n\n<p>Nor is it responsible or warrants that the content or software that can be accessed through<br>this Website, is free of errors or causes damage to the computer system (software and hardware) of the<br>User. In no case will PIZZER\u00cdA NOTRIS be responsible for the losses, damages or damages of<br>of any kind arising from the access, navigation and use of the Website, including, but not<br>being limited to those caused to computer systems or those caused by the introduction of viruses.<br>PIZZER\u00cdA NOTRIS is not responsible for any damages that may be caused to users by<br>inappropriate use of this Website. In particular, it is not responsible in any way for falls,<br>interruptions, lack or defect of telecommunications that may occur.<br>IV. LINK POLICY<br>It is reported that the PIZZER\u00cdA NOTRIS Website makes or may make available to average Users<br>links (such as, but not limited to, links, banners, buttons), directories and search engines that allow<br>Users access websites belonging to and\/or managed by third parties.<br>The installation of these links, directories and search engines on the Website is intended to facilitate<br>to Users the search for and access to information available on the Internet, without it being considered<br>a suggestion, recommendation or invitation to visit them.<br>PIZZER\u00cdA NOTRIS does not offer or market by itself or through third parties the products and\/or services<br>available on such linked sites.<br>Likewise, it will not guarantee the technical availability, accuracy, veracity, validity or legality of sites<br>outside its property that can be accessed through the links.<br>PIZZER\u00cdA NOTRIS will in no case review or control the content of other websites, nor will it<br>approves, examines or endorses the products and services, content, files and any other material<br>existing in the aforementioned linked sites.<br>PIZZER\u00cdA NOTRIS assumes no responsibility for damages that may occur<br>for the access, use, quality or legality of the contents, communications, opinions, products and services of<br>the websites not managed by PIZZER\u00cdA NOTRIS and that are linked on this Website.<br>The User or third party who makes a hyperlink from a web page of another, different, website to the Site<br>PIZZER\u00cdA NOTRIS website should know that:<br>The reproduction - totally or partially - of any of the Contents and\/or Services of the Site is not allowed.<br>Website without the express authorization of PIZZER\u00cdA NOTRIS.<br>Neither is any false, inaccurate or incorrect statement allowed on the PIZZERIA Website.<br>NOTRIS, nor about its Contents and\/or Services.<br>With the exception of the hyperlink, the website on which said hyperlink is established will not contain any<br>element of this Website, protected as intellectual property by the Spanish legal system,<br>unless expressly authorized by PIZZER\u00cdA NOTRIS.<br>The establishment of the hyperlink will not imply the existence of relations between PIZZER\u00cdA NOTRIS and the<br>owner of the website from which it is carried out, nor the knowledge and acceptance of PIZZER\u00cdA NOTRIS of the<br>contents, services and\/or activities offered on said website, and vice versa.<\/p>\n\n\n\n<p>V. INTELLECTUAL AND INDUSTRIAL PROPERTY<br>PIZZER\u00cdA NOTRIS by itself or as an assignee, is the owner of all intellectual property rights<br>and industrial aspects of the Website, as well as the elements contained therein (by way of example and not<br>exhaustive, images, sound, audio, video, software or texts, trademarks or logos, combinations of<br>colors, structure and design, selection of materials used, computer programs necessary for its<br>operation, access and use, etc.). They will, therefore, be works protected as intellectual property.<br>by the Spanish legal system, being applicable to them both the Spanish and Community regulations in<br>this field, such as the international treaties related to the matter and signed by Spain.<br>All rights reserved. Pursuant to the provisions of the Intellectual Property Law,<br>Reproduction, distribution and public communication, including its modality, are expressly prohibited<br>making available all or part of the contents of this website, for purposes<br>commercial, in any support and by any technical means, without the authorization of PIZZER\u00cdA NOTRIS.<br>The User undertakes to respect the intellectual and industrial property rights of PIZZER\u00cdA<br>NOTRIS. You can view the elements of the Website or even print, copy and store them in the<br>hard drive of your computer or on any other physical support as long as it is exclusively for<br>your personal use. The User, however, may not delete, alter, or manipulate any device of<br>protection or security system that was installed on the Website.<br>In the event that the User or third party considers that any of the Website Contents constitutes a<br>violation of the rights of protection of intellectual property, you must immediately notify<br>PIZZER\u00cdA NOTRIS through the contact information in the GENERAL INFORMATION section of this Notice<br>Legal and General Conditions of Use.<br>SAW. LEGAL ACTIONS, APPLICABLE LEGISLATION AND<br>JURISDICTION<br>PIZZER\u00cdA NOTRIS reserves the right to present civil or criminal actions that it deems<br>necessary for the improper use of the Website and Contents, or for the breach of these<br>Conditions.<br>The relationship between the User and PIZZER\u00cdA NOTRIS will be governed by current regulations and applicable in the<br>Spanish territory. Should any dispute arise in relation to the interpretation and\/or application of<br>these Conditions the parties will submit their conflicts to the ordinary jurisdiction submitting to the judges<br>and courts that correspond according to law.<br>This document of Legal Notice and General Conditions of use of the website has been created through the<br>Template generator for legal notice and conditions of use online on 07\/19\/2022.<\/p>","protected":false},"excerpt":{"rendered":"<p>GENERAL TERMS OF USE pizzerianotris.es I. GENERAL INFORMATIONIn compliance with the duty of information provided for in Law 34\/2002 on Information Society Services and Electronic Commerce (LSSI-CE) of 11 July, the following general information about this website is provided below:The owner of this website, pizzerianotris.es, (hereinafter, \"pizzerianotris.es\"), (hereinafter, \"pizzerianotris.es\"), ...<\/p>\n<p class=\"read-more\"> <a class=\"\" href=\"https:\/\/pizzerianotris.es\/en\/aviso-legal-y-condiciones\/\"> <span class=\"screen-reader-text\">Legal notice and conditions<\/span> Read More \u00bb<\/a><\/p>","protected":false},"author":1,"featured_media":0,"parent":0,"menu_order":0,"comment_status":"closed","ping_status":"closed","template":"","meta":{"om_disable_all_campaigns":false,"_monsterinsights_skip_tracking":false,"_monsterinsights_sitenote_active":false,"_monsterinsights_sitenote_note":"","_monsterinsights_sitenote_category":0,"site-sidebar-layout":"default","site-content-layout":"default","ast-global-header-display":"","ast-main-header-display":"","ast-hfb-above-header-display":"","ast-hfb-below-header-display":"","ast-hfb-mobile-header-display":"","site-post-title":"","ast-breadcrumbs-content":"","ast-featured-img":"","footer-sml-layout":"","theme-transparent-header-meta":"","adv-header-id-meta":"","stick-header-meta":"","header-above-stick-meta":"","header-main-stick-meta":"","header-below-stick-meta":""},"yoast_head":"<!-- This site is optimized with the Yoast SEO plugin v20.5 - https:\/\/yoast.com\/wordpress\/plugins\/seo\/ -->\n<title>Aviso legal y condiciones -<\/title>\n<meta name=\"robots\" content=\"index, follow, max-snippet:-1, max-image-preview:large, max-video-preview:-1\" \/>\n<link rel=\"canonical\" href=\"https:\/\/pizzerianotris.es\/en\/aviso-legal-y-condiciones\/\" \/>\n<meta property=\"og:locale\" content=\"en_GB\" \/>\n<meta property=\"og:type\" content=\"article\" \/>\n<meta property=\"og:title\" content=\"Aviso legal y condiciones -\" \/>\n<meta property=\"og:description\" content=\"GENERALES DE USO pizzerianotris.es I. INFORMACI\u00d3N GENERALEn cumplimiento con el deber de informaci\u00f3n dispuesto en la Ley 34\/2002 de Servicios de la Sociedad dela Informaci\u00f3n y el Comercio Electr\u00f3nico (LSSI-CE) de 11 de julio, se facilitan a continuaci\u00f3n los siguientesdatos de informaci\u00f3n general de este sitio web:La titularidad de este sitio web, pizzerianotris.es, (en adelante, &hellip; Aviso legal y condiciones Read More &raquo;\" \/>\n<meta property=\"og:url\" content=\"https:\/\/pizzerianotris.es\/en\/aviso-legal-y-condiciones\/\" \/>\n<meta property=\"article:modified_time\" content=\"2022-09-12T17:58:01+00:00\" \/>\n<meta name=\"twitter:card\" content=\"summary_large_image\" \/>\n<meta name=\"twitter:label1\" content=\"Estimated reading time\" \/>\n\t<meta name=\"twitter:data1\" content=\"9 minutes\" \/>\n<script type=\"application\/ld+json\" class=\"yoast-schema-graph\">{\"@context\":\"https:\/\/schema.org\",\"@graph\":[{\"@type\":\"WebPage\",\"@id\":\"https:\/\/pizzerianotris.es\/aviso-legal-y-condiciones\/\",\"url\":\"https:\/\/pizzerianotris.es\/aviso-legal-y-condiciones\/\",\"name\":\"Aviso legal y condiciones -\",\"isPartOf\":{\"@id\":\"https:\/\/pizzerianotris.es\/#website\"},\"datePublished\":\"2022-07-20T09:59:56+00:00\",\"dateModified\":\"2022-09-12T17:58:01+00:00\",\"breadcrumb\":{\"@id\":\"https:\/\/pizzerianotris.es\/aviso-legal-y-condiciones\/#breadcrumb\"},\"inLanguage\":\"en-GB\",\"potentialAction\":[{\"@type\":\"ReadAction\",\"target\":[\"https:\/\/pizzerianotris.es\/aviso-legal-y-condiciones\/\"]}]},{\"@type\":\"BreadcrumbList\",\"@id\":\"https:\/\/pizzerianotris.es\/aviso-legal-y-condiciones\/#breadcrumb\",\"itemListElement\":[{\"@type\":\"ListItem\",\"position\":1,\"name\":\"Portada\",\"item\":\"https:\/\/pizzerianotris.es\/\"},{\"@type\":\"ListItem\",\"position\":2,\"name\":\"Aviso legal y condiciones\"}]},{\"@type\":\"WebSite\",\"@id\":\"https:\/\/pizzerianotris.es\/#website\",\"url\":\"https:\/\/pizzerianotris.es\/\",\"name\":\"\",\"description\":\"Otro sitio realizado con WordPress\",\"potentialAction\":[{\"@type\":\"SearchAction\",\"target\":{\"@type\":\"EntryPoint\",\"urlTemplate\":\"https:\/\/pizzerianotris.es\/?s={search_term_string}\"},\"query-input\":\"required name=search_term_string\"}],\"inLanguage\":\"en-GB\"}]}<\/script>\n<!-- \/ Yoast SEO plugin. -->","yoast_head_json":{"title":"Aviso legal y condiciones -","robots":{"index":"index","follow":"follow","max-snippet":"max-snippet:-1","max-image-preview":"max-image-preview:large","max-video-preview":"max-video-preview:-1"},"canonical":"https:\/\/pizzerianotris.es\/en\/aviso-legal-y-condiciones\/","og_locale":"en_GB","og_type":"article","og_title":"Aviso legal y condiciones -","og_description":"GENERALES DE USO pizzerianotris.es I. INFORMACI\u00d3N GENERALEn cumplimiento con el deber de informaci\u00f3n dispuesto en la Ley 34\/2002 de Servicios de la Sociedad dela Informaci\u00f3n y el Comercio Electr\u00f3nico (LSSI-CE) de 11 de julio, se facilitan a continuaci\u00f3n los siguientesdatos de informaci\u00f3n general de este sitio web:La titularidad de este sitio web, pizzerianotris.es, (en adelante, &hellip; Aviso legal y condiciones Read More &raquo;","og_url":"https:\/\/pizzerianotris.es\/en\/aviso-legal-y-condiciones\/","article_modified_time":"2022-09-12T17:58:01+00:00","twitter_card":"summary_large_image","twitter_misc":{"Estimated reading time":"9 minutes"},"schema":{"@context":"https:\/\/schema.org","@graph":[{"@type":"WebPage","@id":"https:\/\/pizzerianotris.es\/aviso-legal-y-condiciones\/","url":"https:\/\/pizzerianotris.es\/aviso-legal-y-condiciones\/","name":"Aviso legal y condiciones -","isPartOf":{"@id":"https:\/\/pizzerianotris.es\/#website"},"datePublished":"2022-07-20T09:59:56+00:00","dateModified":"2022-09-12T17:58:01+00:00","breadcrumb":{"@id":"https:\/\/pizzerianotris.es\/aviso-legal-y-condiciones\/#breadcrumb"},"inLanguage":"en-GB","potentialAction":[{"@type":"ReadAction","target":["https:\/\/pizzerianotris.es\/aviso-legal-y-condiciones\/"]}]},{"@type":"BreadcrumbList","@id":"https:\/\/pizzerianotris.es\/aviso-legal-y-condiciones\/#breadcrumb","itemListElement":[{"@type":"ListItem","position":1,"name":"Portada","item":"https:\/\/pizzerianotris.es\/"},{"@type":"ListItem","position":2,"name":"Aviso legal y condiciones"}]},{"@type":"WebSite","@id":"https:\/\/pizzerianotris.es\/#website","url":"https:\/\/pizzerianotris.es\/","name":"","description":"Otro sitio realizado con WordPress","potentialAction":[{"@type":"SearchAction","target":{"@type":"EntryPoint","urlTemplate":"https:\/\/pizzerianotris.es\/?s={search_term_string}"},"query-input":"required name=search_term_string"}],"inLanguage":"en-GB"}]}},"_links":{"self":[{"href":"https:\/\/pizzerianotris.es\/en\/wp-json\/wp\/v2\/pages\/1064"}],"collection":[{"href":"https:\/\/pizzerianotris.es\/en\/wp-json\/wp\/v2\/pages"}],"about":[{"href":"https:\/\/pizzerianotris.es\/en\/wp-json\/wp\/v2\/types\/page"}],"author":[{"embeddable":true,"href":"https:\/\/pizzerianotris.es\/en\/wp-json\/wp\/v2\/users\/1"}],"replies":[{"embeddable":true,"href":"https:\/\/pizzerianotris.es\/en\/wp-json\/wp\/v2\/comments?post=1064"}],"version-history":[{"count":2,"href":"https:\/\/pizzerianotris.es\/en\/wp-json\/wp\/v2\/pages\/1064\/revisions"}],"predecessor-version":[{"id":1272,"href":"https:\/\/pizzerianotris.es\/en\/wp-json\/wp\/v2\/pages\/1064\/revisions\/1272"}],"wp:attachment":[{"href":"https:\/\/pizzerianotris.es\/en\/wp-json\/wp\/v2\/media?parent=1064"}],"curies":[{"name":"wp","href":"https:\/\/api.w.org\/{rel}","templated":true}]}}