{"id":3,"date":"2022-06-07T09:13:45","date_gmt":"2022-06-07T09:13:45","guid":{"rendered":"http:\/\/pizzerianotris.es\/?page_id=3"},"modified":"2023-04-24T13:53:44","modified_gmt":"2023-04-24T13:53:44","slug":"politica-privacidad","status":"publish","type":"page","link":"https:\/\/pizzerianotris.es\/en\/politica-privacidad\/","title":{"rendered":"Privacy Policy"},"content":{"rendered":"<p>I. PRIVACY AND DATA PROTECTION POLICY<br>Respecting the provisions of current legislation, PIZZER\u00cdA NOTRIS (hereinafter, also Website) is<br>undertakes to adopt the necessary technical and organizational measures, according to the level of security<br>appropriate to the risk of the data collected.<br>Laws that incorporate this privacy policy<br>This privacy policy is adapted to current Spanish and European regulations regarding<br>protection of personal data on the internet. Specifically, it respects the following rules:<br>Regulation (EU) 2016\/679 of the European Parliament and of the Council of April 27, 2016, on<br>to the protection of natural persons with regard to the processing of personal data and the<br>free circulation of these data (GDPR).<br>Organic Law 3\/2018, of December 5, Protection of Personal Data and guarantee of<br>digital rights (LOPD-GDD).<br>Royal Decree 1720\/2007, of December 21, which approves the Development Regulation<br>of Organic Law 15\/1999, of December 13, Protection of Personal Data<br>(RDLOPD).<br>Law 34\/2002, of July 11, on Services of the Information Society and Commerce<br>Electronic (LSSI-CE).<br>Identity of the person responsible for the processing of personal data<br>The person responsible for the processing of personal data collected at PIZZER\u00cdA NOTRIS is: NOTRIS<br>DELICIAS MEDITERR\u00c1NEAS, provided with NIF\/CIF: B66929878 and registered in: Mercantile Registry A of<br>Barcelona with the following registry data: Tom\u00f3 0, P\u00e1gina 1, whose representative is: Nino Ziu (in<br>forward, Responsible for the treatment). Their contact details are as follows:<br>Address: Plaza Mar\u00eda Assumpte n\u00b0 3<br>Contact phone: 637648155<br>Contact email: notrisb10@gmail.com<br>Registration of Personal Data<br>In compliance with the provisions of the GDPR and the LOPD-GDD, we inform you that personal data<br>collected by PIZZER\u00cdA NOTRIS, through the forms extended on its pages will be<br>incorporated and will be treated in our file in order to facilitate, expedite and comply with the<br>commitments established between PIZZER\u00cdA NOTRIS and the User or the maintenance of the relationship established<\/p>\n\n\n\n<p>establishes in the forms that it fills out, or to respond to a request or query from it.<br>Likewise, in accordance with the provisions of the RGPD and the LOPD-GDD, unless the<br>exception provided for in article 30.5 of the GDPR, a record of processing activities is maintained<br>which specifies, according to its purposes, the treatment activities carried out and the other<br>circumstances established in the GDPR.<br>Principles applicable to the processing of personal data<br>The processing of the User&#039;s personal data will be subject to the following principles contained in the<br>article 5 of the GDPR and in article 4 et seq. of Organic Law 3\/2018, of December 5, of<br>Protection of Personal Data and guarantee of digital rights:<br>Principle of legality, loyalty and transparency: the consent of the<br>User prior completely transparent information of the purposes for which the data is collected.<br>personal information.<br>Principle of purpose limitation: personal data will be collected for specific purposes,<br>explicit and legitimate.<br>Principle of data minimization: the personal data collected will be only those<br>strictly necessary in relation to the purposes for which they are processed.<br>Principle of accuracy: personal data must be exact and always up to date.<br>Principle of limitation of the conservation period: personal data will only be kept<br>in a way that allows the identification of the User during the time necessary for the purposes of its<br>treatment.<br>Principle of integrity and confidentiality: personal data will be treated in such a way that<br>ensure your security and confidentiality.<br>Principle of proactive responsibility: the person in charge of the treatment will be responsible for ensuring<br>that the above principles are fulfilled.<br>Categories of personal data<br>The categories of data that are processed by PIZZER\u00cdA NOTRIS are only identifying data. in no<br>case, special categories of personal data are processed within the meaning of Article 9 of the GDPR.<br>Legal basis for the processing of personal data<br>The legal basis for the processing of personal data is consent. NOTRIS PIZZERIA<br>undertakes to obtain the express and verifiable consent of the User for the treatment of their<br>personal data for one or more specific purposes.<br>The User will have the right to withdraw their consent at any time. It will be so easy to remove the<br>consent how to give it As a general rule, the withdrawal of consent will not condition the use of the<br>Website.<br>In the occasions in which the User must or can provide their data through forms to<br>make inquiries, request information or for reasons related to the content of the Website, you will be<br>will inform if the completion of any of them is mandatory because they<br>are essential for the proper development of the operation performed.<br>Purposes of the processing for which the personal data is intended<br>Personal data is collected and managed by PIZZER\u00cdA NOTRIS in order to facilitate,<br>expedite and fulfill the commitments established between the Website and the User or the maintenance of the<\/p>\n\n\n\n<p>relationship that is established in the forms that the latter fills out or to attend to a request or<br>consultation.<br>Likewise, the data may be used for a commercial purpose of personalization, operation and<br>statistics, and activities of the corporate purpose of PIZZER\u00cdA NOTRIS, as well as for the extraction,<br>data storage and marketing studies to adapt the Content offered to the User, as well as<br>How to improve the quality, operation and navigation of the Website.<br>At the time the personal data is obtained, the User will be informed about the purpose or purposes<br>specifics of the treatment to which the personal data will be used; that is, of the use or uses that will be given<br>to the information collected.<br>Personal data retention periods<br>Personal data will only be retained for the minimum time necessary for the purposes of its<br>treatment and, in any case, only during the following period: 18 months, or until the User<br>request its deletion.<br>At the time the personal data is obtained, the User will be informed about the period during which<br>which the personal data will be kept or, when this is not possible, the criteria used to<br>determine this period.<br>Recipients of personal data<br>The User&#039;s personal data will be shared with the following recipients or categories of<br>recipients:<\/p>\n\n\n\n<p>In the event that the Data Controller intends to transfer personal data to a<br>third country or international organization, at the time the personal data is obtained, it is<br>will inform the User about the third country or international organization to which it is intended to<br>transfer the data, as well as the existence or absence of an adequacy decision of the Commission.<br>Personal data of minors<br>Respecting the provisions of articles 8 of the GDPR and 7 of Organic Law 3\/2018, of December 5,<br>Protection of Personal Data and guarantee of digital rights, only those over 14 years of age<br>may grant their consent for the processing of their personal data lawfully by PIZZER\u00cdA<br>NOTRIS. If it is a minor under 14 years of age, the consent of the parents or guardians will be necessary to<br>the treatment, and this will only be considered lawful to the extent that they have authorized it.<br>Secret and security of personal data<br>PIZZER\u00cdA NOTRIS undertakes to adopt the necessary technical and organizational measures, according to the level<br>of security appropriate to the risk of the data collected, so as to guarantee the security of the<br>personal data and avoid accidental or illegal destruction, loss or alteration of data<br>personal data transmitted, stored or otherwise processed, or unauthorized communication or access<br>to said data.<br>The Website has an SSL (Secure Socket Layer) certificate, which ensures that personal data is<br>transmitted securely and confidentially, being the transmission of data between the server and the User,<\/p>\n\n\n\n<p>and in feedback, fully encrypted or encrypted.<br>However, since PIZZER\u00cdA NOTRIS cannot guarantee the impregnability of the Internet or the<br>total absence of hackers or others who fraudulently access personal data, the Responsible<br>of the treatment undertakes to notify the User without undue delay when a violation occurs<br>of the security of personal data that is likely to pose a high risk to the rights and<br>freedoms of natural persons. Following the provisions of article 4 of the GDPR, it is understood by<br>breach of the security of personal data any breach of security that causes the<br>destruction, loss or accidental or unlawful alteration of personal data transmitted, stored or<br>otherwise processed, or unauthorized communication or access to such data.<br>Personal data will be treated as confidential by the Data Controller, who will<br>undertakes to inform of and guarantee by means of a legal or contractual obligation that said<br>Confidentiality is respected by its employees, associates, and any person to whom it makes the information accessible.<br>information.<br>Rights derived from the processing of personal data<br>The User has over PIZZER\u00cdA NOTRIS and may, therefore, exercise before the person in charge of the treatment<br>the following rights recognized in the GDPR and Organic Law 3\/2018, of December 5, of<br>Protection of Personal Data and guarantee of digital rights:<br>Right of access: It is the right of the User to obtain confirmation of whether PIZZER\u00cdA NOTRIS is<br>whether or not to treat your personal data and, if so, obtain information about your data<br>specific data of a personal nature and of the treatment that PIZZER\u00cdA NOTRIS has carried out or carries out, as well as<br>as, among others, the information available on the origin of said data and the recipients of<br>the communications made or planned thereof.<br>Right of rectification: It is the right of the User to modify their personal data that<br>turn out to be inaccurate or, taking into account the purposes of the treatment, incomplete.<br>Right of deletion (\\\u00bbthe right to be forgotten\\\u00bb): It is the right of the User, provided that the legislation<br>does not establish otherwise, to obtain the deletion of your personal data when they are already<br>they are not necessary for the purposes for which they were collected or processed; the User has<br>Withdrawn your consent to the treatment and this does not have another legal basis; the User opposes<br>to the treatment and there is no other legitimate reason to continue with it; Personal information<br>have been processed illegally; the personal data must be deleted in compliance with a<br>legal obligation; or the personal data have been obtained as a result of a direct offer from<br>information society services to a child under 14 years of age. In addition to deleting the data, the<br>Responsible for the treatment, taking into account the available technology and the cost of its<br>application, you must take reasonable steps to inform those responsible who are processing<br>the personal data of the request of the interested party to delete any link to that data<br>personal.<br>Right to limitation of treatment: It is the right of the User to limit the treatment of their<br>personal information. The User has the right to obtain the limitation of the treatment when he challenges<br>the accuracy of your personal data; the treatment is unlawful; the Data Controller no longer<br>need the personal data, but the User needs it to make claims; and when the<br>User has opposed the treatment.<br>Right to data portability: In the event that the treatment is carried out by means<br>automated, the User will have the right to receive their data from the Data Controller.<br>personal data in a structured, commonly used, machine-readable format, and transmit them to another<br>responsible for the treatment. Whenever technically possible, the Data Controller<br>will transmit the data directly to that other person in charge.<br>Right of opposition: It is the right of the User not to carry out the processing of their data<br>of a personal nature or the processing thereof by PIZZER\u00cdA NOTRIS ceases.<\/p>\n\n\n\n<p>Right not to be subject to a decision based solely on automated processing,<br>including profiling: It is the User&#039;s right not to be subject to a decision<br>based solely on the automated processing of your personal data,<br>including the elaboration of profiles, existing unless the current legislation establishes otherwise.<br>Thus, the User may exercise their rights by written communication addressed to the Responsible<br>of the treatment with the reference \\&quot;RGPD-pizzerianotris.es\\&quot;, specifying:<br>Name, surname of the User and copy of the DNI. In cases where representation is admitted, it will be<br>the identification by the same means of the person representing the User is also necessary, as well<br>as the document accrediting the representation. The photocopy of the DNI may be substituted, for<br>any other means valid by law that proves the identity.<br>Request with the specific reasons for the request or information to which you want to access.<br>Address for the purpose of notifications.<br>Date and signature of the applicant.<br>Any document that proves the request made.<br>This application and any other attached document may be sent to the following address and\/or email:<br>Postal address: Plaza Mar\u00eda Assumpte n\u00b0 3<br>Email: notrisb10@gmail.com<br>Links to third party websites<br>The Website may include hyperlinks or links that allow access to third-party web pages.<br>other than PIZZER\u00cdA NOTRIS, and therefore are not operated by PIZZER\u00cdA NOTRIS. The holders of<br>Said websites will have their own data protection policies, being themselves, in each<br>case, responsible for their own files and their own privacy practices.<br>Claims before the control authority<br>In the event that the User considers that there is a problem or infraction of the regulations in force in the<br>way in which your personal data is being processed, you will have the right to effective judicial protection and<br>file a claim with a control authority, in particular, in the State in which you have your<br>habitual residence, place of work or place of the alleged infringement. In the case of Spain, the authority<br>control is the Spanish Data Protection Agency (https:\/\/www.aepd.es\/).<br>II. ACCEPTANCE AND CHANGES TO THIS POLICY<br>PRIVACY<br>It is necessary that the User has read and agrees with the conditions on data protection<br>of a personal nature contained in this Privacy Policy, as well as accepting the treatment of their<br>personal data so that the person in charge of the treatment can proceed to it in the manner, during<br>the deadlines and for the purposes indicated. The use of the Website will imply the acceptance of the Policy of<br>Privacy of the same.<br>PIZZER\u00cdA NOTRIS reserves the right to modify its Privacy Policy, according to its own<br>criterion, or motivated by a legislative, jurisprudential or doctrinal change of the Spanish Agency of<br>Data Protection. Changes or updates to this Privacy Policy will not be notified by<br>explicitly to the User. The User is recommended to consult this page periodically to be up to date.<br>both of the latest changes or updates.<\/p>\n\n\n\n<p>This Privacy Policy was updated to adapt to Regulation (EU) 2016\/679 of the Parliament<br>European Union and of the Council, of April 27, 2016, regarding the protection of natural persons in what<br>regarding the processing of personal data and the free circulation of these data (GDPR) and the Law<br>Organic 3\/2018, of December 5, Protection of Personal Data and guarantee of rights<br>digital.<br>This website Privacy Policy document has been created using the template generator<br>online privacy policy on 07\/19\/2022.<\/p>","protected":false},"excerpt":{"rendered":"<p>I. PRIVACY AND DATA PROTECTION POLICYIn accordance with current legislation, PIZZER\u00cdA NOTRIS (hereinafter also Website) undertakes to adopt the necessary technical and organisational measures, according to the level of security appropriate to the risk of the data collected.Laws incorporated in this privacy policyThis privacy policy is adapted to the regulations in force in Spain and the European Union, and is in accordance with the ...<\/p>\n<p class=\"read-more\"> <a class=\"\" href=\"https:\/\/pizzerianotris.es\/en\/politica-privacidad\/\"> <span class=\"screen-reader-text\">Privacy Policy<\/span> Read More \u00bb<\/a><\/p>","protected":false},"author":1,"featured_media":0,"parent":0,"menu_order":0,"comment_status":"closed","ping_status":"closed","template":"","meta":{"om_disable_all_campaigns":false,"_monsterinsights_skip_tracking":false,"_monsterinsights_sitenote_active":false,"_monsterinsights_sitenote_note":"","_monsterinsights_sitenote_category":0,"site-sidebar-layout":"default","site-content-layout":"default","ast-global-header-display":"","ast-main-header-display":"","ast-hfb-above-header-display":"","ast-hfb-below-header-display":"","ast-hfb-mobile-header-display":"","site-post-title":"","ast-breadcrumbs-content":"","ast-featured-img":"","footer-sml-layout":"","theme-transparent-header-meta":"","adv-header-id-meta":"","stick-header-meta":"","header-above-stick-meta":"","header-main-stick-meta":"","header-below-stick-meta":""},"yoast_head":"<!-- This site is optimized with the Yoast SEO plugin v20.5 - https:\/\/yoast.com\/wordpress\/plugins\/seo\/ -->\n<title>Pol\u00edtica de privacidad -<\/title>\n<meta name=\"robots\" content=\"index, follow, max-snippet:-1, max-image-preview:large, max-video-preview:-1\" \/>\n<link rel=\"canonical\" href=\"https:\/\/pizzerianotris.es\/en\/politica-privacidad\/\" \/>\n<meta property=\"og:locale\" content=\"en_GB\" \/>\n<meta property=\"og:type\" content=\"article\" \/>\n<meta property=\"og:title\" content=\"Pol\u00edtica de privacidad -\" \/>\n<meta property=\"og:description\" content=\"I. POL\u00cdTICA DE PRIVACIDAD Y PROTECCI\u00d3N DE DATOSRespetando lo establecido en la legislaci\u00f3n vigente, PIZZER\u00cdA NOTRIS (en adelante, tambi\u00e9n Sitio Web) secompromete a adoptar las medidas t\u00e9cnicas y organizativas necesarias, seg\u00fan el nivel de seguridadadecuado al riesgo de los datos recogidos.Leyes que incorpora esta pol\u00edtica de privacidadEsta pol\u00edtica de privacidad est\u00e1 adaptada a la normativa &hellip; Pol\u00edtica de privacidad Read More &raquo;\" \/>\n<meta property=\"og:url\" content=\"https:\/\/pizzerianotris.es\/en\/politica-privacidad\/\" \/>\n<meta property=\"article:modified_time\" content=\"2023-04-24T13:53:44+00:00\" \/>\n<meta name=\"twitter:card\" content=\"summary_large_image\" \/>\n<meta name=\"twitter:label1\" content=\"Estimated reading time\" \/>\n\t<meta name=\"twitter:data1\" content=\"13 minutes\" \/>\n<script type=\"application\/ld+json\" class=\"yoast-schema-graph\">{\"@context\":\"https:\/\/schema.org\",\"@graph\":[{\"@type\":\"WebPage\",\"@id\":\"https:\/\/pizzerianotris.es\/politica-privacidad\/\",\"url\":\"https:\/\/pizzerianotris.es\/politica-privacidad\/\",\"name\":\"Pol\u00edtica de privacidad -\",\"isPartOf\":{\"@id\":\"https:\/\/pizzerianotris.es\/#website\"},\"datePublished\":\"2022-06-07T09:13:45+00:00\",\"dateModified\":\"2023-04-24T13:53:44+00:00\",\"breadcrumb\":{\"@id\":\"https:\/\/pizzerianotris.es\/politica-privacidad\/#breadcrumb\"},\"inLanguage\":\"en-GB\",\"potentialAction\":[{\"@type\":\"ReadAction\",\"target\":[\"https:\/\/pizzerianotris.es\/politica-privacidad\/\"]}]},{\"@type\":\"BreadcrumbList\",\"@id\":\"https:\/\/pizzerianotris.es\/politica-privacidad\/#breadcrumb\",\"itemListElement\":[{\"@type\":\"ListItem\",\"position\":1,\"name\":\"Portada\",\"item\":\"https:\/\/pizzerianotris.es\/\"},{\"@type\":\"ListItem\",\"position\":2,\"name\":\"Pol\u00edtica de privacidad\"}]},{\"@type\":\"WebSite\",\"@id\":\"https:\/\/pizzerianotris.es\/#website\",\"url\":\"https:\/\/pizzerianotris.es\/\",\"name\":\"\",\"description\":\"Otro sitio realizado con WordPress\",\"potentialAction\":[{\"@type\":\"SearchAction\",\"target\":{\"@type\":\"EntryPoint\",\"urlTemplate\":\"https:\/\/pizzerianotris.es\/?s={search_term_string}\"},\"query-input\":\"required name=search_term_string\"}],\"inLanguage\":\"en-GB\"}]}<\/script>\n<!-- \/ Yoast SEO plugin. -->","yoast_head_json":{"title":"Pol\u00edtica de privacidad -","robots":{"index":"index","follow":"follow","max-snippet":"max-snippet:-1","max-image-preview":"max-image-preview:large","max-video-preview":"max-video-preview:-1"},"canonical":"https:\/\/pizzerianotris.es\/en\/politica-privacidad\/","og_locale":"en_GB","og_type":"article","og_title":"Pol\u00edtica de privacidad -","og_description":"I. POL\u00cdTICA DE PRIVACIDAD Y PROTECCI\u00d3N DE DATOSRespetando lo establecido en la legislaci\u00f3n vigente, PIZZER\u00cdA NOTRIS (en adelante, tambi\u00e9n Sitio Web) secompromete a adoptar las medidas t\u00e9cnicas y organizativas necesarias, seg\u00fan el nivel de seguridadadecuado al riesgo de los datos recogidos.Leyes que incorpora esta pol\u00edtica de privacidadEsta pol\u00edtica de privacidad est\u00e1 adaptada a la normativa &hellip; Pol\u00edtica de privacidad Read More &raquo;","og_url":"https:\/\/pizzerianotris.es\/en\/politica-privacidad\/","article_modified_time":"2023-04-24T13:53:44+00:00","twitter_card":"summary_large_image","twitter_misc":{"Estimated reading time":"13 minutes"},"schema":{"@context":"https:\/\/schema.org","@graph":[{"@type":"WebPage","@id":"https:\/\/pizzerianotris.es\/politica-privacidad\/","url":"https:\/\/pizzerianotris.es\/politica-privacidad\/","name":"Pol\u00edtica de privacidad -","isPartOf":{"@id":"https:\/\/pizzerianotris.es\/#website"},"datePublished":"2022-06-07T09:13:45+00:00","dateModified":"2023-04-24T13:53:44+00:00","breadcrumb":{"@id":"https:\/\/pizzerianotris.es\/politica-privacidad\/#breadcrumb"},"inLanguage":"en-GB","potentialAction":[{"@type":"ReadAction","target":["https:\/\/pizzerianotris.es\/politica-privacidad\/"]}]},{"@type":"BreadcrumbList","@id":"https:\/\/pizzerianotris.es\/politica-privacidad\/#breadcrumb","itemListElement":[{"@type":"ListItem","position":1,"name":"Portada","item":"https:\/\/pizzerianotris.es\/"},{"@type":"ListItem","position":2,"name":"Pol\u00edtica de privacidad"}]},{"@type":"WebSite","@id":"https:\/\/pizzerianotris.es\/#website","url":"https:\/\/pizzerianotris.es\/","name":"","description":"Otro sitio realizado con WordPress","potentialAction":[{"@type":"SearchAction","target":{"@type":"EntryPoint","urlTemplate":"https:\/\/pizzerianotris.es\/?s={search_term_string}"},"query-input":"required name=search_term_string"}],"inLanguage":"en-GB"}]}},"_links":{"self":[{"href":"https:\/\/pizzerianotris.es\/en\/wp-json\/wp\/v2\/pages\/3"}],"collection":[{"href":"https:\/\/pizzerianotris.es\/en\/wp-json\/wp\/v2\/pages"}],"about":[{"href":"https:\/\/pizzerianotris.es\/en\/wp-json\/wp\/v2\/types\/page"}],"author":[{"embeddable":true,"href":"https:\/\/pizzerianotris.es\/en\/wp-json\/wp\/v2\/users\/1"}],"replies":[{"embeddable":true,"href":"https:\/\/pizzerianotris.es\/en\/wp-json\/wp\/v2\/comments?post=3"}],"version-history":[{"count":1,"href":"https:\/\/pizzerianotris.es\/en\/wp-json\/wp\/v2\/pages\/3\/revisions"}],"predecessor-version":[{"id":1062,"href":"https:\/\/pizzerianotris.es\/en\/wp-json\/wp\/v2\/pages\/3\/revisions\/1062"}],"wp:attachment":[{"href":"https:\/\/pizzerianotris.es\/en\/wp-json\/wp\/v2\/media?parent=3"}],"curies":[{"name":"wp","href":"https:\/\/api.w.org\/{rel}","templated":true}]}}