{"id":1064,"date":"2022-07-20T09:59:56","date_gmt":"2022-07-20T09:59:56","guid":{"rendered":"https:\/\/pizzerianotris.es\/?page_id=1064"},"modified":"2022-09-12T17:58:01","modified_gmt":"2022-09-12T17:58:01","slug":"aviso-legal-y-condiciones","status":"publish","type":"page","link":"https:\/\/pizzerianotris.es\/fr\/aviso-legal-y-condiciones\/","title":{"rendered":"Mentions l\u00e9gales et conditions"},"content":{"rendered":"<p>USAGE G\u00c9N\u00c9RAL<\/p>\n\n\n\n<p>pizzerianotris.es<\/p>\n\n\n\n<p>I. INFORMATIONS G\u00c9N\u00c9RALES<br>Conform\u00e9ment au devoir d&#039;information pr\u00e9vu par la loi 34\/2002 sur les services de la soci\u00e9t\u00e9 de<br>Information et commerce \u00e9lectronique (LSSI-CE) du 11 juillet, les \u00e9l\u00e9ments suivants sont fournis ci-dessous<br>donn\u00e9es d&#039;informations g\u00e9n\u00e9rales de ce site:<br>La propri\u00e9t\u00e9 de ce site Web, pizzerianotris.es, (ci-apr\u00e8s, le site Web) est d\u00e9tenue par\u00a0: NOTRIS DELICIAS<br>MEDITERR\u00c1NEAS, muni du NIF: B66929878 et enregistr\u00e9 au: Registre du Commerce A Barcelone avec le<br>donn\u00e9es du registre suivantes : Volume 0, Page 1, dont le repr\u00e9sentant est : Nino Ziu, et dont les coordonn\u00e9es<br>ils sont:<br>Adresse : Plaza Mar\u00eda Assumpte n\u00b03<br>T\u00e9l\u00e9phone : 637648185<br>Courriel de contact : notrisb10@gmail.com<br>II. CONDITIONS G\u00c9N\u00c9RALES D&#039;UTILISATION<br>Objet des conditions : Le Site<br>Les pr\u00e9sentes Conditions G\u00e9n\u00e9rales d&#039;Utilisation (ci-apr\u00e8s, les Conditions) ont pour objet de r\u00e9glementer l&#039;acc\u00e8s et<br>l&#039;utilisation du site Web. Aux fins des pr\u00e9sentes Conditions, un Site Web s&#039;entend comme\u00a0: le<br>l&#039;apparence ext\u00e9rieure des interfaces d&#039;\u00e9cran, \u00e0 la fois statiquement et dynamiquement, est<br>disons, l&#039;arborescence de navigation\u00a0; et tous les \u00e9l\u00e9ments int\u00e9gr\u00e9s tant dans les interfaces \u00e9crans que dans<br>l&#039;arborescence de navigation (ci-apr\u00e8s, Contenu) et tous les services ou ressources en ligne qui, dans leur<br>offre aux Utilisateurs (ci-apr\u00e8s, les Services).<br>PIZZER\u00cdA NOTRIS se r\u00e9serve le droit de modifier, \u00e0 tout moment et sans pr\u00e9avis, les<br>pr\u00e9sentation et configuration du Site et des Contenus et Services qui peuvent y figurer<br>incorpor\u00e9. L&#039;Utilisateur reconna\u00eet et accepte qu&#039;\u00e0 tout moment PIZZER\u00cdA NOTRIS puisse<br>interrompre, d\u00e9sactiver et\/ou annuler l&#039;un quelconque de ces \u00e9l\u00e9ments qui sont int\u00e9gr\u00e9s dans le Site Web ou le<br>y acc\u00e9der.<br>L&#039;acc\u00e8s au Site par l&#039;Utilisateur est libre et, en r\u00e8gle g\u00e9n\u00e9rale, est libre sans l&#039;Utilisateur<br>doivent fournir une contrepartie pour pouvoir en profiter, sauf en ce qui concerne le co\u00fbt de<br>connexion via le r\u00e9seau de t\u00e9l\u00e9communications fourni par le fournisseur d&#039;acc\u00e8s qui peut avoir<br>contract\u00e9 l&#039;Utilisateur.<br>L&#039;utilisation de tout contenu ou service du site Web peut \u00eatre effectu\u00e9e en vous abonnant<br>ou l&#039;enregistrement pr\u00e9alable de l&#039;Utilisateur.<\/p>\n\n\n\n<p>Utilisateur<br>L&#039;acc\u00e8s, la navigation et l&#039;utilisation du Site, ainsi que les espaces permettant d&#039;interagir entre<br>les Utilisateurs, et l&#039;Utilisateur et PIZZER\u00cdA NOTRIS, tels que les espaces de commentaires et\/ou de blogs, conf\u00e8rent le<br>condition d&#039;utilisateur, pour laquelle ils sont accept\u00e9s, \u00e0 partir du moment o\u00f9 la navigation sur le site Web commence, tous les<br>conditions \u00e9tablies ici, ainsi que leurs modifications ult\u00e9rieures, sans pr\u00e9judice de l&#039;application des<br>r\u00e9glementations l\u00e9gales correspondantes de conformit\u00e9 obligatoire, le cas \u00e9ch\u00e9ant. \u00c9tant donn\u00e9 la pertinence de<br>ci-dessus, il est recommand\u00e9 \u00e0 l&#039;Utilisateur de les lire \u00e0 chaque visite sur le Site.<br>Le site Web PIZZER\u00cdA NOTRIS fournit une grande vari\u00e9t\u00e9 d&#039;informations, de services et de donn\u00e9es. Utilisateur<br>assume sa responsabilit\u00e9 d&#039;utiliser correctement le site Web. Cette responsabilit\u00e9 s&#039;\u00e9tendra \u00e0 :<br>Une utilisation des informations, Contenus et\/ou Services et donn\u00e9es propos\u00e9s par PIZZER\u00cdA NOTRIS sans<br>est contraire aux dispositions des pr\u00e9sentes Conditions, \u00e0 la Loi, aux bonnes m\u0153urs ou \u00e0 l&#039;ordre public, ou qui<br>De toute autre mani\u00e8re, ils peuvent supposer une violation des droits de tiers ou de la m\u00eame<br>fonctionnement du site Web.<br>La v\u00e9racit\u00e9 et la l\u00e9galit\u00e9 des informations fournies par l&#039;Utilisateur dans les formulaires \u00e9tendus<br>par PIZZER\u00cdA NOTRIS pour l&#039;acc\u00e8s \u00e0 certains Contenus ou Services propos\u00e9s par le Site. Dans<br>Dans tous les cas, l&#039;Utilisateur informera imm\u00e9diatement PIZZER\u00cdA NOTRIS de tout fait<br>qui permet l&#039;utilisation abusive des informations enregistr\u00e9es dans lesdits formulaires, telles que, mais pas<br>seul, le vol, la perte ou l&#039;acc\u00e8s non autoris\u00e9 aux identifiants et\/ou mots de passe, afin de<br>proc\u00e9der \u00e0 son annulation imm\u00e9diate.<br>PIZZER\u00cdA NOTRIS se r\u00e9serve le droit de retirer tous les commentaires et contributions qui violent<br>la loi, le respect de la dignit\u00e9 de la personne, qui sont discriminatoires, x\u00e9nophobes, racistes, pornographiques,<br>spamming, qui menacent la jeunesse ou l&#039;enfance, l&#039;ordre public ou la s\u00e9curit\u00e9 ou qui, \u00e0 leur avis,<br>ne conviendra pas \u00e0 la publication.<br>Dans tous les cas, PIZZER\u00cdA NOTRIS ne sera pas responsable des opinions exprim\u00e9es par les Utilisateurs \u00e0<br>par le biais de commentaires ou d&#039;autres outils de blogs ou de participation qui peuvent exister.<br>Le simple acc\u00e8s \u00e0 ce site Web n&#039;implique aucun type de relation commerciale entre<br>PIZZER\u00cdA NOTRIS et l&#039;Utilisateur.<br>Toujours dans le respect de la l\u00e9gislation en vigueur, ce site PIZZER\u00cdA NOTRIS s&#039;adresse \u00e0 tous<br>les personnes, quel que soit leur \u00e2ge, pouvant acc\u00e9der et\/ou parcourir les pages du Site.<br>Le site Web est principalement destin\u00e9 aux utilisateurs r\u00e9sidant en Espagne. PIZZER\u00cdA NOTRIS n&#039;assure pas<br>que le Site est conforme aux lois d&#039;autres pays, totalement ou partiellement. Si l&#039;Utilisateur r\u00e9side<br>ou est domicili\u00e9 ailleurs et d\u00e9cide d&#039;acc\u00e9der et\/ou de naviguer sur le Site, il le fera de son propre chef<br>responsabilit\u00e9, vous devez vous assurer que cet acc\u00e8s et cette navigation sont conformes \u00e0 la l\u00e9gislation locale qui<br>est applicable, sans assumer PIZZER\u00cdA NOTRIS toute responsabilit\u00e9 pouvant d\u00e9couler de ladite<br>acc\u00e8s.<br>III. ACC\u00c8S ET NAVIGATION SUR LE SITE :<br>EXCLUSION DE GARANTIES ET DE RESPONSABILIT\u00c9<br>PIZZER\u00cdA NOTRIS ne garantit pas la continuit\u00e9, la disponibilit\u00e9 et l&#039;utilit\u00e9 du Site Web, ni des Contenus ou<br>Prestations de service. PIZZER\u00cdA NOTRIS fera tout son possible pour le bon fonctionnement du site Web, cependant, il ne sera pas<br>n&#039;est pas responsable ou garantit que l&#039;acc\u00e8s \u00e0 ce site Web ne sera pas interrompu ou qu&#039;il sera gratuit<br>d&#039;erreur.<\/p>\n\n\n\n<p>Il n&#039;est pas non plus responsable ni ne garantit que le contenu ou le logiciel accessible via<br>ce site Web, est exempt d&#039;erreurs ou cause des dommages au syst\u00e8me informatique (logiciel et mat\u00e9riel) du<br>Utilisateur. En aucun cas PIZZER\u00cdA NOTRIS ne sera responsable des pertes, dommages ou dommages de<br>de quelque nature que ce soit r\u00e9sultant de l&#039;acc\u00e8s, de la navigation et de l&#039;utilisation du site Web, y compris, mais non<br>\u00e9tant limit\u00e9s \u00e0 ceux caus\u00e9s aux syst\u00e8mes informatiques ou \u00e0 ceux caus\u00e9s par l&#039;introduction de virus.<br>PIZZER\u00cdA NOTRIS n&#039;est pas responsable des dommages qui pourraient \u00eatre caus\u00e9s aux utilisateurs par<br>utilisation inappropri\u00e9e de ce site Web. En particulier, il n&#039;est en aucun cas responsable des chutes,<br>interruptions, manque ou d\u00e9faut des t\u00e9l\u00e9communications qui pourraient survenir.<br>IV. POLITIQUE DE LIEN<br>Il est signal\u00e9 que le site Web PIZZER\u00cdA NOTRIS met ou peut mettre \u00e0 la disposition des utilisateurs moyens<br>des liens (tels que, mais sans s&#039;y limiter, des liens, des banni\u00e8res, des boutons), des r\u00e9pertoires et des moteurs de recherche qui permettent<br>Les utilisateurs acc\u00e8dent \u00e0 des sites Web appartenant \u00e0 et\/ou g\u00e9r\u00e9s par des tiers.<br>La mise en place de ces liens, annuaires et moteurs de recherche sur le Site est destin\u00e9e \u00e0 faciliter<br>aux Utilisateurs la recherche et l&#039;acc\u00e8s \u00e0 des informations disponibles sur Internet, sans que cela soit consid\u00e9r\u00e9<br>une suggestion, une recommandation ou une invitation \u00e0 les visiter.<br>PIZZER\u00cdA NOTRIS n&#039;offre ni ne commercialise par elle-m\u00eame ou par l&#039;interm\u00e9diaire de tiers les produits et\/ou services<br>disponibles sur ces sites li\u00e9s.<br>De m\u00eame, il ne garantira pas la disponibilit\u00e9 technique, l&#039;exactitude, la v\u00e9racit\u00e9, la validit\u00e9 ou la l\u00e9galit\u00e9 des sites<br>en dehors de sa propri\u00e9t\u00e9 accessible via les liens.<br>PIZZER\u00cdA NOTRIS n&#039;examinera ni ne contr\u00f4lera en aucun cas le contenu d&#039;autres sites Web, ni ne<br>approuve, examine ou approuve les produits et services, le contenu, les fichiers et tout autre mat\u00e9riel<br>existant dans les sites li\u00e9s susmentionn\u00e9s.<br>PIZZER\u00cdA NOTRIS n&#039;assume aucune responsabilit\u00e9 pour les dommages pouvant survenir<br>pour l&#039;acc\u00e8s, l&#039;utilisation, la qualit\u00e9 ou la l\u00e9galit\u00e9 des contenus, communications, opinions, produits et services de<br>les sites Web non g\u00e9r\u00e9s par PIZZER\u00cdA NOTRIS et qui sont li\u00e9s sur ce site Web.<br>L&#039;Utilisateur ou un tiers qui \u00e9tablit un lien hypertexte \u00e0 partir d&#039;une page Web d&#039;un autre site Web diff\u00e9rent vers le Site<br>Le site PIZZER\u00cdA NOTRIS doit savoir que :<br>La reproduction - totale ou partielle - de l&#039;un quelconque des Contenus et\/ou Services du Site n&#039;est pas autoris\u00e9e.<br>Site Web sans l&#039;autorisation expresse de PIZZER\u00cdA NOTRIS.<br>De m\u00eame, aucune d\u00e9claration fausse, inexacte ou incorrecte n&#039;est autoris\u00e9e sur le site Web de PIZZERIA.<br>NOTRIS, ni sur ses Contenus et\/ou Services.<br>A l&#039;exception du lien hypertexte, le site sur lequel ledit lien hypertexte est \u00e9tabli ne contiendra aucun<br>\u00e9l\u00e9ment de ce site Web, prot\u00e9g\u00e9 en tant que propri\u00e9t\u00e9 intellectuelle par le syst\u00e8me juridique espagnol,<br>sauf autorisation expresse de PIZZER\u00cdA NOTRIS.<br>L&#039;\u00e9tablissement du lien hypertexte n&#039;impliquera pas l&#039;existence de relations entre PIZZER\u00cdA NOTRIS et le<br>propri\u00e9taire du site Web \u00e0 partir duquel il est effectu\u00e9, ni la connaissance et l&#039;acceptation de PIZZER\u00cdA NOTRIS de la<br>contenus, services et\/ou activit\u00e9s propos\u00e9s sur ledit site, et inversement.<\/p>\n\n\n\n<p>V. PROPRI\u00c9T\u00c9 INTELLECTUELLE ET INDUSTRIELLE<br>PIZZER\u00cdA NOTRIS, par elle-m\u00eame ou en tant que cessionnaire, est titulaire de tous les droits de propri\u00e9t\u00e9 intellectuelle<br>et les aspects industriels du site Web, ainsi que les \u00e9l\u00e9ments qui y sont contenus (\u00e0 titre d&#039;exemple et non<br>exhaustive, images, sons, audio, vid\u00e9o, logiciels ou textes, marques ou logos, combinaisons de<br>les couleurs, la structure et le design, le choix des mat\u00e9riaux utilis\u00e9s, les programmes informatiques n\u00e9cessaires \u00e0 sa<br>fonctionnement, acc\u00e8s et utilisation, etc.). Il s&#039;agira donc d&#039;\u0153uvres prot\u00e9g\u00e9es au titre de la propri\u00e9t\u00e9 intellectuelle.<br>par l&#039;ordre juridique espagnol, leur \u00e9tant applicables tant la r\u00e9glementation espagnole que communautaire en<br>ce domaine, comme les trait\u00e9s internationaux relatifs \u00e0 la mati\u00e8re et sign\u00e9s par l&#039;Espagne.<br>Tous droits r\u00e9serv\u00e9s. Conform\u00e9ment aux dispositions de la loi sur la propri\u00e9t\u00e9 intellectuelle,<br>La reproduction, la distribution et la communication publique, y compris sa modalit\u00e9, sont express\u00e9ment interdites<br>mise \u00e0 disposition de tout ou partie du contenu de ce site, \u00e0 des fins<br>commercial, sur tout support et par tout moyen technique, sans l&#039;autorisation de PIZZER\u00cdA NOTRIS.<br>L&#039;Utilisateur s&#039;engage \u00e0 respecter les droits de propri\u00e9t\u00e9 intellectuelle et industrielle de PIZZER\u00cdA<br>NOTRIS. Vous pouvez visualiser les \u00e9l\u00e9ments du Site ou encore les imprimer, les copier et les stocker dans le<br>disque dur de votre ordinateur ou sur tout autre support physique tant qu&#039;il est exclusivement<br>votre usage personnel. L&#039;utilisateur, cependant, ne peut pas supprimer, modifier ou manipuler tout appareil de<br>syst\u00e8me de protection ou de s\u00e9curit\u00e9 qui a \u00e9t\u00e9 install\u00e9 sur le site Web.<br>Dans le cas o\u00f9 l&#039;Utilisateur ou un tiers consid\u00e8re que l&#039;un des Contenus du Site constitue une<br>violation des droits de protection de la propri\u00e9t\u00e9 intellectuelle, vous devez imm\u00e9diatement notifier<br>PIZZER\u00cdA NOTRIS via les informations de contact dans la section INFORMATIONS G\u00c9N\u00c9RALES du pr\u00e9sent avis<br>Conditions l\u00e9gales et g\u00e9n\u00e9rales d&#039;utilisation.<br>SCIE. ACTIONS JURIDIQUES, L\u00c9GISLATION APPLICABLE ET<br>JURIDICTION<br>PIZZER\u00cdA NOTRIS se r\u00e9serve le droit de pr\u00e9senter des actions civiles ou p\u00e9nales qu&#039;elle jugera<br>n\u00e9cessaire \u00e0 l&#039;utilisation abusive du site Web et des contenus, ou \u00e0 la violation de ces<br>Conditions.<br>La relation entre l&#039;Utilisateur et PIZZER\u00cdA NOTRIS sera r\u00e9gie par la r\u00e9glementation en vigueur et applicable dans le<br>territoire espagnol. En cas de litige concernant l&#039;interpr\u00e9tation et\/ou l&#039;application des<br>pr\u00e9sentes Conditions les parties soumettront leurs conflits \u00e0 la juridiction de droit commun se soumettant aux juges<br>et les tribunaux qui correspondent conform\u00e9ment \u00e0 la loi.<br>Ce document d&#039;Avis L\u00e9gal et de Conditions G\u00e9n\u00e9rales d&#039;Utilisation du site a \u00e9t\u00e9 cr\u00e9\u00e9 par le<br>G\u00e9n\u00e9rateur de mod\u00e8les de mentions l\u00e9gales et conditions d&#039;utilisation en ligne le 19\/07\/2022.<\/p>","protected":false},"excerpt":{"rendered":"<p>CONDITIONS G\u00c9N\u00c9RALES D'UTILISATION pizzerianotris.es I. INFORMATIONS G\u00c9N\u00c9RALESConform\u00e9ment au devoir d'information pr\u00e9vu par la loi 34\/2002 sur les services de la soci\u00e9t\u00e9 de l'information et le commerce \u00e9lectronique (LSSI-CE) du 11 juillet, les informations g\u00e9n\u00e9rales suivantes sur ce site Web sont fournies ci-apr\u00e8s:Le propri\u00e9taire de ce site Web, pizzerianotris.es, (ci-apr\u00e8s, \"pizzerianotris.es\"), (ci-apr\u00e8s, \"pizzerianotris.es\"), ...<\/p>\n<p class=\"read-more\"> <a class=\"\" href=\"https:\/\/pizzerianotris.es\/fr\/aviso-legal-y-condiciones\/\"> <span class=\"screen-reader-text\">Mentions l\u00e9gales et conditions<\/span> Lire la suite \u00bb<\/a><\/p>","protected":false},"author":1,"featured_media":0,"parent":0,"menu_order":0,"comment_status":"closed","ping_status":"closed","template":"","meta":{"om_disable_all_campaigns":false,"_monsterinsights_skip_tracking":false,"_monsterinsights_sitenote_active":false,"_monsterinsights_sitenote_note":"","_monsterinsights_sitenote_category":0,"site-sidebar-layout":"default","site-content-layout":"default","ast-global-header-display":"","ast-main-header-display":"","ast-hfb-above-header-display":"","ast-hfb-below-header-display":"","ast-hfb-mobile-header-display":"","site-post-title":"","ast-breadcrumbs-content":"","ast-featured-img":"","footer-sml-layout":"","theme-transparent-header-meta":"","adv-header-id-meta":"","stick-header-meta":"","header-above-stick-meta":"","header-main-stick-meta":"","header-below-stick-meta":""},"yoast_head":"<!-- This site is optimized with the Yoast SEO plugin v20.5 - https:\/\/yoast.com\/wordpress\/plugins\/seo\/ -->\n<title>Aviso legal y condiciones -<\/title>\n<meta name=\"robots\" content=\"index, follow, max-snippet:-1, max-image-preview:large, max-video-preview:-1\" \/>\n<link rel=\"canonical\" href=\"https:\/\/pizzerianotris.es\/fr\/aviso-legal-y-condiciones\/\" \/>\n<meta property=\"og:locale\" content=\"fr_FR\" \/>\n<meta property=\"og:type\" content=\"article\" \/>\n<meta property=\"og:title\" content=\"Aviso legal y condiciones -\" \/>\n<meta property=\"og:description\" content=\"GENERALES DE USO pizzerianotris.es I. INFORMACI\u00d3N GENERALEn cumplimiento con el deber de informaci\u00f3n dispuesto en la Ley 34\/2002 de Servicios de la Sociedad dela Informaci\u00f3n y el Comercio Electr\u00f3nico (LSSI-CE) de 11 de julio, se facilitan a continuaci\u00f3n los siguientesdatos de informaci\u00f3n general de este sitio web:La titularidad de este sitio web, pizzerianotris.es, (en adelante, &hellip; Aviso legal y condiciones Lire la suite\u00a0\u00bb\" \/>\n<meta property=\"og:url\" content=\"https:\/\/pizzerianotris.es\/fr\/aviso-legal-y-condiciones\/\" \/>\n<meta property=\"article:modified_time\" content=\"2022-09-12T17:58:01+00:00\" \/>\n<meta name=\"twitter:card\" content=\"summary_large_image\" \/>\n<meta name=\"twitter:label1\" content=\"Dur\u00e9e de lecture estim\u00e9e\" \/>\n\t<meta name=\"twitter:data1\" content=\"9 minutes\" \/>\n<script type=\"application\/ld+json\" class=\"yoast-schema-graph\">{\"@context\":\"https:\/\/schema.org\",\"@graph\":[{\"@type\":\"WebPage\",\"@id\":\"https:\/\/pizzerianotris.es\/aviso-legal-y-condiciones\/\",\"url\":\"https:\/\/pizzerianotris.es\/aviso-legal-y-condiciones\/\",\"name\":\"Aviso legal y condiciones -\",\"isPartOf\":{\"@id\":\"https:\/\/pizzerianotris.es\/#website\"},\"datePublished\":\"2022-07-20T09:59:56+00:00\",\"dateModified\":\"2022-09-12T17:58:01+00:00\",\"breadcrumb\":{\"@id\":\"https:\/\/pizzerianotris.es\/aviso-legal-y-condiciones\/#breadcrumb\"},\"inLanguage\":\"fr-FR\",\"potentialAction\":[{\"@type\":\"ReadAction\",\"target\":[\"https:\/\/pizzerianotris.es\/aviso-legal-y-condiciones\/\"]}]},{\"@type\":\"BreadcrumbList\",\"@id\":\"https:\/\/pizzerianotris.es\/aviso-legal-y-condiciones\/#breadcrumb\",\"itemListElement\":[{\"@type\":\"ListItem\",\"position\":1,\"name\":\"Portada\",\"item\":\"https:\/\/pizzerianotris.es\/\"},{\"@type\":\"ListItem\",\"position\":2,\"name\":\"Aviso legal y condiciones\"}]},{\"@type\":\"WebSite\",\"@id\":\"https:\/\/pizzerianotris.es\/#website\",\"url\":\"https:\/\/pizzerianotris.es\/\",\"name\":\"\",\"description\":\"Otro sitio realizado con WordPress\",\"potentialAction\":[{\"@type\":\"SearchAction\",\"target\":{\"@type\":\"EntryPoint\",\"urlTemplate\":\"https:\/\/pizzerianotris.es\/?s={search_term_string}\"},\"query-input\":\"required name=search_term_string\"}],\"inLanguage\":\"fr-FR\"}]}<\/script>\n<!-- \/ Yoast SEO plugin. -->","yoast_head_json":{"title":"Aviso legal y condiciones -","robots":{"index":"index","follow":"follow","max-snippet":"max-snippet:-1","max-image-preview":"max-image-preview:large","max-video-preview":"max-video-preview:-1"},"canonical":"https:\/\/pizzerianotris.es\/fr\/aviso-legal-y-condiciones\/","og_locale":"fr_FR","og_type":"article","og_title":"Aviso legal y condiciones -","og_description":"GENERALES DE USO pizzerianotris.es I. INFORMACI\u00d3N GENERALEn cumplimiento con el deber de informaci\u00f3n dispuesto en la Ley 34\/2002 de Servicios de la Sociedad dela Informaci\u00f3n y el Comercio Electr\u00f3nico (LSSI-CE) de 11 de julio, se facilitan a continuaci\u00f3n los siguientesdatos de informaci\u00f3n general de este sitio web:La titularidad de este sitio web, pizzerianotris.es, (en adelante, &hellip; Aviso legal y condiciones Lire la suite\u00a0\u00bb","og_url":"https:\/\/pizzerianotris.es\/fr\/aviso-legal-y-condiciones\/","article_modified_time":"2022-09-12T17:58:01+00:00","twitter_card":"summary_large_image","twitter_misc":{"Dur\u00e9e de lecture estim\u00e9e":"9 minutes"},"schema":{"@context":"https:\/\/schema.org","@graph":[{"@type":"WebPage","@id":"https:\/\/pizzerianotris.es\/aviso-legal-y-condiciones\/","url":"https:\/\/pizzerianotris.es\/aviso-legal-y-condiciones\/","name":"Aviso legal y condiciones -","isPartOf":{"@id":"https:\/\/pizzerianotris.es\/#website"},"datePublished":"2022-07-20T09:59:56+00:00","dateModified":"2022-09-12T17:58:01+00:00","breadcrumb":{"@id":"https:\/\/pizzerianotris.es\/aviso-legal-y-condiciones\/#breadcrumb"},"inLanguage":"fr-FR","potentialAction":[{"@type":"ReadAction","target":["https:\/\/pizzerianotris.es\/aviso-legal-y-condiciones\/"]}]},{"@type":"BreadcrumbList","@id":"https:\/\/pizzerianotris.es\/aviso-legal-y-condiciones\/#breadcrumb","itemListElement":[{"@type":"ListItem","position":1,"name":"Portada","item":"https:\/\/pizzerianotris.es\/"},{"@type":"ListItem","position":2,"name":"Aviso legal y condiciones"}]},{"@type":"WebSite","@id":"https:\/\/pizzerianotris.es\/#website","url":"https:\/\/pizzerianotris.es\/","name":"","description":"Otro sitio realizado con WordPress","potentialAction":[{"@type":"SearchAction","target":{"@type":"EntryPoint","urlTemplate":"https:\/\/pizzerianotris.es\/?s={search_term_string}"},"query-input":"required name=search_term_string"}],"inLanguage":"fr-FR"}]}},"_links":{"self":[{"href":"https:\/\/pizzerianotris.es\/fr\/wp-json\/wp\/v2\/pages\/1064"}],"collection":[{"href":"https:\/\/pizzerianotris.es\/fr\/wp-json\/wp\/v2\/pages"}],"about":[{"href":"https:\/\/pizzerianotris.es\/fr\/wp-json\/wp\/v2\/types\/page"}],"author":[{"embeddable":true,"href":"https:\/\/pizzerianotris.es\/fr\/wp-json\/wp\/v2\/users\/1"}],"replies":[{"embeddable":true,"href":"https:\/\/pizzerianotris.es\/fr\/wp-json\/wp\/v2\/comments?post=1064"}],"version-history":[{"count":2,"href":"https:\/\/pizzerianotris.es\/fr\/wp-json\/wp\/v2\/pages\/1064\/revisions"}],"predecessor-version":[{"id":1272,"href":"https:\/\/pizzerianotris.es\/fr\/wp-json\/wp\/v2\/pages\/1064\/revisions\/1272"}],"wp:attachment":[{"href":"https:\/\/pizzerianotris.es\/fr\/wp-json\/wp\/v2\/media?parent=1064"}],"curies":[{"name":"wp","href":"https:\/\/api.w.org\/{rel}","templated":true}]}}