{"id":661,"date":"2022-09-10T08:48:22","date_gmt":"2022-09-10T08:48:22","guid":{"rendered":"http:\/\/pizzerianotris.es\/index.php\/about-us\/"},"modified":"2023-07-03T07:39:20","modified_gmt":"2023-07-03T07:39:20","slug":"sobre-nosotros","status":"publish","type":"page","link":"https:\/\/pizzerianotris.es\/fr\/sobre-nosotros\/","title":{"rendered":"A propos de nous"},"content":{"rendered":"<div data-elementor-type=\"wp-post\" data-elementor-id=\"661\" class=\"elementor elementor-661\">\n\t\t\t\t\t\t<section class=\"elementor-section elementor-top-section elementor-element elementor-element-5dc3a60 elementor-section-boxed elementor-section-height-default elementor-section-height-default\" data-id=\"5dc3a60\" data-element_type=\"section\" data-settings=\"{&quot;background_background&quot;:&quot;classic&quot;}\">\n\t\t\t\t\t\t\t<div class=\"elementor-background-overlay\"><\/div>\n\t\t\t\t\t\t\t<div class=\"elementor-container elementor-column-gap-default\">\n\t\t\t\t\t<div class=\"elementor-column elementor-col-100 elementor-top-column elementor-element elementor-element-5dc1ca0\" data-id=\"5dc1ca0\" data-element_type=\"column\">\n\t\t\t<div class=\"elementor-widget-wrap elementor-element-populated\">\n\t\t\t\t\t\t<div class=\"elementor-element elementor-element-be56547 elementor-widget elementor-widget-heading\" data-id=\"be56547\" data-element_type=\"widget\" data-widget_type=\"heading.default\">\n\t\t\t\t<div class=\"elementor-widget-container\">\n\t\t\t<style>\/*! elementor - v3.23.0 - 25-07-2024 *\/\n.elementor-heading-title{padding:0;margin:0;line-height:1}.elementor-widget-heading .elementor-heading-title[class*=elementor-size-]>a{color:inherit;font-size:inherit;line-height:inherit}.elementor-widget-heading .elementor-heading-title.elementor-size-small{font-size:15px}.elementor-widget-heading .elementor-heading-title.elementor-size-medium{font-size:19px}.elementor-widget-heading .elementor-heading-title.elementor-size-large{font-size:29px}.elementor-widget-heading .elementor-heading-title.elementor-size-xl{font-size:39px}.elementor-widget-heading .elementor-heading-title.elementor-size-xxl{font-size:59px}<\/style><h1 class=\"elementor-heading-title elementor-size-default\">\u00c0 propos de nous<\/h1>\t\t<\/div>\n\t\t\t\t<\/div>\n\t\t\t\t<div class=\"elementor-element elementor-element-b4d4c51 elementor-widget elementor-widget-image\" data-id=\"b4d4c51\" data-element_type=\"widget\" data-widget_type=\"image.default\">\n\t\t\t\t<div class=\"elementor-widget-container\">\n\t\t\t<style>\/*! elementor - v3.23.0 - 25-07-2024 *\/\n.elementor-widget-image{text-align:center}.elementor-widget-image a{display:inline-block}.elementor-widget-image a img[src$=\".svg\"]{width:48px}.elementor-widget-image img{vertical-align:middle;display:inline-block}<\/style>\t\t\t\t\t\t\t\t\t\t<img decoding=\"async\" width=\"250\" height=\"27\" src=\"https:\/\/pizzerianotris.es\/wp-content\/uploads\/2018\/09\/frill-free-img.png\" class=\"attachment-large size-large wp-image-86\" alt=\"\" \/>\t\t\t\t\t\t\t\t\t\t\t\t\t<\/div>\n\t\t\t\t<\/div>\n\t\t\t\t\t<\/div>\n\t\t<\/div>\n\t\t\t\t\t<\/div>\n\t\t<\/section>\n\t\t\t\t<section class=\"elementor-section elementor-top-section elementor-element elementor-element-2cf2d767 elementor-section-content-middle elementor-section-boxed elementor-section-height-default elementor-section-height-default\" data-id=\"2cf2d767\" data-element_type=\"section\" data-settings=\"{&quot;background_background&quot;:&quot;classic&quot;}\">\n\t\t\t\t\t\t<div class=\"elementor-container elementor-column-gap-no\">\n\t\t\t\t\t<div class=\"elementor-column elementor-col-50 elementor-top-column elementor-element elementor-element-e091abc\" data-id=\"e091abc\" data-element_type=\"column\">\n\t\t\t<div class=\"elementor-widget-wrap elementor-element-populated\">\n\t\t\t\t\t\t<div class=\"elementor-element elementor-element-bcecbee elementor-position-top elementor-widget elementor-widget-image-box\" data-id=\"bcecbee\" data-element_type=\"widget\" data-widget_type=\"image-box.default\">\n\t\t\t\t<div class=\"elementor-widget-container\">\n\t\t\t<style>\/*! elementor - v3.23.0 - 25-07-2024 *\/\n.elementor-widget-image-box .elementor-image-box-content{width:100%}@media (min-width:768px){.elementor-widget-image-box.elementor-position-left .elementor-image-box-wrapper,.elementor-widget-image-box.elementor-position-right .elementor-image-box-wrapper{display:flex}.elementor-widget-image-box.elementor-position-right .elementor-image-box-wrapper{text-align:end;flex-direction:row-reverse}.elementor-widget-image-box.elementor-position-left .elementor-image-box-wrapper{text-align:start;flex-direction:row}.elementor-widget-image-box.elementor-position-top .elementor-image-box-img{margin:auto}.elementor-widget-image-box.elementor-vertical-align-top .elementor-image-box-wrapper{align-items:flex-start}.elementor-widget-image-box.elementor-vertical-align-middle .elementor-image-box-wrapper{align-items:center}.elementor-widget-image-box.elementor-vertical-align-bottom .elementor-image-box-wrapper{align-items:flex-end}}@media (max-width:767px){.elementor-widget-image-box .elementor-image-box-img{margin-left:auto!important;margin-right:auto!important;margin-bottom:15px}}.elementor-widget-image-box .elementor-image-box-img{display:inline-block}.elementor-widget-image-box .elementor-image-box-title a{color:inherit}.elementor-widget-image-box .elementor-image-box-wrapper{text-align:center}.elementor-widget-image-box .elementor-image-box-description{margin:0}<\/style><div class=\"elementor-image-box-wrapper\"><figure class=\"elementor-image-box-img\"><img decoding=\"async\" width=\"108\" height=\"68\" src=\"https:\/\/pizzerianotris.es\/wp-content\/uploads\/2021\/03\/parcelli.png\" class=\"attachment-full size-full wp-image-725\" alt=\"\" \/><\/figure><div class=\"elementor-image-box-content\"><h3 class=\"elementor-image-box-title\">Notris Pizzeria, votre restaurant familial !<\/h3><\/div><\/div>\t\t<\/div>\n\t\t\t\t<\/div>\n\t\t\t\t<div class=\"elementor-element elementor-element-a210202 elementor-drop-cap-yes elementor-drop-cap-view-default elementor-widget elementor-widget-text-editor\" data-id=\"a210202\" data-element_type=\"widget\" data-settings=\"{&quot;drop_cap&quot;:&quot;yes&quot;}\" data-widget_type=\"text-editor.default\">\n\t\t\t\t<div class=\"elementor-widget-container\">\n\t\t\t<style>\/*! elementor - v3.23.0 - 25-07-2024 *\/\n.elementor-widget-text-editor.elementor-drop-cap-view-stacked .elementor-drop-cap{background-color:#69727d;color:#fff}.elementor-widget-text-editor.elementor-drop-cap-view-framed .elementor-drop-cap{color:#69727d;border:3px solid;background-color:transparent}.elementor-widget-text-editor:not(.elementor-drop-cap-view-default) .elementor-drop-cap{margin-top:8px}.elementor-widget-text-editor:not(.elementor-drop-cap-view-default) .elementor-drop-cap-letter{width:1em;height:1em}.elementor-widget-text-editor .elementor-drop-cap{float:left;text-align:center;line-height:1;font-size:50px}.elementor-widget-text-editor .elementor-drop-cap-letter{display:inline-block}<\/style>\t\t\t\t<p>Chez Pizzer\u00eda Notris, nous cr\u00e9ons un environnement accueillant, enrichissant et familier.<\/p><p>C&#039;est une famille, dans laquelle les gens se r\u00e9unissent pour vivre de grandes exp\u00e9riences gastronomiques avec leurs partenaires, amis et famille.<\/p>\t\t\t\t\t\t<\/div>\n\t\t\t\t<\/div>\n\t\t\t\t\t<\/div>\n\t\t<\/div>\n\t\t\t\t<div class=\"elementor-column elementor-col-25 elementor-top-column elementor-element elementor-element-d855b1e\" data-id=\"d855b1e\" data-element_type=\"column\">\n\t\t\t<div class=\"elementor-widget-wrap elementor-element-populated\">\n\t\t\t\t\t\t<div class=\"elementor-element elementor-element-80f3331 elementor-widget elementor-widget-image\" data-id=\"80f3331\" data-element_type=\"widget\" data-widget_type=\"image.default\">\n\t\t\t\t<div class=\"elementor-widget-container\">\n\t\t\t\t\t\t\t\t\t\t\t\t\t<img decoding=\"async\" src=\"https:\/\/pizzerianotris.es\/wp-content\/uploads\/elementor\/thumbs\/WhatsApp-Image-2023-06-26-at-21.34.16-3-q8ldmcx18k1b0coduwvmngz7f5qvkeqnt2rztlyvbk.jpeg\" title=\"pizzeria-notris-photo-calzone-barcelone\" alt=\"pizzeria-notris-foto-calzone-barcelona\" class=\"elementor-animation-sink\" loading=\"lazy\" \/>\t\t\t\t\t\t\t\t\t\t\t\t\t<\/div>\n\t\t\t\t<\/div>\n\t\t\t\t\t<\/div>\n\t\t<\/div>\n\t\t\t\t<div class=\"elementor-column elementor-col-25 elementor-top-column elementor-element elementor-element-a4a1a82\" data-id=\"a4a1a82\" data-element_type=\"column\">\n\t\t\t<div class=\"elementor-widget-wrap elementor-element-populated\">\n\t\t\t\t\t\t<div class=\"elementor-element elementor-element-337f04c elementor-hidden-tablet elementor-hidden-phone elementor-widget elementor-widget-image\" data-id=\"337f04c\" data-element_type=\"widget\" data-widget_type=\"image.default\">\n\t\t\t\t<div class=\"elementor-widget-container\">\n\t\t\t\t\t\t\t\t\t\t\t\t\t<img decoding=\"async\" src=\"https:\/\/pizzerianotris.es\/wp-content\/uploads\/elementor\/thumbs\/WhatsApp-Image-2023-06-26-at-21.33.55-q8ldma3io1ulqk31n09gagirprvrjvjjt9cd8zg6mg.jpeg\" title=\"pizzeria-notris-photo-pizza-diavola\" alt=\"pizzeria-notris-foto-pizza-diavola\" class=\"elementor-animation-sink\" loading=\"lazy\" \/>\t\t\t\t\t\t\t\t\t\t\t\t\t<\/div>\n\t\t\t\t<\/div>\n\t\t\t\t<div class=\"elementor-element elementor-element-c60e50f elementor-hidden-tablet elementor-hidden-phone elementor-widget elementor-widget-image\" data-id=\"c60e50f\" data-element_type=\"widget\" data-widget_type=\"image.default\">\n\t\t\t\t<div class=\"elementor-widget-container\">\n\t\t\t\t\t\t\t\t\t\t\t\t\t<img decoding=\"async\" src=\"https:\/\/pizzerianotris.es\/wp-content\/uploads\/elementor\/thumbs\/WhatsApp-Image-2023-06-26-at-21.34.36-q8ldmn99bqcm93jxi5y89d78162wjmzsj2h5yuwo7c.jpeg\" title=\"pizzeria-notris-photo-restaurant-exterieur\" alt=\"pizzeria-notris-foto-restaurante-exterior\" class=\"elementor-animation-sink\" loading=\"lazy\" \/>\t\t\t\t\t\t\t\t\t\t\t\t\t<\/div>\n\t\t\t\t<\/div>\n\t\t\t\t\t<\/div>\n\t\t<\/div>\n\t\t\t\t\t<\/div>\n\t\t<\/section>\n\t\t\t\t<\/div>","protected":false},"excerpt":{"rendered":"<p>\u00c0 propos de nous Pizzeria Notris, votre restaurant familial ! \u00c0 la Pizzeria Notris, nous cr\u00e9ons une atmosph\u00e8re accueillante, enrichissante et familiale. C'est une famille, o\u00f9 les gens se r\u00e9unissent pour vivre des exp\u00e9riences gastronomiques exceptionnelles avec leurs partenaires, leurs amis et leur famille.<\/p>","protected":false},"author":1,"featured_media":0,"parent":0,"menu_order":0,"comment_status":"closed","ping_status":"closed","template":"","meta":{"om_disable_all_campaigns":false,"_monsterinsights_skip_tracking":false,"_monsterinsights_sitenote_active":false,"_monsterinsights_sitenote_note":"","_monsterinsights_sitenote_category":0,"site-sidebar-layout":"no-sidebar","site-content-layout":"page-builder","ast-global-header-display":"","ast-main-header-display":"","ast-hfb-above-header-display":"","ast-hfb-below-header-display":"","ast-hfb-mobile-header-display":"","site-post-title":"disabled","ast-breadcrumbs-content":"","ast-featured-img":"disabled","footer-sml-layout":"","theme-transparent-header-meta":"","adv-header-id-meta":"","stick-header-meta":"","header-above-stick-meta":"","header-main-stick-meta":"","header-below-stick-meta":""},"yoast_head":"<!-- This site is optimized with the Yoast SEO plugin v20.5 - https:\/\/yoast.com\/wordpress\/plugins\/seo\/ -->\n<title>Sobre Nosotros -<\/title>\n<meta name=\"description\" content=\"Somos Pizzer\u00eda Notris, t\u00fa pizzer\u00eda de Badalona, cerca de la playa del coco. Aqu\u00ed las famil\u00edas se reunen para vivir grandes experiencias gastr\u00f3nomicas.\" \/>\n<meta name=\"robots\" content=\"index, follow, max-snippet:-1, max-image-preview:large, max-video-preview:-1\" \/>\n<link rel=\"canonical\" href=\"https:\/\/pizzerianotris.es\/fr\/sobre-nosotros\/\" \/>\n<meta property=\"og:locale\" content=\"fr_FR\" \/>\n<meta property=\"og:type\" content=\"article\" \/>\n<meta property=\"og:title\" content=\"Sobre Nosotros -\" \/>\n<meta property=\"og:description\" content=\"Somos Pizzer\u00eda Notris, t\u00fa pizzer\u00eda de Badalona, cerca de la playa del coco. Aqu\u00ed las famil\u00edas se reunen para vivir grandes experiencias gastr\u00f3nomicas.\" \/>\n<meta property=\"og:url\" content=\"https:\/\/pizzerianotris.es\/fr\/sobre-nosotros\/\" \/>\n<meta property=\"article:modified_time\" content=\"2023-07-03T07:39:20+00:00\" \/>\n<meta property=\"og:image\" content=\"https:\/\/pizzerianotris.es\/wp-content\/uploads\/2018\/09\/frill-free-img.png\" \/>\n<meta name=\"twitter:card\" content=\"summary_large_image\" \/>\n<meta name=\"twitter:label1\" content=\"Dur\u00e9e de lecture estim\u00e9e\" \/>\n\t<meta name=\"twitter:data1\" content=\"2 minutes\" \/>\n<script type=\"application\/ld+json\" class=\"yoast-schema-graph\">{\"@context\":\"https:\/\/schema.org\",\"@graph\":[{\"@type\":[\"WebPage\",\"SearchResultsPage\"],\"@id\":\"https:\/\/pizzerianotris.es\/sobre-nosotros\/\",\"url\":\"https:\/\/pizzerianotris.es\/sobre-nosotros\/\",\"name\":\"Sobre Nosotros -\",\"isPartOf\":{\"@id\":\"https:\/\/pizzerianotris.es\/#website\"},\"datePublished\":\"2022-09-10T08:48:22+00:00\",\"dateModified\":\"2023-07-03T07:39:20+00:00\",\"description\":\"Somos Pizzer\u00eda Notris, t\u00fa pizzer\u00eda de Badalona, cerca de la playa del coco. Aqu\u00ed las famil\u00edas se reunen para vivir grandes experiencias gastr\u00f3nomicas.\",\"breadcrumb\":{\"@id\":\"https:\/\/pizzerianotris.es\/sobre-nosotros\/#breadcrumb\"},\"inLanguage\":\"fr-FR\",\"potentialAction\":[{\"@type\":\"ReadAction\",\"target\":[\"https:\/\/pizzerianotris.es\/sobre-nosotros\/\"]}]},{\"@type\":\"BreadcrumbList\",\"@id\":\"https:\/\/pizzerianotris.es\/sobre-nosotros\/#breadcrumb\",\"itemListElement\":[{\"@type\":\"ListItem\",\"position\":1,\"name\":\"Portada\",\"item\":\"https:\/\/pizzerianotris.es\/\"},{\"@type\":\"ListItem\",\"position\":2,\"name\":\"Sobre Nosotros\"}]},{\"@type\":\"WebSite\",\"@id\":\"https:\/\/pizzerianotris.es\/#website\",\"url\":\"https:\/\/pizzerianotris.es\/\",\"name\":\"\",\"description\":\"Otro sitio realizado con WordPress\",\"potentialAction\":[{\"@type\":\"SearchAction\",\"target\":{\"@type\":\"EntryPoint\",\"urlTemplate\":\"https:\/\/pizzerianotris.es\/?s={search_term_string}\"},\"query-input\":\"required name=search_term_string\"}],\"inLanguage\":\"fr-FR\"}]}<\/script>\n<!-- \/ Yoast SEO plugin. -->","yoast_head_json":{"title":"Sobre Nosotros -","description":"Somos Pizzer\u00eda Notris, t\u00fa pizzer\u00eda de Badalona, cerca de la playa del coco. Aqu\u00ed las famil\u00edas se reunen para vivir grandes experiencias gastr\u00f3nomicas.","robots":{"index":"index","follow":"follow","max-snippet":"max-snippet:-1","max-image-preview":"max-image-preview:large","max-video-preview":"max-video-preview:-1"},"canonical":"https:\/\/pizzerianotris.es\/fr\/sobre-nosotros\/","og_locale":"fr_FR","og_type":"article","og_title":"Sobre Nosotros -","og_description":"Somos Pizzer\u00eda Notris, t\u00fa pizzer\u00eda de Badalona, cerca de la playa del coco. Aqu\u00ed las famil\u00edas se reunen para vivir grandes experiencias gastr\u00f3nomicas.","og_url":"https:\/\/pizzerianotris.es\/fr\/sobre-nosotros\/","article_modified_time":"2023-07-03T07:39:20+00:00","og_image":[{"url":"https:\/\/pizzerianotris.es\/wp-content\/uploads\/2018\/09\/frill-free-img.png"}],"twitter_card":"summary_large_image","twitter_misc":{"Dur\u00e9e de lecture estim\u00e9e":"2 minutes"},"schema":{"@context":"https:\/\/schema.org","@graph":[{"@type":["WebPage","SearchResultsPage"],"@id":"https:\/\/pizzerianotris.es\/sobre-nosotros\/","url":"https:\/\/pizzerianotris.es\/sobre-nosotros\/","name":"Sobre Nosotros -","isPartOf":{"@id":"https:\/\/pizzerianotris.es\/#website"},"datePublished":"2022-09-10T08:48:22+00:00","dateModified":"2023-07-03T07:39:20+00:00","description":"Somos Pizzer\u00eda Notris, t\u00fa pizzer\u00eda de Badalona, cerca de la playa del coco. Aqu\u00ed las famil\u00edas se reunen para vivir grandes experiencias gastr\u00f3nomicas.","breadcrumb":{"@id":"https:\/\/pizzerianotris.es\/sobre-nosotros\/#breadcrumb"},"inLanguage":"fr-FR","potentialAction":[{"@type":"ReadAction","target":["https:\/\/pizzerianotris.es\/sobre-nosotros\/"]}]},{"@type":"BreadcrumbList","@id":"https:\/\/pizzerianotris.es\/sobre-nosotros\/#breadcrumb","itemListElement":[{"@type":"ListItem","position":1,"name":"Portada","item":"https:\/\/pizzerianotris.es\/"},{"@type":"ListItem","position":2,"name":"Sobre Nosotros"}]},{"@type":"WebSite","@id":"https:\/\/pizzerianotris.es\/#website","url":"https:\/\/pizzerianotris.es\/","name":"","description":"Otro sitio realizado con WordPress","potentialAction":[{"@type":"SearchAction","target":{"@type":"EntryPoint","urlTemplate":"https:\/\/pizzerianotris.es\/?s={search_term_string}"},"query-input":"required name=search_term_string"}],"inLanguage":"fr-FR"}]}},"_links":{"self":[{"href":"https:\/\/pizzerianotris.es\/fr\/wp-json\/wp\/v2\/pages\/661"}],"collection":[{"href":"https:\/\/pizzerianotris.es\/fr\/wp-json\/wp\/v2\/pages"}],"about":[{"href":"https:\/\/pizzerianotris.es\/fr\/wp-json\/wp\/v2\/types\/page"}],"author":[{"embeddable":true,"href":"https:\/\/pizzerianotris.es\/fr\/wp-json\/wp\/v2\/users\/1"}],"replies":[{"embeddable":true,"href":"https:\/\/pizzerianotris.es\/fr\/wp-json\/wp\/v2\/comments?post=661"}],"version-history":[{"count":45,"href":"https:\/\/pizzerianotris.es\/fr\/wp-json\/wp\/v2\/pages\/661\/revisions"}],"predecessor-version":[{"id":1618,"href":"https:\/\/pizzerianotris.es\/fr\/wp-json\/wp\/v2\/pages\/661\/revisions\/1618"}],"wp:attachment":[{"href":"https:\/\/pizzerianotris.es\/fr\/wp-json\/wp\/v2\/media?parent=661"}],"curies":[{"name":"wp","href":"https:\/\/api.w.org\/{rel}","templated":true}]}}