{"id":1064,"date":"2022-07-20T09:59:56","date_gmt":"2022-07-20T09:59:56","guid":{"rendered":"https:\/\/pizzerianotris.es\/?page_id=1064"},"modified":"2022-09-12T17:58:01","modified_gmt":"2022-09-12T17:58:01","slug":"aviso-legal-y-condiciones","status":"publish","type":"page","link":"https:\/\/pizzerianotris.es\/it\/aviso-legal-y-condiciones\/","title":{"rendered":"Nota legale e condizioni"},"content":{"rendered":"<p>CONDIZIONI GENERALI DI UTILIZZO<\/p>\n\n\n\n<p>pizzerianotris.it<\/p>\n\n\n\n<p>I. INFORMAZIONI GENERALI<br>In ottemperanza all'obbligo di fornire informazioni come stabilito dalla Legge 34\/2002 sui Servizi della Societ\u00e0 dell'Informazione (Ley 34\/2002 de Servicios de la Sociedad de<br>Informazione e Commercio Elettronico (LSSI-CE) dell'11 luglio scorso, si riporta di seguito quanto segue<br>informazioni generali su questo sito web:<br>La propriet\u00e0 di questo sito web, pizzerianotris.es, (di seguito Sito Web) \u00e8 detenuta da: NOTRIS DELICIAS<br>MEDITERR\u00c1NEAS, con numero di identificazione fiscale: B66929878 e iscritta a: Registro Mercantil A Barcellona con il<br>il cui rappresentante \u00e8: Nino Ziu, e i cui dati di contatto sono i seguenti<br>sono:<br>Indirizzo: Plaza Mar\u00eda Assumpte n\u00b03<br>Telefono di contatto: 637648185<br>Email di contatto: notrisb10@gmail.com<br>II. TERMINI E CONDIZIONI GENERALI DI UTILIZZO<br>L'oggetto dei termini e delle condizioni: Il sito web<br>Le presenti Condizioni Generali d'Uso (di seguito denominate Condizioni) hanno lo scopo di regolamentare l'accesso e l'utilizzo del sito.<br>l'utilizzo del Sito web. Ai fini dei presenti Termini e condizioni, si intende per Sito web: il<br>aspetto esterno delle interfacce di visualizzazione, sia staticamente che dinamicamente, \u00e8<br>cio\u00e8 l'albero di navigazione; e tutti gli elementi integrati sia nelle interfacce di visualizzazione che nelle interfacce di navigazione.<br>l'albero di navigazione (di seguito denominato Contenuto) e tutti quei servizi o risorse online che nel loro<br>offerti agli Utenti (di seguito, Servizi).<br>PIZZER\u00cdA NOTRIS si riserva il diritto di modificare, in qualsiasi momento e senza alcun preavviso, la<br>presentazione e configurazione del Sito Web e dei Contenuti e Servizi che vi si trovano.<br>incorporato. L'Utente riconosce e accetta che in qualsiasi momento PIZZER\u00cdA NOTRIS pu\u00f2<br>interrompere, disattivare e\/o cancellare uno qualsiasi di questi elementi integrati nel sito web o nel sito web.<br>accesso ad essi.<br>L'accesso al Sito Web da parte dell'Utente \u00e8 gratuito e, come regola generale, \u00e8 libero, senza che l'Utente sia tenuto a<br>devono fornire un corrispettivo per poterne beneficiare, tranne che in relazione al costo di<br>connessione attraverso la rete di telecomunicazione fornita dal fornitore di accesso che ha<br>contratto dall'Utente.<br>L'utilizzo di uno qualsiasi dei Contenuti o dei Servizi del Sito Web pu\u00f2 avvenire tramite l'iscrizione a<br>o la preventiva registrazione dell'Utente.<\/p>\n\n\n\n<p>L'utente<br>L'accesso, la navigazione e l'utilizzo del Sito, cos\u00ec come gli spazi messi a disposizione per l'interazione fra<br>gli Utenti, e l'Utente e PIZZERIA NOTRIS, come ad esempio i commenti e\/o gli spazi di blogging, conferisce la<br>condizione di Utente, per cui l'Utente accetta, dal momento in cui inizia a navigare sul Sito Web, tutti i termini e le condizioni della<br>Condizioni qui riportate, nonch\u00e9 di ogni successiva modifica delle stesse, ferma restando l'applicazione delle<br>le corrispondenti norme giuridiche che devono essere rispettate a seconda del caso in questione. Data la rilevanza del<br>L'Utente \u00e8 invitato a leggerli ogni volta che visita il Sito.<br>Il Sito Web PIZZER\u00cdA NOTRIS fornisce un'ampia gamma di informazioni, servizi e dati. L'utente<br>si assume la responsabilit\u00e0 del corretto utilizzo del Sito. Tale responsabilit\u00e0 si estende a:<br>Qualsiasi uso delle informazioni, dei Contenuti e\/o dei Servizi e dei dati offerti da PIZZER\u00cdA NOTRIS senza<br>sia contraria alle disposizioni delle presenti Condizioni, alla Legge, al buon costume o all'ordine pubblico, oppure che<br>in qualsiasi altro modo possa violare i diritti di terzi o i diritti degli stessi<br>funzionamento del Sito web.<br>La veridicit\u00e0 e la legalit\u00e0 delle informazioni fornite dall'Utente nei moduli predisposti.<br>da PIZZER\u00cdA NOTRIS per l'accesso a determinati Contenuti o Servizi offerti dal Sito web. A<br>In ogni caso, l'Utente dovr\u00e0 comunicare immediatamente a PIZZER\u00cdA NOTRIS qualsiasi evento<br>che consente l'uso improprio delle informazioni registrate su tali moduli, quali, a titolo esemplificativo ma non esaustivo, le seguenti<br>solo, il furto, la perdita o l'accesso non autorizzato a identificativi e\/o password, allo scopo di<br>procedere alla sua immediata cancellazione.<br>PIZZER\u00cdA NOTRIS si riserva il diritto di rimuovere tutti i commenti e i contributi che violano le seguenti condizioni<br>la legge, il rispetto della dignit\u00e0 umana, discriminatorio, xenofobo, razzista, pornografico,<br>spamming, che siano pregiudizievoli per la giovent\u00f9 o i bambini, per l'ordine pubblico o la sicurezza, o che, a suo parere, non siano in grado di garantire la sicurezza dei bambini,<br>non sono adatti alla pubblicazione.<br>In ogni caso, PIZZER\u00cdA NOTRIS non sar\u00e0 responsabile delle opinioni espresse dagli Utenti su<br>attraverso commenti o altri strumenti di blogging o di partecipazione eventualmente disponibili.<br>Il mero accesso a questo sito web non implica l'instaurazione di alcun rapporto commerciale tra<br>PIZZERIA NOTRIS e l'Utente.<br>In conformit\u00e0 alla normativa vigente, il presente sito web di PIZZERIA NOTRIS \u00e8 rivolto a tutti gli utenti del sito.<br>persone, indipendentemente dall'et\u00e0, che possono accedere e\/o navigare nelle pagine del Sito.<br>Il Sito Web \u00e8 destinato principalmente agli Utenti residenti in Spagna. PIZZER\u00cdA NOTRIS non garantisce che<br>che il Sito Web sia conforme alle leggi di altri paesi, in tutto o in parte. Se l'Utente risiede<br>o \u00e8 domiciliato altrove e sceglie di accedere e\/o navigare nel Sito, lo fa a suo rischio e pericolo.<br>responsabilit\u00e0, l'utente deve assicurarsi che tale accesso e navigazione siano conformi alla legislazione locale di cui \u00e8 responsabile.<br>\u00e8 applicabile, e PIZZER\u00cdA NOTRIS non si assume alcuna responsabilit\u00e0 che possa derivare da tale<br>accesso.<br>III. ACCESSO E NAVIGAZIONE SUL SITO WEB:<br>ESCLUSIONE DI GARANZIE E RESPONSABILIT\u00c0<br>PIZZER\u00cdA NOTRIS non garantisce la continuit\u00e0, la disponibilit\u00e0 e l'utilit\u00e0 del Sito web, n\u00e9 dei Contenuti o<br>Servizi. PIZZERIA NOTRIS far\u00e0 ogni sforzo per garantire il corretto funzionamento del Sito web, tuttavia non potr\u00e0<br>non \u00e8 responsabile e non garantisce che l'accesso a questo sito web sia ininterrotto o che sia esente da accessi non autorizzati.<br>di errore.<\/p>\n\n\n\n<p>N\u00e9 rilascia alcuna dichiarazione o garanzia che il contenuto o il software a cui si pu\u00f2 accedere attraverso il sito<br>questo Sito Web, sia esente da errori o causi danni al sistema informatico (software e hardware) dell'utente.<br>Utente. In nessun caso PIZZERIA NOTRIS sar\u00e0 responsabile per qualsiasi perdita, danno o pregiudizio causato da<br>di qualsiasi tipo derivanti dall'accesso, dalla navigazione e dall'utilizzo del sito web da parte dell'utente, inclusi, ma non solo, i seguenti aspetti<br>limitatamente a quelli causati ai sistemi informatici o a quelli causati dall'introduzione di virus.<br>PIZZER\u00cdA NOTRIS non \u00e8 inoltre responsabile di eventuali danni che possono essere causati agli utenti da<br>l'uso improprio di questo Sito web. In particolare, non si assume alcuna responsabilit\u00e0 per eventuali incidenti,<br>interruzioni, guasti o difetti nelle telecomunicazioni che potrebbero verificarsi.<br>IV. POLITICA DI COLLEGAMENTO<br>Vi informiamo che il Sito Web PIZZER\u00cdA NOTRIS mette o pu\u00f2 mettere a disposizione degli Utenti le seguenti risorse<br>(ad es. link, banner, pulsanti, ecc.), directory e motori di ricerca che permettono all'utente di<br>Gli utenti accedono a siti web appartenenti e\/o gestiti da terzi.<br>L'installazione di questi link, elenchi e motori di ricerca sul Sito Web ha lo scopo di facilitare<br>Gli utenti hanno la possibilit\u00e0 di cercare e accedere alle informazioni disponibili su Internet, senza che ci\u00f2 venga considerato come una<br>un suggerimento, una raccomandazione o un invito a visitarli.<br>PIZZER\u00cdA NOTRIS non offre o commercializza, n\u00e9 per conto proprio n\u00e9 attraverso terzi, i prodotti e\/o i servizi di<br>disponibili su tali siti collegati.<br>N\u00e9 garantisce la disponibilit\u00e0 tecnica, l'accuratezza, la veridicit\u00e0, la validit\u00e0 o la legalit\u00e0 dei siti.<br>che non sono di sua propriet\u00e0 e a cui si pu\u00f2 accedere tramite link.<br>PIZZER\u00cdA NOTRIS non revisioner\u00e0 o controller\u00e0 in alcun modo il contenuto di altri siti web, n\u00e9<br>approva, rivede o approva i prodotti e i servizi, i contenuti, i file e qualsiasi altro materiale<br>esistenti su tali siti collegati.<br>PIZZER\u00cdA NOTRIS non si assume alcuna responsabilit\u00e0 per eventuali danni che potrebbero verificarsi.<br>per l'accesso, l'uso, la qualit\u00e0 o la legittimit\u00e0 dei contenuti, delle comunicazioni, delle opinioni, dei prodotti e dei servizi di<br>siti web non gestiti da PIZZER\u00cdA NOTRIS e collegati al presente Sito.<br>L'Utente o un terzo che crea un collegamento ipertestuale da una pagina web di un altro sito web, diverso, al Sito web<br>Il sito web della PIZZERIA NOTRIS dovrebbe saperlo:<br>La riproduzione - totale o parziale - di qualsiasi Contenuto e\/o Servizio del Sito non \u00e8 consentita.<br>Sito web senza l'espressa autorizzazione di PIZZER\u00cdA NOTRIS.<br>Nessuna dichiarazione falsa, imprecisa o errata sulla PIZZER\u00cdA<br>NOTRIS, n\u00e9 il Contenuto e\/o i Servizi in esso contenuti.<br>Ad eccezione del collegamento ipertestuale, il sito web su cui \u00e8 stato creato tale collegamento ipertestuale non deve contenere alcuna<br>elemento di questo Sito web, che \u00e8 protetto come propriet\u00e0 intellettuale dalla legge spagnola,<br>se non espressamente autorizzato da PIZZER\u00cdA NOTRIS.<br>La creazione del collegamento ipertestuale non implica l'esistenza di alcuna relazione tra PIZZER\u00cdA NOTRIS e l'utente.<br>proprietario del sito web da cui viene effettuata, n\u00e9 la conoscenza e l'accettazione da parte di PIZZER\u00cdA NOTRIS della<br>contenuti, servizi e\/o attivit\u00e0 offerti su quel sito web, e viceversa.<\/p>\n\n\n\n<p>V. PROPRIET\u00c0 INTELLETTUALE E INDUSTRIALE<br>PIZZER\u00cdA NOTRIS stessa o in qualit\u00e0 di assegnatario, \u00e8 titolare di tutti i diritti di propriet\u00e0 intellettuale.<br>e dei diritti di propriet\u00e0 industriale del sito web, nonch\u00e9 degli elementi in esso contenuti (compresi, ma non solo, i diritti di propriet\u00e0 industriale).<br>immagini, immagini, suoni, audio, video, software o testi, marchi di fabbrica o loghi, combinazioni di<br>colori, struttura e design, selezione dei materiali utilizzati, programmi informatici necessari per la sua realizzazione.<br>funzionamento, accesso e utilizzo, ecc.) Pertanto, le opere di propriet\u00e0 intellettuale protette sono le seguenti<br>dall'ordinamento giuridico spagnolo, con l'applicazione della legislazione spagnola e di quella comunitaria in<br>Il governo spagnolo ha firmato una serie di trattati internazionali in questo campo, come i trattati internazionali pertinenti firmati dalla Spagna.<br>Tutti i diritti sono riservati. Ai sensi delle disposizioni della Legge sulla propriet\u00e0 intellettuale, sono riservati i seguenti diritti.<br>la riproduzione, la distribuzione e la comunicazione pubblica, anche in qualsiasi forma, sono espressamente vietate.<br>rendere disponibile tutto o parte del contenuto di questo sito web, allo scopo di<br>commerciale, su qualsiasi supporto e con qualsiasi mezzo tecnico, senza l'autorizzazione di PIZZER\u00cdA NOTRIS.<br>L'Utente si impegna a rispettare i diritti di propriet\u00e0 intellettuale e industriale di PIZZER\u00cdA<br>NOTRIS. \u00c8 possibile visualizzare gli elementi del Sito web o stamparli, copiarli e memorizzarli sul proprio computer.<br>disco rigido del vostro computer o su qualsiasi altro supporto fisico, a condizione che ci\u00f2 avvenga esclusivamente a scopo di<br>uso personale. L'Utente, tuttavia, non pu\u00f2 rimuovere, alterare o manipolare alcuno degli elementi di<br>sistema di protezione o di sicurezza installato sul Sito Web.<br>Nel caso in cui l'Utente o una terza parte ritenga che uno qualsiasi dei Contenuti del Sito web costituisca una violazione dei diritti dell'Utente o di una terza parte.<br>violazione dei diritti di protezione della propriet\u00e0 intellettuale, dovrete immediatamente informare<br>PIZZER\u00cdA NOTRIS attraverso i recapiti riportati nella sezione INFORMAZIONI GENERALI del presente Avviso.<br>Condizioni legali e generali di utilizzo.<br>VI. AZIONI LEGALI, LEGGE APPLICABILE E<br>GIURISDIZIONE<br>PIZZERIA NOTRIS si riserva il diritto di intraprendere qualsiasi azione civile o penale che ritenga opportuna.<br>necessario per l'uso improprio del Sito Web e dei suoi Contenuti, o per la violazione delle presenti Condizioni d'uso.<br>Condizioni.<br>Il rapporto tra l'Utente e PIZZER\u00cdA NOTRIS sar\u00e0 regolato dalle norme vigenti e applicabili alla<br>territorio spagnolo. In caso di controversie relative all'interpretazione e\/o all'applicazione del presente documento<br>queste Condizioni, le parti sottoporranno le loro controversie ai tribunali ordinari sottoponendosi ai giudici<br>e i tribunali in conformit\u00e0 con la legge.<br>Il presente documento di Avviso Legale e Condizioni Generali d'uso del sito web \u00e8 stato creato mediante l'uso di<br>generatore di modello di avviso legale e termini di utilizzo online il 19\/07\/2022.<\/p>","protected":false},"excerpt":{"rendered":"<p>CONDIZIONI GENERALI DI UTILIZZO pizzerianotris.es I. INFORMAZIONI GENERALIIn ottemperanza all'obbligo di informazione previsto dalla Legge 34\/2002 dei Servizi della Societ\u00e0 dell'Informazione e del Commercio Elettronico (LSSI-CE) dell'11 luglio, si forniscono di seguito le seguenti informazioni generali su questo sito web:Il proprietario di questo sito web, pizzerianotris.es, (di seguito, \"pizzerianotris.es\"), (di seguito, ...<\/p>\n<p class=\"read-more\"> <a class=\"\" href=\"https:\/\/pizzerianotris.es\/it\/aviso-legal-y-condiciones\/\"> <span class=\"screen-reader-text\">Nota legale e condizioni<\/span> Per saperne di pi\u00f9 \"<\/a><\/p>","protected":false},"author":1,"featured_media":0,"parent":0,"menu_order":0,"comment_status":"closed","ping_status":"closed","template":"","meta":{"om_disable_all_campaigns":false,"_monsterinsights_skip_tracking":false,"_monsterinsights_sitenote_active":false,"_monsterinsights_sitenote_note":"","_monsterinsights_sitenote_category":0,"site-sidebar-layout":"default","site-content-layout":"default","ast-global-header-display":"","ast-main-header-display":"","ast-hfb-above-header-display":"","ast-hfb-below-header-display":"","ast-hfb-mobile-header-display":"","site-post-title":"","ast-breadcrumbs-content":"","ast-featured-img":"","footer-sml-layout":"","theme-transparent-header-meta":"","adv-header-id-meta":"","stick-header-meta":"","header-above-stick-meta":"","header-main-stick-meta":"","header-below-stick-meta":""},"yoast_head":"<!-- This site is optimized with the Yoast SEO plugin v20.5 - https:\/\/yoast.com\/wordpress\/plugins\/seo\/ -->\n<title>Aviso legal y condiciones -<\/title>\n<meta name=\"robots\" content=\"index, follow, max-snippet:-1, max-image-preview:large, max-video-preview:-1\" \/>\n<link rel=\"canonical\" href=\"https:\/\/pizzerianotris.es\/it\/aviso-legal-y-condiciones\/\" \/>\n<meta property=\"og:locale\" content=\"it_IT\" \/>\n<meta property=\"og:type\" content=\"article\" \/>\n<meta property=\"og:title\" content=\"Aviso legal y condiciones -\" \/>\n<meta property=\"og:description\" content=\"GENERALES DE USO pizzerianotris.es I. INFORMACI\u00d3N GENERALEn cumplimiento con el deber de informaci\u00f3n dispuesto en la Ley 34\/2002 de Servicios de la Sociedad dela Informaci\u00f3n y el Comercio Electr\u00f3nico (LSSI-CE) de 11 de julio, se facilitan a continuaci\u00f3n los siguientesdatos de informaci\u00f3n general de este sitio web:La titularidad de este sitio web, pizzerianotris.es, (en adelante, &hellip; Aviso legal y condiciones Leggi altro &raquo;\" \/>\n<meta property=\"og:url\" content=\"https:\/\/pizzerianotris.es\/it\/aviso-legal-y-condiciones\/\" \/>\n<meta property=\"article:modified_time\" content=\"2022-09-12T17:58:01+00:00\" \/>\n<meta name=\"twitter:card\" content=\"summary_large_image\" \/>\n<meta name=\"twitter:label1\" content=\"Tempo di lettura stimato\" \/>\n\t<meta name=\"twitter:data1\" content=\"9 minuti\" \/>\n<script type=\"application\/ld+json\" class=\"yoast-schema-graph\">{\"@context\":\"https:\/\/schema.org\",\"@graph\":[{\"@type\":\"WebPage\",\"@id\":\"https:\/\/pizzerianotris.es\/aviso-legal-y-condiciones\/\",\"url\":\"https:\/\/pizzerianotris.es\/aviso-legal-y-condiciones\/\",\"name\":\"Aviso legal y condiciones -\",\"isPartOf\":{\"@id\":\"https:\/\/pizzerianotris.es\/#website\"},\"datePublished\":\"2022-07-20T09:59:56+00:00\",\"dateModified\":\"2022-09-12T17:58:01+00:00\",\"breadcrumb\":{\"@id\":\"https:\/\/pizzerianotris.es\/aviso-legal-y-condiciones\/#breadcrumb\"},\"inLanguage\":\"it-IT\",\"potentialAction\":[{\"@type\":\"ReadAction\",\"target\":[\"https:\/\/pizzerianotris.es\/aviso-legal-y-condiciones\/\"]}]},{\"@type\":\"BreadcrumbList\",\"@id\":\"https:\/\/pizzerianotris.es\/aviso-legal-y-condiciones\/#breadcrumb\",\"itemListElement\":[{\"@type\":\"ListItem\",\"position\":1,\"name\":\"Portada\",\"item\":\"https:\/\/pizzerianotris.es\/\"},{\"@type\":\"ListItem\",\"position\":2,\"name\":\"Aviso legal y condiciones\"}]},{\"@type\":\"WebSite\",\"@id\":\"https:\/\/pizzerianotris.es\/#website\",\"url\":\"https:\/\/pizzerianotris.es\/\",\"name\":\"\",\"description\":\"Otro sitio realizado con WordPress\",\"potentialAction\":[{\"@type\":\"SearchAction\",\"target\":{\"@type\":\"EntryPoint\",\"urlTemplate\":\"https:\/\/pizzerianotris.es\/?s={search_term_string}\"},\"query-input\":\"required name=search_term_string\"}],\"inLanguage\":\"it-IT\"}]}<\/script>\n<!-- \/ Yoast SEO plugin. -->","yoast_head_json":{"title":"Aviso legal y condiciones -","robots":{"index":"index","follow":"follow","max-snippet":"max-snippet:-1","max-image-preview":"max-image-preview:large","max-video-preview":"max-video-preview:-1"},"canonical":"https:\/\/pizzerianotris.es\/it\/aviso-legal-y-condiciones\/","og_locale":"it_IT","og_type":"article","og_title":"Aviso legal y condiciones -","og_description":"GENERALES DE USO pizzerianotris.es I. INFORMACI\u00d3N GENERALEn cumplimiento con el deber de informaci\u00f3n dispuesto en la Ley 34\/2002 de Servicios de la Sociedad dela Informaci\u00f3n y el Comercio Electr\u00f3nico (LSSI-CE) de 11 de julio, se facilitan a continuaci\u00f3n los siguientesdatos de informaci\u00f3n general de este sitio web:La titularidad de este sitio web, pizzerianotris.es, (en adelante, &hellip; Aviso legal y condiciones Leggi altro &raquo;","og_url":"https:\/\/pizzerianotris.es\/it\/aviso-legal-y-condiciones\/","article_modified_time":"2022-09-12T17:58:01+00:00","twitter_card":"summary_large_image","twitter_misc":{"Tempo di lettura stimato":"9 minuti"},"schema":{"@context":"https:\/\/schema.org","@graph":[{"@type":"WebPage","@id":"https:\/\/pizzerianotris.es\/aviso-legal-y-condiciones\/","url":"https:\/\/pizzerianotris.es\/aviso-legal-y-condiciones\/","name":"Aviso legal y condiciones -","isPartOf":{"@id":"https:\/\/pizzerianotris.es\/#website"},"datePublished":"2022-07-20T09:59:56+00:00","dateModified":"2022-09-12T17:58:01+00:00","breadcrumb":{"@id":"https:\/\/pizzerianotris.es\/aviso-legal-y-condiciones\/#breadcrumb"},"inLanguage":"it-IT","potentialAction":[{"@type":"ReadAction","target":["https:\/\/pizzerianotris.es\/aviso-legal-y-condiciones\/"]}]},{"@type":"BreadcrumbList","@id":"https:\/\/pizzerianotris.es\/aviso-legal-y-condiciones\/#breadcrumb","itemListElement":[{"@type":"ListItem","position":1,"name":"Portada","item":"https:\/\/pizzerianotris.es\/"},{"@type":"ListItem","position":2,"name":"Aviso legal y condiciones"}]},{"@type":"WebSite","@id":"https:\/\/pizzerianotris.es\/#website","url":"https:\/\/pizzerianotris.es\/","name":"","description":"Otro sitio realizado con WordPress","potentialAction":[{"@type":"SearchAction","target":{"@type":"EntryPoint","urlTemplate":"https:\/\/pizzerianotris.es\/?s={search_term_string}"},"query-input":"required name=search_term_string"}],"inLanguage":"it-IT"}]}},"_links":{"self":[{"href":"https:\/\/pizzerianotris.es\/it\/wp-json\/wp\/v2\/pages\/1064"}],"collection":[{"href":"https:\/\/pizzerianotris.es\/it\/wp-json\/wp\/v2\/pages"}],"about":[{"href":"https:\/\/pizzerianotris.es\/it\/wp-json\/wp\/v2\/types\/page"}],"author":[{"embeddable":true,"href":"https:\/\/pizzerianotris.es\/it\/wp-json\/wp\/v2\/users\/1"}],"replies":[{"embeddable":true,"href":"https:\/\/pizzerianotris.es\/it\/wp-json\/wp\/v2\/comments?post=1064"}],"version-history":[{"count":2,"href":"https:\/\/pizzerianotris.es\/it\/wp-json\/wp\/v2\/pages\/1064\/revisions"}],"predecessor-version":[{"id":1272,"href":"https:\/\/pizzerianotris.es\/it\/wp-json\/wp\/v2\/pages\/1064\/revisions\/1272"}],"wp:attachment":[{"href":"https:\/\/pizzerianotris.es\/it\/wp-json\/wp\/v2\/media?parent=1064"}],"curies":[{"name":"wp","href":"https:\/\/api.w.org\/{rel}","templated":true}]}}