{"id":3,"date":"2022-06-07T09:13:45","date_gmt":"2022-06-07T09:13:45","guid":{"rendered":"http:\/\/pizzerianotris.es\/?page_id=3"},"modified":"2023-04-24T13:53:44","modified_gmt":"2023-04-24T13:53:44","slug":"politica-privacidad","status":"publish","type":"page","link":"https:\/\/pizzerianotris.es\/it\/politica-privacidad\/","title":{"rendered":"Informativa sulla privacy"},"content":{"rendered":"<p>I. POLITICA SULLA PRIVACY E SULLA PROTEZIONE DEI DATI<br>In conformit\u00e0 alla normativa vigente, PIZZER\u00cdA NOTRIS (di seguito, anche il Sito) \u00e8<br>si impegna ad adottare le misure tecniche e organizzative necessarie, in funzione del livello di sicurezza<br>adeguato al rischio dei dati raccolti.<br>Leggi incorporate nella presente informativa sulla privacy<br>La presente informativa sulla privacy \u00e8 adeguata alla legislazione spagnola ed europea vigente in materia di privacy e protezione dei dati.<br>protezione dei dati personali su Internet. In particolare, rispetta le seguenti regole:<br>Regolamento (UE) 2016\/679 del Parlamento europeo e del Consiglio del 27 aprile 2016 relativo a.<br>protezione delle persone fisiche in relazione al trattamento dei dati personali e alla tutela della privacy.<br>libera circolazione di tali dati (GDPR).<br>Legge organica 3\/2018, del 5 dicembre, sulla protezione dei dati personali e sulla garanzia di protezione dei dati personali.<br>diritti digitali (LOPD-GDD).<br>Regio decreto 1720\/2007, del 21 dicembre 2007, che approva il regolamento di attuazione.<br>della Legge organica 15\/1999, del 13 dicembre, sulla protezione dei dati personali.<br>(RDLOPD).<br>Legge 34\/2002, dell'11 luglio, sui servizi della societ\u00e0 dell'informazione e del commercio (Ley 34\/2002, de 11 de julio, de Servicios de la Sociedad de la Informaci\u00f3n y de Comercio).<br>Elettronico (LSSI-CE).<br>Identit\u00e0 del responsabile del trattamento dei dati personali<br>Il responsabile del trattamento dei dati personali raccolti da PIZZER\u00cdA NOTRIS \u00e8: NOTRIS<br>DELICIAS MEDITERR\u00c1NEAS, con numero di identificazione fiscale: B66929878 e iscritta nel: Registro Mercantile A di<br>Barcellona con i seguenti dati anagrafici: Tom\u00f3 0, Pagina 1, il cui rappresentante \u00e8: Nino Ziu (presso<br>di seguito denominato Titolare del trattamento). I suoi dati di contatto sono i seguenti:<br>Indirizzo: Plaza Mar\u00eda Assumpte n\u00b0 3<br>Telefono di contatto: 637648155<br>Email di contatto: notrisb10@gmail.com<br>Registro dei dati personali<br>In ottemperanza alle disposizioni del RGPD e della LOPD-GDD, vi informiamo che i dati personali<br>raccolti da PIZZER\u00cdA NOTRIS, tramite i moduli presenti nelle sue pagine, rimarranno<br>e saranno trattati nel nostro archivio al fine di facilitare, velocizzare e rispettare i nostri obblighi.<br>impegni stabiliti tra PIZZER\u00cdA NOTRIS e l'Utente o il mantenimento del rapporto stabilito tra PIZZER\u00cdA NOTRIS e l'Utente o il mantenimento del rapporto stabilito tra PIZZER\u00cdA NOTRIS e l'Utente.<\/p>\n\n\n\n<p>L'interessato pu\u00f2 inoltre utilizzare le informazioni fornite nei moduli che compila o per rispondere a una sua richiesta o domanda.<br>Allo stesso modo, in conformit\u00e0 con le disposizioni del RGPD e della LOPD-GDD, tranne nel caso in cui la<br>eccezione prevista dall'articolo 30, paragrafo 5, del GDPR, viene mantenuto un registro delle attivit\u00e0 di trattamento<br>che specifica, in base alle loro finalit\u00e0, le attivit\u00e0 di trattamento svolte e gli altri trattamenti effettuati.<br>circostanze previste dal GDPR.<br>Principi applicabili al trattamento dei dati personali<br>Il trattamento dei dati personali dell'Utente sar\u00e0 soggetto ai seguenti principi stabiliti nel<br>Articolo 5 del GDPR e articoli 4 e seguenti della Legge organica 3\/2018, del 5 dicembre, di<br>Protezione dei dati personali e garanzia dei diritti digitali:<br>Principio di legalit\u00e0, correttezza e trasparenza: il consenso della persona interessata deve essere sempre richiesto.<br>L'utente dopo aver ricevuto informazioni completamente trasparenti sulle finalit\u00e0 per cui i dati vengono raccolti.<br>dati personali.<br>Principio di limitazione delle finalit\u00e0: i dati personali saranno raccolti per finalit\u00e0 specifiche,<br>esplicito e legittimo.<br>Principio di minimizzazione dei dati: i dati personali raccolti saranno solo quelli necessari per le finalit\u00e0 del progetto.<br>strettamente necessari in relazione alle finalit\u00e0 per le quali sono trattati.<br>Principio di accuratezza: i dati personali devono essere accurati e sempre aggiornati.<br>Principio di limitazione del periodo di conservazione: i dati personali saranno conservati solo per un periodo di tempo di<br>in modo da consentire l'identificazione dell'Utente per il tempo necessario ai fini dell'utilizzo da parte dell'Utente stesso.<br>trattamento.<br>Principio dell'integrit\u00e0 e della riservatezza: i dati personali sono trattati in modo da garantire che siano<br>garantire la loro sicurezza e riservatezza.<br>Principio di responsabilit\u00e0 proattiva: il Controllore \u00e8 responsabile di garantire che<br>che i principi di cui sopra siano rispettati.<br>Categorie di dati personali<br>Le categorie di dati trattati da PIZZER\u00cdA NOTRIS sono esclusivamente dati identificativi. In nessun caso<br>vengono trattate categorie particolari di dati personali ai sensi dell'articolo 9 del GDPR.<br>Base giuridica per il trattamento dei dati personali<br>La base giuridica del trattamento dei dati personali \u00e8 il consenso. PIZZERIA NOTRIS<br>si impegna a ottenere il consenso espresso e verificabile dell'Utente per il trattamento dei suoi dati personali.<br>dati personali per una o pi\u00f9 finalit\u00e0 specifiche.<br>L'Utente avr\u00e0 il diritto di revocare il proprio consenso in qualsiasi momento. La revoca del consenso sar\u00e0 altrettanto semplice<br>consenso come darlo. Come regola generale, la revoca del consenso non condiziona l'utilizzo del<br>Sito web.<br>In quelle occasioni in cui l'Utente deve o pu\u00f2 fornire i propri dati attraverso i moduli allo scopo di<br>richieste di informazioni o per motivi legati al contenuto del sito web, vi verr\u00e0 chiesto il vostro consenso.<br>informare nel caso in cui la compilazione di uno di essi sia obbligatoria per il fatto che lo stesso<br>sono essenziali per il corretto svolgimento dell'operazione effettuata.<br>Finalit\u00e0 del trattamento per cui vengono utilizzati i dati personali<br>I dati personali sono raccolti e gestiti da PIZZER\u00cdA NOTRIS al fine di fornire,<br>accelerare e rispettare gli impegni assunti tra il Sito e l'Utente o il mantenimento del sito web.<\/p>\n\n\n\n<p>rapporto stabilito nei moduli compilati da quest'ultimo o al fine di soddisfare una richiesta o una<br>consultazione.<br>Allo stesso modo, i dati potranno essere utilizzati per finalit\u00e0 commerciali di personalizzazione, operazioni e<br>statistiche e attivit\u00e0 che rientrano nell'oggetto sociale di PIZZER\u00cdA NOTRIS, nonch\u00e9 per l'estrazione,<br>archiviazione dei dati e ricerche di marketing per adattare il Contenuto offerto all'Utente, nonch\u00e9<br>come migliorare la qualit\u00e0, le prestazioni e la navigazione del Sito web.<br>Al momento della raccolta dei dati personali, l'Utente sar\u00e0 informato delle finalit\u00e0 della raccolta.<br>le specifiche del trattamento per il quale i dati personali saranno utilizzati, vale a dire l'uso o gli usi per i quali i dati personali saranno utilizzati<br>alle informazioni raccolte.<br>Periodi di conservazione dei dati personali<br>I dati personali saranno conservati solo per il tempo minimo necessario alle finalit\u00e0 per cui sono stati raccolti.<br>trattamento e, in ogni caso, solo per il seguente periodo: 18 mesi, o fino a quando l'Utente<br>richiedere la sua cancellazione.<br>Al momento dell'acquisizione dei dati personali, l'Utente sar\u00e0 informato del periodo di tempo durante il quale potr\u00e0 accedere ai dati personali.<br>per i quali i dati personali saranno conservati o, qualora ci\u00f2 non sia possibile, i criteri utilizzati per<br>determinare questa scadenza.<br>Destinatari dei dati personali<br>I dati personali dell'Utente saranno condivisi con i seguenti destinatari o categorie di destinatari<br>destinatari:<\/p>\n\n\n\n<p>Nel caso in cui il Titolare intenda trasferire i dati personali a terzi, il Titolare pu\u00f2 trasferire i dati a terzi.<br>paese terzo o di un'organizzazione internazionale, nel momento in cui i dati personali vengono ottenuti, \u00e8<br>informare l'Utente sul paese terzo o sull'organizzazione internazionale a cui si intende rivolgersi<br>trasferimento dei dati, nonch\u00e9 l'esistenza o meno di una decisione di adeguatezza da parte della Commissione.<br>Dati personali dei minori<br>Rispettando le disposizioni degli articoli 8 del GDPR e 7 della Legge Organica 3\/2018, del 5 dicembre,<br>di protezione dei dati personali e di garanzia dei diritti digitali, solo chi ha pi\u00f9 di 14 anni<br>possono dare il loro consenso al trattamento dei loro dati personali in modo lecito da parte di PIZZER\u00cdA<br>NOTRIS. Nel caso di un minore di 14 anni, \u00e8 necessario il consenso del genitore o di chi ne fa le veci per<br>trattamento, e tale trattamento sar\u00e0 lecito solo nella misura in cui essi vi abbiano acconsentito.<br>Segretezza e sicurezza dei dati personali<br>PIZZER\u00cdA NOTRIS si impegna ad adottare le misure tecniche e organizzative necessarie, in base al livello<br>misure di sicurezza adeguate al rischio dei dati raccolti, in modo da garantire la sicurezza dei dati stessi.<br>i dati personali e si impedisce la distruzione, la perdita o l'alterazione accidentale o illegale dei dati stessi<br>i dati personali trasmessi, memorizzati o altrimenti trattati, o la comunicazione o l'accesso non autorizzato<br>a tali dati.<br>Il sito Web dispone di un certificato SSL (Secure Socket Layer), che garantisce la protezione dei dati personali da accessi non autorizzati.<br>trasmessi in modo sicuro e riservato, poich\u00e9 la trasmissione dei dati avviene tra il server e l'Utente,<\/p>\n\n\n\n<p>e in feedback, completamente criptati o criptati.<br>Tuttavia, poich\u00e9 PIZZER\u00cdA NOTRIS non pu\u00f2 garantire l'inespugnabilit\u00e0 di Internet n\u00e9 il<br>totale assenza di hacker o di altri soggetti che accedano fraudolentemente ai dati personali, il Titolare del Trattamento<br>il titolare del trattamento si impegna a notificare all'Utente, senza ritardi ingiustificati, il verificarsi di una violazione<br>sicurezza dei dati personali che possono comportare un rischio elevato per i diritti e le libert\u00e0 delle persone e per la sicurezza dei loro dati personali.<br>libert\u00e0 delle persone fisiche. In conformit\u00e0 alle disposizioni dell'articolo 4 del GDPR, si intende per<br>violazione della sicurezza dei dati personali qualsiasi violazione della sicurezza che comporti la perdita di dati personali.<br>la distruzione accidentale o illegale, la perdita o l'alterazione accidentale o illegale dei dati personali trasmessi, conservati o memorizzati in un sistema di recupero.<br>altrimenti trattati, o la comunicazione o l'accesso non autorizzati a tali dati.<br>I dati personali saranno trattati in modo riservato dal Titolare del trattamento, che sar\u00e0 responsabile del trattamento dei dati personali.<br>si impegna a informare e a garantire, attraverso un obbligo legale o contrattuale, che tale<br>La riservatezza \u00e8 rispettata dai suoi dipendenti, dai suoi partner e da chiunque renda disponibili le informazioni.<br>informazioni.<br>Diritti derivanti dal trattamento dei dati personali<br>L'Utente ha nei confronti di PIZZERIA NOTRIS e pu\u00f2, pertanto, esercitare i seguenti diritti nei confronti del Titolare del trattamento<br>i seguenti diritti riconosciuti dal GDPR e dalla Legge Organica 3\/2018, del 5 dicembre, di<br>Protezione dei dati personali e garanzia dei diritti digitali:<br>Diritto di accesso: L'Utente ha il diritto di ottenere conferma se PIZZER\u00cdA NOTRIS \u00e8<br>se sta trattando o meno i vostri dati personali e, in tal caso, per ottenere informazioni sui vostri dati personali.<br>e del trattamento che PIZZER\u00cdA NOTRIS ha effettuato o effettuer\u00e0, nonch\u00e9 del trattamento dei dati personali.<br>nonch\u00e9, tra l'altro, delle informazioni disponibili sull'origine di tali dati e sui destinatari di tali dati, e<br>comunicazioni effettuate o pianificate per loro.<br>Diritto di rettifica: L'Utente ha il diritto di far modificare i propri dati personali.<br>si rivelino inesatti o, tenuto conto delle finalit\u00e0 del trattamento, incompleti.<br>Diritto di cancellazione (il \"diritto all'oblio\"): Si tratta di un diritto dell'Utente, a condizione che la legislazione<br>non diversamente previsto, di ottenere la cancellazione dei propri dati personali qualora tali dati siano gi\u00e0<br>non sono necessari per le finalit\u00e0 per cui sono stati raccolti o trattati; l'Utente ha<br>ha revocato il consenso al trattamento e non sussiste altra base giuridica per il trattamento; l'Utente si oppone al trattamento; oppure<br>trattamento e non sussiste alcun altro motivo legittimo per continuare il trattamento; i dati personali<br>i dati personali sono stati trattati in modo illecito; i dati personali devono essere cancellati in conformit\u00e0 con un<br>obblighi di legge; oppure i dati personali sono stati ottenuti come risultato di un'offerta diretta da parte di<br>servizi della societ\u00e0 dell'informazione a un minore di 14 anni. Oltre a cancellare i dati, il<br>Controllore, tenendo conto della tecnologia disponibile e del costo del loro<br>attuazione, dovr\u00e0 adottare misure ragionevoli per informare i responsabili del trattamento delle informazioni che<br>i dati personali della richiesta dell'interessato di cancellazione di qualsiasi link a tali dati<br>personale.<br>Diritto alla limitazione del trattamento: l'Utente ha il diritto di limitare il trattamento dei propri dati personali.<br>dati personali. L'Utente ha il diritto di ottenere la limitazione del trattamento quando contesta<br>l'esattezza dei loro dati personali; il trattamento \u00e8 illecito; il Titolare non \u00e8 pi\u00f9 in grado di trattare i loro dati personali<br>ha bisogno dei dati personali, ma l'Utente ne ha bisogno per avanzare richieste di risarcimento; e quando l'Utente ha bisogno dei dati personali per avanzare richieste di risarcimento; e quando l'Utente ha bisogno dei dati personali per avanzare richieste di risarcimento.<br>L'utente si \u00e8 opposto al trattamento.<br>Diritto alla portabilit\u00e0 dei dati: Nel caso in cui il trattamento venga effettuato tramite<br>sistemi automatizzati, l'Utente avr\u00e0 il diritto di ricevere dal Titolare del trattamento i propri dati<br>dati personali in un formato strutturato, comunemente utilizzato e leggibile da una macchina, e di trasmetterli a un'altra persona.<br>controllore. Ove tecnicamente fattibile, il Titolare del trattamento fornir\u00e0 all'interessato le seguenti informazioni<br>trasmettere i dati direttamente all'altro controllore.<br>Diritto di opposizione: Si tratta del diritto dell'Utente di non far trattare i propri dati.<br>dati personali o la cessazione del loro trattamento da parte di PIZZER\u00cdA NOTRIS.<\/p>\n\n\n\n<p>Il diritto di non essere oggetto di una decisione basata esclusivamente sul trattamento automatizzato,<br>compresa la profilazione: si tratta del diritto dell'Utente a non essere sottoposto a una decisione<br>basati esclusivamente sul trattamento automatizzato dei vostri dati personali,<br>compresa la profilazione, esistenti, a meno che non sia previsto diversamente dalla legislazione vigente.<br>Pertanto, l'Utente potr\u00e0 esercitare i propri diritti mediante comunicazione scritta indirizzata al Titolare del trattamento.<br>del trattamento con il riferimento \"RGPD-pizzerianotris.es\", specificando:<br>Nome, cognome dell'Utente e copia della carta d'identit\u00e0. Nel caso in cui sia ammessa la rappresentanza, questa dovr\u00e0 essere<br>\u00e8 necessaria anche l'identificazione con lo stesso mezzo della persona che rappresenta l'Utente, nonch\u00e9 l'identificazione con lo stesso mezzo della persona che rappresenta l'Utente, come segue<br>nonch\u00e9 il documento di accreditamento della rappresentanza. La fotocopia del DNI pu\u00f2 essere sostituita da<br>qualsiasi altro mezzo legalmente valido per dimostrare la propria identit\u00e0.<br>Richiesta con motivazioni specifiche per la richiesta o per l'accesso alle informazioni.<br>Indirizzo per le notifiche.<br>Data e firma del richiedente.<br>Qualsiasi documento a sostegno della richiesta.<br>La presente domanda e gli eventuali documenti di accompagnamento possono essere inviati al seguente indirizzo e\/o indirizzo e-mail:<br>Indirizzo postale: Plaza Mar\u00eda Assumpte n\u00b0 3<br>E-mail: notrisb10@gmail.com<br>Link a siti web di terzi<br>Il Sito pu\u00f2 contenere collegamenti ipertestuali o link a siti web di terzi.<br>diversi da PIZZER\u00cdA NOTRIS, e che pertanto non sono gestiti da PIZZER\u00cdA NOTRIS. I proprietari di<br>tali siti web avranno le proprie politiche di protezione dei dati, essendo essi stessi, in ogni caso, responsabili della protezione dei dati personali.<br>responsabili dei propri file e delle proprie pratiche di privacy.<br>Reclami all'autorit\u00e0 di vigilanza<br>Nel caso in cui l'Utente ritenga che vi sia un problema o una violazione delle norme in vigore nella<br>il modo in cui i vostri dati personali vengono trattati, avete il diritto ad un'efficace tutela giurisdizionale e a<br>presentare un reclamo a un'autorit\u00e0 di controllo, in particolare nello Stato in cui ha sede legale.<br>residenza abituale, luogo di lavoro o luogo della presunta violazione. Nel caso della Spagna, l'autorit\u00e0<br>L'autorit\u00e0 di controllo \u00e8 l'Agenzia spagnola per la protezione dei dati (https:\/\/www.aepd.es\/).<br>II. ACCETTAZIONE E MODIFICHE DELLA PRESENTE INFORMATIVA SULLA PRIVACY<br>PRIVACY<br>\u00c8 necessario che l'Utente abbia letto e accettato i termini e le condizioni sulla protezione dei dati.<br>dati personali contenuti nella presente Informativa sulla privacy, nonch\u00e9 di accettare il trattamento dei propri dati personali.<br>dati personali affinch\u00e9 il Titolare possa procedere al trattamento con le modalit\u00e0, per la durata del trattamento, e con le modalit\u00e0, per la durata del trattamento, e con le modalit\u00e0, per la durata del trattamento.<br>le scadenze e per le finalit\u00e0 indicate. L'utilizzo del Sito implica l'accettazione dell'Informativa sulla privacy.<br>Privacy dello stesso.<br>PIZZERIA NOTRIS si riserva il diritto di modificare la propria Privacy Policy a propria discrezione.<br>o motivato da una modifica legislativa, giurisprudenziale o dottrinale dell'Agenzia spagnola per la protezione dei diritti umani e delle libert\u00e0 fondamentali.<br>Protezione dei dati. Modifiche o aggiornamenti alla presente Informativa sulla privacy non saranno notificati all'utente tramite e-mail.<br>esplicitamente all'Utente. Si raccomanda all'Utente di consultare regolarmente questa pagina per tenersi aggiornato.<br>delle ultime modifiche o aggiornamenti.<\/p>\n\n\n\n<p>La presente Informativa sulla privacy \u00e8 stata aggiornata per conformarsi al Regolamento (UE) 2016\/679 del Parlamento europeo e del Consiglio.<br>Parlamento Europeo e del Consiglio del 27 aprile 2016 sulla protezione delle persone fisiche con riferimento alla protezione delle persone fisiche con riguardo al trattamento dei dati personali e alla tutela della privacy.<br>sul trattamento dei dati personali e sulla libera circolazione di tali dati (RGPD) e il<br>Legge organica 3\/2018, del 5 dicembre, sulla protezione dei dati personali e sulla garanzia dei diritti delle persone fisiche in materia di protezione dei dati personali.<br>digitale.<br>Questo documento sulla privacy di un sito web \u00e8 stato creato utilizzando il generatore di modelli<br>dell'informativa sulla privacy online il 19\/07\/2022.<\/p>","protected":false},"excerpt":{"rendered":"<p>I. POLITICA SULLA PRIVACY E SULLA PROTEZIONE DEI DATIIn conformit\u00e0 con la legislazione vigente, PIZZER\u00cdA NOTRIS (di seguito anche Sito Web) si impegna ad adottare le misure tecniche e organizzative necessarie, secondo il livello di sicurezza adeguato al rischio dei dati raccolti.Leggi incorporate in questa politica sulla privacyQuesta politica sulla privacy \u00e8 adattata alle normative vigenti in Spagna e nell'Unione Europea, ed \u00e8 conforme ...<\/p>\n<p class=\"read-more\"> <a class=\"\" href=\"https:\/\/pizzerianotris.es\/it\/politica-privacidad\/\"> <span class=\"screen-reader-text\">Informativa sulla privacy<\/span> Per saperne di pi\u00f9 \"<\/a><\/p>","protected":false},"author":1,"featured_media":0,"parent":0,"menu_order":0,"comment_status":"closed","ping_status":"closed","template":"","meta":{"om_disable_all_campaigns":false,"_monsterinsights_skip_tracking":false,"_monsterinsights_sitenote_active":false,"_monsterinsights_sitenote_note":"","_monsterinsights_sitenote_category":0,"site-sidebar-layout":"default","site-content-layout":"default","ast-global-header-display":"","ast-main-header-display":"","ast-hfb-above-header-display":"","ast-hfb-below-header-display":"","ast-hfb-mobile-header-display":"","site-post-title":"","ast-breadcrumbs-content":"","ast-featured-img":"","footer-sml-layout":"","theme-transparent-header-meta":"","adv-header-id-meta":"","stick-header-meta":"","header-above-stick-meta":"","header-main-stick-meta":"","header-below-stick-meta":""},"yoast_head":"<!-- This site is optimized with the Yoast SEO plugin v20.5 - https:\/\/yoast.com\/wordpress\/plugins\/seo\/ -->\n<title>Pol\u00edtica de privacidad -<\/title>\n<meta name=\"robots\" content=\"index, follow, max-snippet:-1, max-image-preview:large, max-video-preview:-1\" \/>\n<link rel=\"canonical\" href=\"https:\/\/pizzerianotris.es\/it\/politica-privacidad\/\" \/>\n<meta property=\"og:locale\" content=\"it_IT\" \/>\n<meta property=\"og:type\" content=\"article\" \/>\n<meta property=\"og:title\" content=\"Pol\u00edtica de privacidad -\" \/>\n<meta property=\"og:description\" content=\"I. POL\u00cdTICA DE PRIVACIDAD Y PROTECCI\u00d3N DE DATOSRespetando lo establecido en la legislaci\u00f3n vigente, PIZZER\u00cdA NOTRIS (en adelante, tambi\u00e9n Sitio Web) secompromete a adoptar las medidas t\u00e9cnicas y organizativas necesarias, seg\u00fan el nivel de seguridadadecuado al riesgo de los datos recogidos.Leyes que incorpora esta pol\u00edtica de privacidadEsta pol\u00edtica de privacidad est\u00e1 adaptada a la normativa &hellip; Pol\u00edtica de privacidad Leggi altro &raquo;\" \/>\n<meta property=\"og:url\" content=\"https:\/\/pizzerianotris.es\/it\/politica-privacidad\/\" \/>\n<meta property=\"article:modified_time\" content=\"2023-04-24T13:53:44+00:00\" \/>\n<meta name=\"twitter:card\" content=\"summary_large_image\" \/>\n<meta name=\"twitter:label1\" content=\"Tempo di lettura stimato\" \/>\n\t<meta name=\"twitter:data1\" content=\"13 minuti\" \/>\n<script type=\"application\/ld+json\" class=\"yoast-schema-graph\">{\"@context\":\"https:\/\/schema.org\",\"@graph\":[{\"@type\":\"WebPage\",\"@id\":\"https:\/\/pizzerianotris.es\/politica-privacidad\/\",\"url\":\"https:\/\/pizzerianotris.es\/politica-privacidad\/\",\"name\":\"Pol\u00edtica de privacidad -\",\"isPartOf\":{\"@id\":\"https:\/\/pizzerianotris.es\/#website\"},\"datePublished\":\"2022-06-07T09:13:45+00:00\",\"dateModified\":\"2023-04-24T13:53:44+00:00\",\"breadcrumb\":{\"@id\":\"https:\/\/pizzerianotris.es\/politica-privacidad\/#breadcrumb\"},\"inLanguage\":\"it-IT\",\"potentialAction\":[{\"@type\":\"ReadAction\",\"target\":[\"https:\/\/pizzerianotris.es\/politica-privacidad\/\"]}]},{\"@type\":\"BreadcrumbList\",\"@id\":\"https:\/\/pizzerianotris.es\/politica-privacidad\/#breadcrumb\",\"itemListElement\":[{\"@type\":\"ListItem\",\"position\":1,\"name\":\"Portada\",\"item\":\"https:\/\/pizzerianotris.es\/\"},{\"@type\":\"ListItem\",\"position\":2,\"name\":\"Pol\u00edtica de privacidad\"}]},{\"@type\":\"WebSite\",\"@id\":\"https:\/\/pizzerianotris.es\/#website\",\"url\":\"https:\/\/pizzerianotris.es\/\",\"name\":\"\",\"description\":\"Otro sitio realizado con WordPress\",\"potentialAction\":[{\"@type\":\"SearchAction\",\"target\":{\"@type\":\"EntryPoint\",\"urlTemplate\":\"https:\/\/pizzerianotris.es\/?s={search_term_string}\"},\"query-input\":\"required name=search_term_string\"}],\"inLanguage\":\"it-IT\"}]}<\/script>\n<!-- \/ Yoast SEO plugin. -->","yoast_head_json":{"title":"Pol\u00edtica de privacidad -","robots":{"index":"index","follow":"follow","max-snippet":"max-snippet:-1","max-image-preview":"max-image-preview:large","max-video-preview":"max-video-preview:-1"},"canonical":"https:\/\/pizzerianotris.es\/it\/politica-privacidad\/","og_locale":"it_IT","og_type":"article","og_title":"Pol\u00edtica de privacidad -","og_description":"I. POL\u00cdTICA DE PRIVACIDAD Y PROTECCI\u00d3N DE DATOSRespetando lo establecido en la legislaci\u00f3n vigente, PIZZER\u00cdA NOTRIS (en adelante, tambi\u00e9n Sitio Web) secompromete a adoptar las medidas t\u00e9cnicas y organizativas necesarias, seg\u00fan el nivel de seguridadadecuado al riesgo de los datos recogidos.Leyes que incorpora esta pol\u00edtica de privacidadEsta pol\u00edtica de privacidad est\u00e1 adaptada a la normativa &hellip; Pol\u00edtica de privacidad Leggi altro &raquo;","og_url":"https:\/\/pizzerianotris.es\/it\/politica-privacidad\/","article_modified_time":"2023-04-24T13:53:44+00:00","twitter_card":"summary_large_image","twitter_misc":{"Tempo di lettura stimato":"13 minuti"},"schema":{"@context":"https:\/\/schema.org","@graph":[{"@type":"WebPage","@id":"https:\/\/pizzerianotris.es\/politica-privacidad\/","url":"https:\/\/pizzerianotris.es\/politica-privacidad\/","name":"Pol\u00edtica de privacidad -","isPartOf":{"@id":"https:\/\/pizzerianotris.es\/#website"},"datePublished":"2022-06-07T09:13:45+00:00","dateModified":"2023-04-24T13:53:44+00:00","breadcrumb":{"@id":"https:\/\/pizzerianotris.es\/politica-privacidad\/#breadcrumb"},"inLanguage":"it-IT","potentialAction":[{"@type":"ReadAction","target":["https:\/\/pizzerianotris.es\/politica-privacidad\/"]}]},{"@type":"BreadcrumbList","@id":"https:\/\/pizzerianotris.es\/politica-privacidad\/#breadcrumb","itemListElement":[{"@type":"ListItem","position":1,"name":"Portada","item":"https:\/\/pizzerianotris.es\/"},{"@type":"ListItem","position":2,"name":"Pol\u00edtica de privacidad"}]},{"@type":"WebSite","@id":"https:\/\/pizzerianotris.es\/#website","url":"https:\/\/pizzerianotris.es\/","name":"","description":"Otro sitio realizado con WordPress","potentialAction":[{"@type":"SearchAction","target":{"@type":"EntryPoint","urlTemplate":"https:\/\/pizzerianotris.es\/?s={search_term_string}"},"query-input":"required name=search_term_string"}],"inLanguage":"it-IT"}]}},"_links":{"self":[{"href":"https:\/\/pizzerianotris.es\/it\/wp-json\/wp\/v2\/pages\/3"}],"collection":[{"href":"https:\/\/pizzerianotris.es\/it\/wp-json\/wp\/v2\/pages"}],"about":[{"href":"https:\/\/pizzerianotris.es\/it\/wp-json\/wp\/v2\/types\/page"}],"author":[{"embeddable":true,"href":"https:\/\/pizzerianotris.es\/it\/wp-json\/wp\/v2\/users\/1"}],"replies":[{"embeddable":true,"href":"https:\/\/pizzerianotris.es\/it\/wp-json\/wp\/v2\/comments?post=3"}],"version-history":[{"count":1,"href":"https:\/\/pizzerianotris.es\/it\/wp-json\/wp\/v2\/pages\/3\/revisions"}],"predecessor-version":[{"id":1062,"href":"https:\/\/pizzerianotris.es\/it\/wp-json\/wp\/v2\/pages\/3\/revisions\/1062"}],"wp:attachment":[{"href":"https:\/\/pizzerianotris.es\/it\/wp-json\/wp\/v2\/media?parent=3"}],"curies":[{"name":"wp","href":"https:\/\/api.w.org\/{rel}","templated":true}]}}